{"id":20935,"date":"2021-09-14T15:26:19","date_gmt":"2021-09-14T13:26:19","guid":{"rendered":"https:\/\/mezutec.nl\/producten\/dab-tauchpumpe-4-mit-aktivem-treiber-typ-s4-3-13-1hp-kit-m230-50-40-l-ad-m-m-1-1\/"},"modified":"2021-09-14T15:26:19","modified_gmt":"2021-09-14T13:26:19","slug":"dab-tauchpumpe-4-mit-aktivem-treiber-typ-s4-3-13-1hp-kit-m230-50-40-l-ad-m-m-1-1","status":"publish","type":"product","link":"https:\/\/mezutec.nl\/de\/producten\/dab-tauchpumpe-4-mit-aktivem-treiber-typ-s4-3-13-1hp-kit-m230-50-40-l-ad-m-m-1-1\/","title":{"rendered":"DAB\u00ae Tauchpumpe 4&#8243; mit aktivem Treiber, Typ S4 3\/13 1HP KIT M230\/50 40 L + AD M\/M 1.1"},"content":{"rendered":"<h3>S4 DAB\u00ae Brunnenpumpe mit aktivem Treiber<\/h3>\n<p>Die DAB Brunnenpumpe &#8220;4&#8221; ist eine mehrstufige Zentrifugalbrunnenpumpe zum F\u00f6rdern, Verteilen und Druckbeaufschlagen des Wassers. Geeignet f\u00fcr den privaten und industriellen Bereich wie Bew\u00e4sserungssysteme, Feuerl\u00f6schanlagen, Brunnen und Waschanlagen. Eine gebrauchsfertige Installation und einfach zu installieren.<br \/>\nEine vielseitige Brunnenpumpe aus rostfreiem Stahl AISI 304 mit eingebautem R\u00fcckschlagventil aus Edelstahl im Ventilgeh\u00e4use. Der zweipolige Asynchron-Tauchmotor ist ebenfalls vollst\u00e4ndig aus rostfreiem Stahl AISI 304 gefertigt.<br \/>\nDer DAB Active Treiber ist eine voll integrierte Pumpensteuerung, die mit einer Drehzahlregelung, einem Druckmessumformer und einem Durchflusssensor ausgestattet ist. So wird auch bei schwankendem Wasserverbrauch ein konstanter Druck gew\u00e4hrleistet. Mit dem DAB Active Treiber ist die Pumpe gegen verschiedene Probleme wie Trockenlauf des Motors, \u00dcberlastung des Motors, \u00dcberhitzung der Elektronik und Abweichungen in der Versorgungsspannung gesch\u00fctzt.<br \/>\nDie zu f\u00f6rdernde Fl\u00fcssigkeit muss sauber, frei von festen oder abrasiven Stoffen, chemisch neutral und so nah wie m\u00f6glich an den Eigenschaften von Wasser sein.     <\/p>\n<p>Motorschutzklasse: IP68<br \/>\nIsolationsklasse: F<br \/>\nFl\u00fcssigkeitstemperatur: von 0 Grad bis + 40 Grad<br \/>\nMaximaler Sandgehalt: 150 Gramm pro m3<\/p>\n<p>Laden Sie hier das Produktblatt des <a href=\"\/wp-content\/uploads\/2021\/10\/DAB-S4-Bronpompen-KIT.pdf\" target=\"_blank\" rel=\"noopener\">DAB S4 Tauchpumpen-Kits<\/a> herunter<\/p>\n","protected":false},"excerpt":{"rendered":"<p>Eine Bohrlochpumpe wird ins Wasser gestellt und saugt das Wasser an. Die Pumpe ist so im Boden platziert, dass es keine L\u00e4rmbel\u00e4stigung gibt und sie keinen zus\u00e4tzlichen Platz einnimmt. Wird normalerweise zum Hochpumpen von Grundwasser verwendet, das dann f\u00fcr verschiedene Zwecke verwendet werden kann.<br \/>\nDiese Brunnenpumpe hat eine Kabell\u00e4nge von 30 Metern und einen Anschluss von 1 1\/4&#8243; Innengewinde. Die Pumpe hat eine Kapazit\u00e4t von 1,2 &#8211; 4,2 m3 pro Stunde bei einem Mwk von bis zu 7,2 Metern. Der maximale Betriebsdruck dieser Pumpe betr\u00e4gt 6,8 bar.    <\/p>\n","protected":false},"featured_media":20423,"template":"","meta":{"_acf_changed":false,"postBodyCss":"","postBodyMargin":[],"postBodyPadding":[],"postBodyBackground":{"backgroundType":"classic","gradient":""}},"product_cat":[556,559],"product_tag":[],"class_list":{"0":"post-20935","1":"product","2":"type-product","3":"status-publish","4":"has-post-thumbnail","6":"product_cat-pumpe","7":"product_cat-quellprodukte","8":"product_shipping_class-paketdienst","10":"first","11":"instock","12":"taxable","13":"shipping-taxable","14":"purchasable","15":"product-type-simple","swatches":"rey-swatches","show_selected":""},"acf":[],"yoast_head":"<!-- This site is optimized with the Yoast SEO plugin v27.3 - https:\/\/yoast.com\/product\/yoast-seo-wordpress\/ -->\n<title>DAB\u00ae Brunnenpumpe 4&quot; mit aktivem Treiber - Mezutec Waterzuiveringssystemen<\/title>\n<meta name=\"description\" content=\"Die DAB Brunnenpumpe &quot;4&quot; ist eine mehrstufige Zentrifugalbrunnenpumpe zum F\u00f6rdern, Verteilen und Druckbeaufschlagen des Wassers.\" \/>\n<meta name=\"robots\" content=\"index, follow, max-snippet:-1, max-image-preview:large, max-video-preview:-1\" \/>\n<link rel=\"canonical\" href=\"https:\/\/mezutec.nl\/de\/producten\/dab-tauchpumpe-4-mit-aktivem-treiber-typ-s4-3-13-1hp-kit-m230-50-40-l-ad-m-m-1-1\/\" \/>\n<meta property=\"og:locale\" content=\"de_DE\" \/>\n<meta property=\"og:type\" content=\"article\" \/>\n<meta property=\"og:title\" content=\"DAB\u00ae Brunnenpumpe 4&quot; mit aktivem Treiber - Mezutec Waterzuiveringssystemen\" \/>\n<meta property=\"og:description\" content=\"Die DAB Brunnenpumpe &quot;4&quot; ist eine mehrstufige Zentrifugalbrunnenpumpe zum F\u00f6rdern, Verteilen und Druckbeaufschlagen des Wassers.\" \/>\n<meta property=\"og:url\" content=\"https:\/\/mezutec.nl\/de\/producten\/dab-tauchpumpe-4-mit-aktivem-treiber-typ-s4-3-13-1hp-kit-m230-50-40-l-ad-m-m-1-1\/\" \/>\n<meta property=\"og:site_name\" content=\"Mezutec Waterzuiveringssystemen\" \/>\n<meta property=\"article:publisher\" content=\"https:\/\/www.facebook.com\/Mezutec\" \/>\n<meta property=\"og:image\" content=\"https:\/\/mezutec.nl\/wp-content\/uploads\/2021\/09\/bronpomp-dab-932556-scaled-1.jpg\" \/>\n\t<meta property=\"og:image:width\" content=\"2560\" \/>\n\t<meta property=\"og:image:height\" content=\"1950\" \/>\n\t<meta property=\"og:image:type\" content=\"image\/jpeg\" \/>\n<meta name=\"twitter:card\" content=\"summary_large_image\" \/>\n<meta name=\"twitter:label1\" content=\"Gesch\u00e4tzte Lesezeit\" \/>\n\t<meta name=\"twitter:data1\" content=\"1\u00a0Minute\" \/>\n<script type=\"application\/ld+json\" class=\"yoast-schema-graph\">{\"@context\":\"https:\\\/\\\/schema.org\",\"@graph\":[{\"@type\":\"WebPage\",\"@id\":\"https:\\\/\\\/mezutec.nl\\\/de\\\/producten\\\/dab-tauchpumpe-4-mit-aktivem-treiber-typ-s4-3-13-1hp-kit-m230-50-40-l-ad-m-m-1-1\\\/\",\"url\":\"https:\\\/\\\/mezutec.nl\\\/de\\\/producten\\\/dab-tauchpumpe-4-mit-aktivem-treiber-typ-s4-3-13-1hp-kit-m230-50-40-l-ad-m-m-1-1\\\/\",\"name\":\"DAB\u00ae Brunnenpumpe 4\\\" mit aktivem Treiber - Mezutec Waterzuiveringssystemen\",\"isPartOf\":{\"@id\":\"https:\\\/\\\/mezutec.nl\\\/de\\\/#website\"},\"primaryImageOfPage\":{\"@id\":\"https:\\\/\\\/mezutec.nl\\\/de\\\/producten\\\/dab-tauchpumpe-4-mit-aktivem-treiber-typ-s4-3-13-1hp-kit-m230-50-40-l-ad-m-m-1-1\\\/#primaryimage\"},\"image\":{\"@id\":\"https:\\\/\\\/mezutec.nl\\\/de\\\/producten\\\/dab-tauchpumpe-4-mit-aktivem-treiber-typ-s4-3-13-1hp-kit-m230-50-40-l-ad-m-m-1-1\\\/#primaryimage\"},\"thumbnailUrl\":\"https:\\\/\\\/mezutec.nl\\\/wp-content\\\/uploads\\\/2021\\\/09\\\/bronpomp-dab-932556-scaled-1.jpg\",\"datePublished\":\"2021-09-14T13:26:19+00:00\",\"description\":\"Die DAB Brunnenpumpe \\\"4\\\" ist eine mehrstufige Zentrifugalbrunnenpumpe zum F\u00f6rdern, Verteilen und Druckbeaufschlagen des Wassers.\",\"breadcrumb\":{\"@id\":\"https:\\\/\\\/mezutec.nl\\\/de\\\/producten\\\/dab-tauchpumpe-4-mit-aktivem-treiber-typ-s4-3-13-1hp-kit-m230-50-40-l-ad-m-m-1-1\\\/#breadcrumb\"},\"inLanguage\":\"de\",\"potentialAction\":[{\"@type\":\"ReadAction\",\"target\":[\"https:\\\/\\\/mezutec.nl\\\/de\\\/producten\\\/dab-tauchpumpe-4-mit-aktivem-treiber-typ-s4-3-13-1hp-kit-m230-50-40-l-ad-m-m-1-1\\\/\"]}]},{\"@type\":\"ImageObject\",\"inLanguage\":\"de\",\"@id\":\"https:\\\/\\\/mezutec.nl\\\/de\\\/producten\\\/dab-tauchpumpe-4-mit-aktivem-treiber-typ-s4-3-13-1hp-kit-m230-50-40-l-ad-m-m-1-1\\\/#primaryimage\",\"url\":\"https:\\\/\\\/mezutec.nl\\\/wp-content\\\/uploads\\\/2021\\\/09\\\/bronpomp-dab-932556-scaled-1.jpg\",\"contentUrl\":\"https:\\\/\\\/mezutec.nl\\\/wp-content\\\/uploads\\\/2021\\\/09\\\/bronpomp-dab-932556-scaled-1.jpg\",\"width\":2560,\"height\":1950,\"caption\":\"Dab-Well-Pumpe\"},{\"@type\":\"BreadcrumbList\",\"@id\":\"https:\\\/\\\/mezutec.nl\\\/de\\\/producten\\\/dab-tauchpumpe-4-mit-aktivem-treiber-typ-s4-3-13-1hp-kit-m230-50-40-l-ad-m-m-1-1\\\/#breadcrumb\",\"itemListElement\":[{\"@type\":\"ListItem\",\"position\":1,\"name\":\"Heim\",\"item\":\"https:\\\/\\\/mezutec.nl\\\/de\\\/mezutec\\\/\"},{\"@type\":\"ListItem\",\"position\":2,\"name\":\"Shop\",\"item\":\"https:\\\/\\\/mezutec.nl\\\/de\\\/shop\\\/\"},{\"@type\":\"ListItem\",\"position\":3,\"name\":\"DAB\u00ae Tauchpumpe 4&#8243; mit aktivem Treiber, Typ S4 3\\\/13 1HP KIT M230\\\/50 40 L + AD M\\\/M 1.1\"}]},{\"@type\":\"WebSite\",\"@id\":\"https:\\\/\\\/mezutec.nl\\\/de\\\/#website\",\"url\":\"https:\\\/\\\/mezutec.nl\\\/de\\\/\",\"name\":\"Mezutec Waterzuiveringssystemen\",\"description\":\"Specialist op het gebied van bron- en waterzuiveringssystemen\",\"publisher\":{\"@id\":\"https:\\\/\\\/mezutec.nl\\\/de\\\/#organization\"},\"alternateName\":\"Mezutec\",\"potentialAction\":[{\"@type\":\"SearchAction\",\"target\":{\"@type\":\"EntryPoint\",\"urlTemplate\":\"https:\\\/\\\/mezutec.nl\\\/de\\\/?s={search_term_string}\"},\"query-input\":{\"@type\":\"PropertyValueSpecification\",\"valueRequired\":true,\"valueName\":\"search_term_string\"}}],\"inLanguage\":\"de\"},{\"@type\":\"Organization\",\"@id\":\"https:\\\/\\\/mezutec.nl\\\/de\\\/#organization\",\"name\":\"Mezutec Waterzuiveringssystemen\",\"alternateName\":\"Mezutec\",\"url\":\"https:\\\/\\\/mezutec.nl\\\/de\\\/\",\"logo\":{\"@type\":\"ImageObject\",\"inLanguage\":\"de\",\"@id\":\"https:\\\/\\\/mezutec.nl\\\/de\\\/#\\\/schema\\\/logo\\\/image\\\/\",\"url\":\"https:\\\/\\\/mezutec.nl\\\/wp-content\\\/uploads\\\/2022\\\/05\\\/cropped-mezutec-logo.jpg\",\"contentUrl\":\"https:\\\/\\\/mezutec.nl\\\/wp-content\\\/uploads\\\/2022\\\/05\\\/cropped-mezutec-logo.jpg\",\"width\":500,\"height\":248,\"caption\":\"Mezutec Waterzuiveringssystemen\"},\"image\":{\"@id\":\"https:\\\/\\\/mezutec.nl\\\/de\\\/#\\\/schema\\\/logo\\\/image\\\/\"},\"sameAs\":[\"https:\\\/\\\/www.facebook.com\\\/Mezutec\"]}]}<\/script>\n<!-- \/ Yoast SEO plugin. -->","yoast_head_json":{"title":"DAB\u00ae Brunnenpumpe 4\" mit aktivem Treiber - Mezutec Waterzuiveringssystemen","description":"Die DAB Brunnenpumpe \"4\" ist eine mehrstufige Zentrifugalbrunnenpumpe zum F\u00f6rdern, Verteilen und Druckbeaufschlagen des Wassers.","robots":{"index":"index","follow":"follow","max-snippet":"max-snippet:-1","max-image-preview":"max-image-preview:large","max-video-preview":"max-video-preview:-1"},"canonical":"https:\/\/mezutec.nl\/de\/producten\/dab-tauchpumpe-4-mit-aktivem-treiber-typ-s4-3-13-1hp-kit-m230-50-40-l-ad-m-m-1-1\/","og_locale":"de_DE","og_type":"article","og_title":"DAB\u00ae Brunnenpumpe 4\" mit aktivem Treiber - Mezutec Waterzuiveringssystemen","og_description":"Die DAB Brunnenpumpe \"4\" ist eine mehrstufige Zentrifugalbrunnenpumpe zum F\u00f6rdern, Verteilen und Druckbeaufschlagen des Wassers.","og_url":"https:\/\/mezutec.nl\/de\/producten\/dab-tauchpumpe-4-mit-aktivem-treiber-typ-s4-3-13-1hp-kit-m230-50-40-l-ad-m-m-1-1\/","og_site_name":"Mezutec Waterzuiveringssystemen","article_publisher":"https:\/\/www.facebook.com\/Mezutec","og_image":[{"width":2560,"height":1950,"url":"https:\/\/mezutec.nl\/wp-content\/uploads\/2021\/09\/bronpomp-dab-932556-scaled-1.jpg","type":"image\/jpeg"}],"twitter_card":"summary_large_image","twitter_misc":{"Gesch\u00e4tzte Lesezeit":"1\u00a0Minute"},"schema":{"@context":"https:\/\/schema.org","@graph":[{"@type":"WebPage","@id":"https:\/\/mezutec.nl\/de\/producten\/dab-tauchpumpe-4-mit-aktivem-treiber-typ-s4-3-13-1hp-kit-m230-50-40-l-ad-m-m-1-1\/","url":"https:\/\/mezutec.nl\/de\/producten\/dab-tauchpumpe-4-mit-aktivem-treiber-typ-s4-3-13-1hp-kit-m230-50-40-l-ad-m-m-1-1\/","name":"DAB\u00ae Brunnenpumpe 4\" mit aktivem Treiber - Mezutec Waterzuiveringssystemen","isPartOf":{"@id":"https:\/\/mezutec.nl\/de\/#website"},"primaryImageOfPage":{"@id":"https:\/\/mezutec.nl\/de\/producten\/dab-tauchpumpe-4-mit-aktivem-treiber-typ-s4-3-13-1hp-kit-m230-50-40-l-ad-m-m-1-1\/#primaryimage"},"image":{"@id":"https:\/\/mezutec.nl\/de\/producten\/dab-tauchpumpe-4-mit-aktivem-treiber-typ-s4-3-13-1hp-kit-m230-50-40-l-ad-m-m-1-1\/#primaryimage"},"thumbnailUrl":"https:\/\/mezutec.nl\/wp-content\/uploads\/2021\/09\/bronpomp-dab-932556-scaled-1.jpg","datePublished":"2021-09-14T13:26:19+00:00","description":"Die DAB Brunnenpumpe \"4\" ist eine mehrstufige Zentrifugalbrunnenpumpe zum F\u00f6rdern, Verteilen und Druckbeaufschlagen des Wassers.","breadcrumb":{"@id":"https:\/\/mezutec.nl\/de\/producten\/dab-tauchpumpe-4-mit-aktivem-treiber-typ-s4-3-13-1hp-kit-m230-50-40-l-ad-m-m-1-1\/#breadcrumb"},"inLanguage":"de","potentialAction":[{"@type":"ReadAction","target":["https:\/\/mezutec.nl\/de\/producten\/dab-tauchpumpe-4-mit-aktivem-treiber-typ-s4-3-13-1hp-kit-m230-50-40-l-ad-m-m-1-1\/"]}]},{"@type":"ImageObject","inLanguage":"de","@id":"https:\/\/mezutec.nl\/de\/producten\/dab-tauchpumpe-4-mit-aktivem-treiber-typ-s4-3-13-1hp-kit-m230-50-40-l-ad-m-m-1-1\/#primaryimage","url":"https:\/\/mezutec.nl\/wp-content\/uploads\/2021\/09\/bronpomp-dab-932556-scaled-1.jpg","contentUrl":"https:\/\/mezutec.nl\/wp-content\/uploads\/2021\/09\/bronpomp-dab-932556-scaled-1.jpg","width":2560,"height":1950,"caption":"Dab-Well-Pumpe"},{"@type":"BreadcrumbList","@id":"https:\/\/mezutec.nl\/de\/producten\/dab-tauchpumpe-4-mit-aktivem-treiber-typ-s4-3-13-1hp-kit-m230-50-40-l-ad-m-m-1-1\/#breadcrumb","itemListElement":[{"@type":"ListItem","position":1,"name":"Heim","item":"https:\/\/mezutec.nl\/de\/mezutec\/"},{"@type":"ListItem","position":2,"name":"Shop","item":"https:\/\/mezutec.nl\/de\/shop\/"},{"@type":"ListItem","position":3,"name":"DAB\u00ae Tauchpumpe 4&#8243; mit aktivem Treiber, Typ S4 3\/13 1HP KIT M230\/50 40 L + AD M\/M 1.1"}]},{"@type":"WebSite","@id":"https:\/\/mezutec.nl\/de\/#website","url":"https:\/\/mezutec.nl\/de\/","name":"Mezutec Waterzuiveringssystemen","description":"Specialist op het gebied van bron- en waterzuiveringssystemen","publisher":{"@id":"https:\/\/mezutec.nl\/de\/#organization"},"alternateName":"Mezutec","potentialAction":[{"@type":"SearchAction","target":{"@type":"EntryPoint","urlTemplate":"https:\/\/mezutec.nl\/de\/?s={search_term_string}"},"query-input":{"@type":"PropertyValueSpecification","valueRequired":true,"valueName":"search_term_string"}}],"inLanguage":"de"},{"@type":"Organization","@id":"https:\/\/mezutec.nl\/de\/#organization","name":"Mezutec Waterzuiveringssystemen","alternateName":"Mezutec","url":"https:\/\/mezutec.nl\/de\/","logo":{"@type":"ImageObject","inLanguage":"de","@id":"https:\/\/mezutec.nl\/de\/#\/schema\/logo\/image\/","url":"https:\/\/mezutec.nl\/wp-content\/uploads\/2022\/05\/cropped-mezutec-logo.jpg","contentUrl":"https:\/\/mezutec.nl\/wp-content\/uploads\/2022\/05\/cropped-mezutec-logo.jpg","width":500,"height":248,"caption":"Mezutec Waterzuiveringssystemen"},"image":{"@id":"https:\/\/mezutec.nl\/de\/#\/schema\/logo\/image\/"},"sameAs":["https:\/\/www.facebook.com\/Mezutec"]}]}},"_links":{"self":[{"href":"https:\/\/mezutec.nl\/de\/wp-json\/wp\/v2\/product\/20935","targetHints":{"allow":["GET"]}}],"collection":[{"href":"https:\/\/mezutec.nl\/de\/wp-json\/wp\/v2\/product"}],"about":[{"href":"https:\/\/mezutec.nl\/de\/wp-json\/wp\/v2\/types\/product"}],"wp:featuredmedia":[{"embeddable":true,"href":"https:\/\/mezutec.nl\/de\/wp-json\/wp\/v2\/media\/20423"}],"wp:attachment":[{"href":"https:\/\/mezutec.nl\/de\/wp-json\/wp\/v2\/media?parent=20935"}],"wp:term":[{"taxonomy":"product_cat","embeddable":true,"href":"https:\/\/mezutec.nl\/de\/wp-json\/wp\/v2\/product_cat?post=20935"},{"taxonomy":"product_tag","embeddable":true,"href":"https:\/\/mezutec.nl\/de\/wp-json\/wp\/v2\/product_tag?post=20935"}],"curies":[{"name":"wp","href":"https:\/\/api.w.org\/{rel}","templated":true}]}}