{"id":21226,"date":"2022-10-19T12:53:22","date_gmt":"2022-10-19T10:53:22","guid":{"rendered":"https:\/\/mezutec.nl\/producten\/oxagri-xs-offline-desinfektion-von-trinkwasser\/"},"modified":"2025-06-26T10:38:12","modified_gmt":"2025-06-26T08:38:12","slug":"oxagri-xs-offline-desinfektion-von-trinkwasser","status":"publish","type":"product","link":"https:\/\/mezutec.nl\/de\/producten\/oxagri-xs-offline-desinfektion-von-trinkwasser\/","title":{"rendered":"OXAGRI XS &#8211; Offline-Desinfektion von Trinkwasser"},"content":{"rendered":"<p>OXAGRI XS &#8211; Offline-Desinfektion von Trinkwasser<\/p>\n","protected":false},"excerpt":{"rendered":"<h2>Vollst\u00e4ndige Desinfektion<\/h2>\n<p>Das OxAgri ist ein innovatives System, das ein Chlorkonzentrat auf der Basis der Elektrolyse einer Kochsalzl\u00f6sung herstellt, die durch eine Elektrode geleitet wird. Eine OxAgri XS-Anlage produziert 250 Liter freies Chlor f\u00fcr nur 1,55 \u20ac! Der OxAgri reduziert auch die somatische Zellzahl in der Milch erheblich!  <\/p>\n<h2><b>Generator f\u00fcr ECA-Wasser<\/b><\/h2>\n<p>Elektrochemisch aktiviertes Wasser ohne den Einsatz von gef\u00e4hrlichen Chemikalien. Basierend auf jahrelanger Erfahrung bietet Mezutec L\u00f6sungen f\u00fcr die Aufbereitung von Trink- und Prozesswasser f\u00fcr verschiedene Sektoren, darunter die Landwirtschaft und die Schifffahrt. Das Oxagri XS ist ein innovatives, zugelassenes System, das ein Chlorkonzentrat auf der Basis der Elektrolyse einer Kochsalzl\u00f6sung herstellt, die durch eine Elektrode geleitet wird.  <\/p>\n<h2><b>Vor-Ort-Produktion von ECA-Wasser<\/b><\/h2>\n<p>Mehrere Oxagri XS-Anlagen wurden bereits erfolgreich zur Wasseraufbereitung installiert. Das OxAgri XS-System bietet 500 Liter Desinfektionsmittel zur Behandlung von Wasser oder Oberfl\u00e4chen, so dass das Risiko einer Kontamination minimiert wird. Wirksam gegen Pilze (z.B. Mehltau), Bakterien (z.B. Legionellen) und Viren (PLAMV und TVX). Eine Oxagri XS-Anlage produziert mehr als 1,2 kg Chlor pro Tag in 500 Litern Wasser mit nur 3,5 kg Salz und einem Energieverbrauch von 0,8 kW\/Stunde.   <\/p>\n","protected":false},"featured_media":20701,"template":"","meta":{"_acf_changed":false,"postBodyCss":"","postBodyMargin":[],"postBodyPadding":[],"postBodyBackground":{"backgroundType":"classic","gradient":""}},"product_cat":[543],"product_tag":[731,732],"class_list":{"0":"post-21226","1":"product","2":"type-product","3":"status-publish","4":"has-post-thumbnail","6":"product_cat-nicht-kategorisiert","7":"product_tag-angebot","8":"product_tag-angebotsanfrage","10":"first","11":"instock","12":"taxable","13":"shipping-taxable","14":"product-type-variable","swatches":"rey-swatches","show_selected":""},"acf":[],"yoast_head":"<!-- This site is optimized with the Yoast SEO plugin v27.5 - https:\/\/yoast.com\/product\/yoast-seo-wordpress\/ -->\n<title>OxAgri - Totale Desinfektion - Mezutec Wasseraufbereitungssysteme<\/title>\n<meta name=\"description\" content=\"Das OxAgri XS-System produziert 250 Liter freies Chlor f\u00fcr nur 1,55 \u20ac. Der OxAgri reduziert auch die somatische Zellzahl in der Milch erheblich!\" \/>\n<meta name=\"robots\" content=\"index, follow, max-snippet:-1, max-image-preview:large, max-video-preview:-1\" \/>\n<link rel=\"canonical\" href=\"https:\/\/mezutec.nl\/de\/producten\/oxagri-xs-offline-desinfektion-von-trinkwasser\/\" \/>\n<meta property=\"og:locale\" content=\"de_DE\" \/>\n<meta property=\"og:type\" content=\"article\" \/>\n<meta property=\"og:title\" content=\"OxAgri - Totale Desinfektion - Mezutec Wasseraufbereitungssysteme\" \/>\n<meta property=\"og:description\" content=\"Das OxAgri XS-System produziert 250 Liter freies Chlor f\u00fcr nur 1,55 \u20ac. Der OxAgri reduziert auch die somatische Zellzahl in der Milch erheblich!\" \/>\n<meta property=\"og:url\" content=\"https:\/\/mezutec.nl\/de\/producten\/oxagri-xs-offline-desinfektion-von-trinkwasser\/\" \/>\n<meta property=\"og:site_name\" content=\"Mezutec Waterzuiveringssystemen\" \/>\n<meta property=\"article:publisher\" content=\"https:\/\/www.facebook.com\/Mezutec\" \/>\n<meta property=\"article:modified_time\" content=\"2025-06-26T08:38:12+00:00\" \/>\n<meta property=\"og:image\" content=\"https:\/\/mezutec.nl\/wp-content\/uploads\/2022\/10\/OxAgri-2025.png\" \/>\n\t<meta property=\"og:image:width\" content=\"1491\" \/>\n\t<meta property=\"og:image:height\" content=\"1491\" \/>\n\t<meta property=\"og:image:type\" content=\"image\/png\" \/>\n<meta name=\"twitter:card\" content=\"summary_large_image\" \/>\n<script type=\"application\/ld+json\" class=\"yoast-schema-graph\">{\"@context\":\"https:\\\/\\\/schema.org\",\"@graph\":[{\"@type\":\"WebPage\",\"@id\":\"https:\\\/\\\/mezutec.nl\\\/de\\\/producten\\\/oxagri-xs-offline-desinfektion-von-trinkwasser\\\/\",\"url\":\"https:\\\/\\\/mezutec.nl\\\/de\\\/producten\\\/oxagri-xs-offline-desinfektion-von-trinkwasser\\\/\",\"name\":\"OxAgri - Totale Desinfektion - Mezutec Wasseraufbereitungssysteme\",\"isPartOf\":{\"@id\":\"https:\\\/\\\/mezutec.nl\\\/de\\\/#website\"},\"primaryImageOfPage\":{\"@id\":\"https:\\\/\\\/mezutec.nl\\\/de\\\/producten\\\/oxagri-xs-offline-desinfektion-von-trinkwasser\\\/#primaryimage\"},\"image\":{\"@id\":\"https:\\\/\\\/mezutec.nl\\\/de\\\/producten\\\/oxagri-xs-offline-desinfektion-von-trinkwasser\\\/#primaryimage\"},\"thumbnailUrl\":\"https:\\\/\\\/mezutec.nl\\\/wp-content\\\/uploads\\\/2022\\\/10\\\/OxAgri-2025.png\",\"datePublished\":\"2022-10-19T10:53:22+00:00\",\"dateModified\":\"2025-06-26T08:38:12+00:00\",\"description\":\"Das OxAgri XS-System produziert 250 Liter freies Chlor f\u00fcr nur 1,55 \u20ac. Der OxAgri reduziert auch die somatische Zellzahl in der Milch erheblich!\",\"breadcrumb\":{\"@id\":\"https:\\\/\\\/mezutec.nl\\\/de\\\/producten\\\/oxagri-xs-offline-desinfektion-von-trinkwasser\\\/#breadcrumb\"},\"inLanguage\":\"de\",\"potentialAction\":[{\"@type\":\"ReadAction\",\"target\":[\"https:\\\/\\\/mezutec.nl\\\/de\\\/producten\\\/oxagri-xs-offline-desinfektion-von-trinkwasser\\\/\"]}]},{\"@type\":\"ImageObject\",\"inLanguage\":\"de\",\"@id\":\"https:\\\/\\\/mezutec.nl\\\/de\\\/producten\\\/oxagri-xs-offline-desinfektion-von-trinkwasser\\\/#primaryimage\",\"url\":\"https:\\\/\\\/mezutec.nl\\\/wp-content\\\/uploads\\\/2022\\\/10\\\/OxAgri-2025.png\",\"contentUrl\":\"https:\\\/\\\/mezutec.nl\\\/wp-content\\\/uploads\\\/2022\\\/10\\\/OxAgri-2025.png\",\"width\":1491,\"height\":1491,\"caption\":\"OxAgri Wasserdesinfektion\"},{\"@type\":\"BreadcrumbList\",\"@id\":\"https:\\\/\\\/mezutec.nl\\\/de\\\/producten\\\/oxagri-xs-offline-desinfektion-von-trinkwasser\\\/#breadcrumb\",\"itemListElement\":[{\"@type\":\"ListItem\",\"position\":1,\"name\":\"Heim\",\"item\":\"https:\\\/\\\/mezutec.nl\\\/de\\\/mezutec\\\/\"},{\"@type\":\"ListItem\",\"position\":2,\"name\":\"Shop\",\"item\":\"https:\\\/\\\/mezutec.nl\\\/de\\\/shop\\\/\"},{\"@type\":\"ListItem\",\"position\":3,\"name\":\"OXAGRI XS &#8211; Offline-Desinfektion von Trinkwasser\"}]},{\"@type\":\"WebSite\",\"@id\":\"https:\\\/\\\/mezutec.nl\\\/de\\\/#website\",\"url\":\"https:\\\/\\\/mezutec.nl\\\/de\\\/\",\"name\":\"Mezutec Waterzuiveringssystemen\",\"description\":\"Specialist op het gebied van bron- en waterzuiveringssystemen\",\"publisher\":{\"@id\":\"https:\\\/\\\/mezutec.nl\\\/de\\\/#organization\"},\"alternateName\":\"Mezutec\",\"potentialAction\":[{\"@type\":\"SearchAction\",\"target\":{\"@type\":\"EntryPoint\",\"urlTemplate\":\"https:\\\/\\\/mezutec.nl\\\/de\\\/?s={search_term_string}\"},\"query-input\":{\"@type\":\"PropertyValueSpecification\",\"valueRequired\":true,\"valueName\":\"search_term_string\"}}],\"inLanguage\":\"de\"},{\"@type\":\"Organization\",\"@id\":\"https:\\\/\\\/mezutec.nl\\\/de\\\/#organization\",\"name\":\"Mezutec Waterzuiveringssystemen\",\"alternateName\":\"Mezutec\",\"url\":\"https:\\\/\\\/mezutec.nl\\\/de\\\/\",\"logo\":{\"@type\":\"ImageObject\",\"inLanguage\":\"de\",\"@id\":\"https:\\\/\\\/mezutec.nl\\\/de\\\/#\\\/schema\\\/logo\\\/image\\\/\",\"url\":\"https:\\\/\\\/mezutec.nl\\\/wp-content\\\/uploads\\\/2022\\\/05\\\/cropped-mezutec-logo.jpg\",\"contentUrl\":\"https:\\\/\\\/mezutec.nl\\\/wp-content\\\/uploads\\\/2022\\\/05\\\/cropped-mezutec-logo.jpg\",\"width\":500,\"height\":248,\"caption\":\"Mezutec Waterzuiveringssystemen\"},\"image\":{\"@id\":\"https:\\\/\\\/mezutec.nl\\\/de\\\/#\\\/schema\\\/logo\\\/image\\\/\"},\"sameAs\":[\"https:\\\/\\\/www.facebook.com\\\/Mezutec\"]}]}<\/script>\n<!-- \/ Yoast SEO plugin. -->","yoast_head_json":{"title":"OxAgri - Totale Desinfektion - Mezutec Wasseraufbereitungssysteme","description":"Das OxAgri XS-System produziert 250 Liter freies Chlor f\u00fcr nur 1,55 \u20ac. Der OxAgri reduziert auch die somatische Zellzahl in der Milch erheblich!","robots":{"index":"index","follow":"follow","max-snippet":"max-snippet:-1","max-image-preview":"max-image-preview:large","max-video-preview":"max-video-preview:-1"},"canonical":"https:\/\/mezutec.nl\/de\/producten\/oxagri-xs-offline-desinfektion-von-trinkwasser\/","og_locale":"de_DE","og_type":"article","og_title":"OxAgri - Totale Desinfektion - Mezutec Wasseraufbereitungssysteme","og_description":"Das OxAgri XS-System produziert 250 Liter freies Chlor f\u00fcr nur 1,55 \u20ac. Der OxAgri reduziert auch die somatische Zellzahl in der Milch erheblich!","og_url":"https:\/\/mezutec.nl\/de\/producten\/oxagri-xs-offline-desinfektion-von-trinkwasser\/","og_site_name":"Mezutec Waterzuiveringssystemen","article_publisher":"https:\/\/www.facebook.com\/Mezutec","article_modified_time":"2025-06-26T08:38:12+00:00","og_image":[{"width":1491,"height":1491,"url":"https:\/\/mezutec.nl\/wp-content\/uploads\/2022\/10\/OxAgri-2025.png","type":"image\/png"}],"twitter_card":"summary_large_image","schema":{"@context":"https:\/\/schema.org","@graph":[{"@type":"WebPage","@id":"https:\/\/mezutec.nl\/de\/producten\/oxagri-xs-offline-desinfektion-von-trinkwasser\/","url":"https:\/\/mezutec.nl\/de\/producten\/oxagri-xs-offline-desinfektion-von-trinkwasser\/","name":"OxAgri - Totale Desinfektion - Mezutec Wasseraufbereitungssysteme","isPartOf":{"@id":"https:\/\/mezutec.nl\/de\/#website"},"primaryImageOfPage":{"@id":"https:\/\/mezutec.nl\/de\/producten\/oxagri-xs-offline-desinfektion-von-trinkwasser\/#primaryimage"},"image":{"@id":"https:\/\/mezutec.nl\/de\/producten\/oxagri-xs-offline-desinfektion-von-trinkwasser\/#primaryimage"},"thumbnailUrl":"https:\/\/mezutec.nl\/wp-content\/uploads\/2022\/10\/OxAgri-2025.png","datePublished":"2022-10-19T10:53:22+00:00","dateModified":"2025-06-26T08:38:12+00:00","description":"Das OxAgri XS-System produziert 250 Liter freies Chlor f\u00fcr nur 1,55 \u20ac. Der OxAgri reduziert auch die somatische Zellzahl in der Milch erheblich!","breadcrumb":{"@id":"https:\/\/mezutec.nl\/de\/producten\/oxagri-xs-offline-desinfektion-von-trinkwasser\/#breadcrumb"},"inLanguage":"de","potentialAction":[{"@type":"ReadAction","target":["https:\/\/mezutec.nl\/de\/producten\/oxagri-xs-offline-desinfektion-von-trinkwasser\/"]}]},{"@type":"ImageObject","inLanguage":"de","@id":"https:\/\/mezutec.nl\/de\/producten\/oxagri-xs-offline-desinfektion-von-trinkwasser\/#primaryimage","url":"https:\/\/mezutec.nl\/wp-content\/uploads\/2022\/10\/OxAgri-2025.png","contentUrl":"https:\/\/mezutec.nl\/wp-content\/uploads\/2022\/10\/OxAgri-2025.png","width":1491,"height":1491,"caption":"OxAgri Wasserdesinfektion"},{"@type":"BreadcrumbList","@id":"https:\/\/mezutec.nl\/de\/producten\/oxagri-xs-offline-desinfektion-von-trinkwasser\/#breadcrumb","itemListElement":[{"@type":"ListItem","position":1,"name":"Heim","item":"https:\/\/mezutec.nl\/de\/mezutec\/"},{"@type":"ListItem","position":2,"name":"Shop","item":"https:\/\/mezutec.nl\/de\/shop\/"},{"@type":"ListItem","position":3,"name":"OXAGRI XS &#8211; Offline-Desinfektion von Trinkwasser"}]},{"@type":"WebSite","@id":"https:\/\/mezutec.nl\/de\/#website","url":"https:\/\/mezutec.nl\/de\/","name":"Mezutec Waterzuiveringssystemen","description":"Specialist op het gebied van bron- en waterzuiveringssystemen","publisher":{"@id":"https:\/\/mezutec.nl\/de\/#organization"},"alternateName":"Mezutec","potentialAction":[{"@type":"SearchAction","target":{"@type":"EntryPoint","urlTemplate":"https:\/\/mezutec.nl\/de\/?s={search_term_string}"},"query-input":{"@type":"PropertyValueSpecification","valueRequired":true,"valueName":"search_term_string"}}],"inLanguage":"de"},{"@type":"Organization","@id":"https:\/\/mezutec.nl\/de\/#organization","name":"Mezutec Waterzuiveringssystemen","alternateName":"Mezutec","url":"https:\/\/mezutec.nl\/de\/","logo":{"@type":"ImageObject","inLanguage":"de","@id":"https:\/\/mezutec.nl\/de\/#\/schema\/logo\/image\/","url":"https:\/\/mezutec.nl\/wp-content\/uploads\/2022\/05\/cropped-mezutec-logo.jpg","contentUrl":"https:\/\/mezutec.nl\/wp-content\/uploads\/2022\/05\/cropped-mezutec-logo.jpg","width":500,"height":248,"caption":"Mezutec Waterzuiveringssystemen"},"image":{"@id":"https:\/\/mezutec.nl\/de\/#\/schema\/logo\/image\/"},"sameAs":["https:\/\/www.facebook.com\/Mezutec"]}]}},"_links":{"self":[{"href":"https:\/\/mezutec.nl\/de\/wp-json\/wp\/v2\/product\/21226","targetHints":{"allow":["GET"]}}],"collection":[{"href":"https:\/\/mezutec.nl\/de\/wp-json\/wp\/v2\/product"}],"about":[{"href":"https:\/\/mezutec.nl\/de\/wp-json\/wp\/v2\/types\/product"}],"wp:featuredmedia":[{"embeddable":true,"href":"https:\/\/mezutec.nl\/de\/wp-json\/wp\/v2\/media\/20701"}],"wp:attachment":[{"href":"https:\/\/mezutec.nl\/de\/wp-json\/wp\/v2\/media?parent=21226"}],"wp:term":[{"taxonomy":"product_cat","embeddable":true,"href":"https:\/\/mezutec.nl\/de\/wp-json\/wp\/v2\/product_cat?post=21226"},{"taxonomy":"product_tag","embeddable":true,"href":"https:\/\/mezutec.nl\/de\/wp-json\/wp\/v2\/product_tag?post=21226"}],"curies":[{"name":"wp","href":"https:\/\/api.w.org\/{rel}","templated":true}]}}