{"id":21232,"date":"2021-09-14T15:38:37","date_gmt":"2021-09-14T13:38:37","guid":{"rendered":"https:\/\/mezutec.nl\/producten\/saci-e-motion-2-x-v-nox-404-24-10\/"},"modified":"2021-09-14T15:38:37","modified_gmt":"2021-09-14T13:38:37","slug":"saci-e-motion-2-x-v-nox-404-24-10","status":"publish","type":"product","link":"https:\/\/mezutec.nl\/de\/producten\/saci-e-motion-2-x-v-nox-404-24-10\/","title":{"rendered":"Saci E-MOTION 2 X V-NOX 404-24\/10"},"content":{"rendered":"<p>Die Saci E-motion ist ein neues Steuerungssystem zur Frequenz- oder Geschwindigkeitsmodulation. Es bietet hohen Komfort und minimiert die Energiekosten. <\/p>\n<p>Dar\u00fcber hinaus hat das System folgende Vorteile:<\/p>\n<ul>\n<li>Sehr fester Druck<\/li>\n<li>Energieeinsparung<\/li>\n<li>Sehr leises Arbeiten<\/li>\n<li>Volle Konnektivit\u00e4t<\/li>\n<li>Volle Vielseitigkeit<\/li>\n<li>Startup leicht gemacht<\/li>\n<li>Sch\u00fctzt das System vor Trockenlauf, \u00dcberstrom, \u00dcberdruck und Schwankungen<\/li>\n<li>Gro\u00dfes LCD-Display<\/li>\n<\/ul>\n<p id=\"tw-target-text\" class=\"tw-data-text tw-text-large tw-ta\" dir=\"ltr\" data-placeholder=\"Vertaling\"><span lang=\"nl\">Das E-Motion-Steuerungssystem verf\u00fcgt \u00fcber einen neuen Frequenzumrichter, der einen festen Druck (die Motordrehzahl der Pumpen wird erh\u00f6ht oder verringert, um den Druck abh\u00e4ngig von der erforderlichen Durchflussmenge zu halten), Energieeinsparungen und einen leisen Betrieb liefert. Die Installation ist sehr einfach, der Benutzer muss nur den gew\u00fcnschten Druck und die Drehung der Pumpen ausw\u00e4hlen. Wenn der Arbeitsdruck durch den Wasserverbrauch sinkt, werden die Pumpen automatisch in Betrieb genommen. Bei steigender Nachfrage erh\u00f6ht die E-Motion-Einheit die Frequenz der Pumpen, um den gew\u00fcnschten Druck bis zum Erreichen ihrer maximalen Drehzahl aufrechtzuerhalten. Das Ger\u00e4t stoppt automatisch, wenn der Betriebsdruck den vom Benutzer eingestellten Wert \u00fcberschreitet. Ebenso startet das Ger\u00e4t erst, wenn der eingestellte Startdruck erreicht ist. Wenn es einen Wassermangel in der Versorgung gibt, erkennt der E-Motion dies sofort und stoppt die Pumpen, um Sch\u00e4den am Ger\u00e4t zu vermeiden. Die Pumpenwelle, das Pumpengeh\u00e4use und die Laufr\u00e4der von V-NOX sind aus Edelstahl AISI 304 gefertigt, mit Diffusoren aus Technopolymer, die mit Glasfaser eingespritzt sind. Saug- und Antriebsflansche, Saugfu\u00df und Antriebsgeh\u00e4use aus Grauguss GG-20 mit Korrosionsschutzfarbe innen und au\u00dfen. Die Gleitringdichtung besteht aus Graphit, Keramik und Edelstahl AISI 304. Der Motor des V-Nox ist ein Standard-Asynchronmotor, der von der externen Bel\u00fcftung abgeschottet und f\u00fcr den Dauerbetrieb geeignet ist. Der Motor verf\u00fcgt \u00fcber die Schutzart IP 55 und die Isolationsklasse F.             <\/span><\/p>\n","protected":false},"excerpt":{"rendered":"<p>Saci E-motion ist ein doppelter Kaltwasser-Booster <span lang=\"nl\">mit variabler Drehzahl, der erhebliche Energieeinsparungen, konstanten Wasserdruck, leisen Betrieb, Sicherheit und Zuverl\u00e4ssigkeit garantiert.<\/span><\/p>\n","protected":false},"featured_media":20439,"template":"","meta":{"_acf_changed":false,"postBodyCss":"","postBodyMargin":[],"postBodyPadding":[],"postBodyBackground":{"backgroundType":"classic","gradient":""}},"product_cat":[556],"product_tag":[],"class_list":{"0":"post-21232","1":"product","2":"type-product","3":"status-publish","4":"has-post-thumbnail","6":"product_cat-pumpe","7":"product_shipping_class-paketdienst","9":"first","10":"instock","11":"taxable","12":"shipping-taxable","13":"purchasable","14":"product-type-variable","swatches":"rey-swatches","show_selected":""},"acf":[],"yoast_head":"<!-- This site is optimized with the Yoast SEO plugin v27.5 - https:\/\/yoast.com\/product\/yoast-seo-wordpress\/ -->\n<title>Saci E-motion: doppelter Kaltwasser-Booster. Sicher und zuverl\u00e4ssig.<\/title>\n<meta name=\"description\" content=\"Die Saci E-motion ist ein Steuerungssystem zur Frequenz- oder Geschwindigkeitsmodulation. \u2713 Bietet hohen Komfort \u2713 Niedrigere Energiekosten.\" \/>\n<meta name=\"robots\" content=\"index, follow, max-snippet:-1, max-image-preview:large, max-video-preview:-1\" \/>\n<link rel=\"canonical\" href=\"https:\/\/mezutec.nl\/de\/producten\/saci-e-motion-2-x-v-nox-404-24-10\/\" \/>\n<meta property=\"og:locale\" content=\"de_DE\" \/>\n<meta property=\"og:type\" content=\"article\" \/>\n<meta property=\"og:title\" content=\"Saci E-motion: doppelter Kaltwasser-Booster. Sicher und zuverl\u00e4ssig.\" \/>\n<meta property=\"og:description\" content=\"Die Saci E-motion ist ein Steuerungssystem zur Frequenz- oder Geschwindigkeitsmodulation. \u2713 Bietet hohen Komfort \u2713 Niedrigere Energiekosten.\" \/>\n<meta property=\"og:url\" content=\"https:\/\/mezutec.nl\/de\/producten\/saci-e-motion-2-x-v-nox-404-24-10\/\" \/>\n<meta property=\"og:site_name\" content=\"Mezutec Waterzuiveringssystemen\" \/>\n<meta property=\"article:publisher\" content=\"https:\/\/www.facebook.com\/Mezutec\" \/>\n<meta property=\"og:image\" content=\"https:\/\/mezutec.nl\/wp-content\/uploads\/2021\/09\/Saci-V-nox-dubbel.jpg\" \/>\n\t<meta property=\"og:image:width\" content=\"704\" \/>\n\t<meta property=\"og:image:height\" content=\"478\" \/>\n\t<meta property=\"og:image:type\" content=\"image\/jpeg\" \/>\n<meta name=\"twitter:card\" content=\"summary_large_image\" \/>\n<meta name=\"twitter:label1\" content=\"Gesch\u00e4tzte Lesezeit\" \/>\n\t<meta name=\"twitter:data1\" content=\"1\u00a0Minute\" \/>\n<script type=\"application\/ld+json\" class=\"yoast-schema-graph\">{\"@context\":\"https:\\\/\\\/schema.org\",\"@graph\":[{\"@type\":\"WebPage\",\"@id\":\"https:\\\/\\\/mezutec.nl\\\/de\\\/producten\\\/saci-e-motion-2-x-v-nox-404-24-10\\\/\",\"url\":\"https:\\\/\\\/mezutec.nl\\\/de\\\/producten\\\/saci-e-motion-2-x-v-nox-404-24-10\\\/\",\"name\":\"Saci E-motion: doppelter Kaltwasser-Booster. Sicher und zuverl\u00e4ssig.\",\"isPartOf\":{\"@id\":\"https:\\\/\\\/mezutec.nl\\\/de\\\/#website\"},\"primaryImageOfPage\":{\"@id\":\"https:\\\/\\\/mezutec.nl\\\/de\\\/producten\\\/saci-e-motion-2-x-v-nox-404-24-10\\\/#primaryimage\"},\"image\":{\"@id\":\"https:\\\/\\\/mezutec.nl\\\/de\\\/producten\\\/saci-e-motion-2-x-v-nox-404-24-10\\\/#primaryimage\"},\"thumbnailUrl\":\"https:\\\/\\\/mezutec.nl\\\/wp-content\\\/uploads\\\/2021\\\/09\\\/Saci-V-nox-dubbel.jpg\",\"datePublished\":\"2021-09-14T13:38:37+00:00\",\"description\":\"Die Saci E-motion ist ein Steuerungssystem zur Frequenz- oder Geschwindigkeitsmodulation. \u2713 Bietet hohen Komfort \u2713 Niedrigere Energiekosten.\",\"breadcrumb\":{\"@id\":\"https:\\\/\\\/mezutec.nl\\\/de\\\/producten\\\/saci-e-motion-2-x-v-nox-404-24-10\\\/#breadcrumb\"},\"inLanguage\":\"de\",\"potentialAction\":[{\"@type\":\"ReadAction\",\"target\":[\"https:\\\/\\\/mezutec.nl\\\/de\\\/producten\\\/saci-e-motion-2-x-v-nox-404-24-10\\\/\"]}]},{\"@type\":\"ImageObject\",\"inLanguage\":\"de\",\"@id\":\"https:\\\/\\\/mezutec.nl\\\/de\\\/producten\\\/saci-e-motion-2-x-v-nox-404-24-10\\\/#primaryimage\",\"url\":\"https:\\\/\\\/mezutec.nl\\\/wp-content\\\/uploads\\\/2021\\\/09\\\/Saci-V-nox-dubbel.jpg\",\"contentUrl\":\"https:\\\/\\\/mezutec.nl\\\/wp-content\\\/uploads\\\/2021\\\/09\\\/Saci-V-nox-dubbel.jpg\",\"width\":704,\"height\":478,\"caption\":\"Saci V Noxpumpe doppelt\"},{\"@type\":\"BreadcrumbList\",\"@id\":\"https:\\\/\\\/mezutec.nl\\\/de\\\/producten\\\/saci-e-motion-2-x-v-nox-404-24-10\\\/#breadcrumb\",\"itemListElement\":[{\"@type\":\"ListItem\",\"position\":1,\"name\":\"Heim\",\"item\":\"https:\\\/\\\/mezutec.nl\\\/de\\\/mezutec\\\/\"},{\"@type\":\"ListItem\",\"position\":2,\"name\":\"Shop\",\"item\":\"https:\\\/\\\/mezutec.nl\\\/de\\\/shop\\\/\"},{\"@type\":\"ListItem\",\"position\":3,\"name\":\"Saci E-MOTION 2 X V-NOX 404-24\\\/10\"}]},{\"@type\":\"WebSite\",\"@id\":\"https:\\\/\\\/mezutec.nl\\\/de\\\/#website\",\"url\":\"https:\\\/\\\/mezutec.nl\\\/de\\\/\",\"name\":\"Mezutec Waterzuiveringssystemen\",\"description\":\"Specialist op het gebied van bron- en waterzuiveringssystemen\",\"publisher\":{\"@id\":\"https:\\\/\\\/mezutec.nl\\\/de\\\/#organization\"},\"alternateName\":\"Mezutec\",\"potentialAction\":[{\"@type\":\"SearchAction\",\"target\":{\"@type\":\"EntryPoint\",\"urlTemplate\":\"https:\\\/\\\/mezutec.nl\\\/de\\\/?s={search_term_string}\"},\"query-input\":{\"@type\":\"PropertyValueSpecification\",\"valueRequired\":true,\"valueName\":\"search_term_string\"}}],\"inLanguage\":\"de\"},{\"@type\":\"Organization\",\"@id\":\"https:\\\/\\\/mezutec.nl\\\/de\\\/#organization\",\"name\":\"Mezutec Waterzuiveringssystemen\",\"alternateName\":\"Mezutec\",\"url\":\"https:\\\/\\\/mezutec.nl\\\/de\\\/\",\"logo\":{\"@type\":\"ImageObject\",\"inLanguage\":\"de\",\"@id\":\"https:\\\/\\\/mezutec.nl\\\/de\\\/#\\\/schema\\\/logo\\\/image\\\/\",\"url\":\"https:\\\/\\\/mezutec.nl\\\/wp-content\\\/uploads\\\/2022\\\/05\\\/cropped-mezutec-logo.jpg\",\"contentUrl\":\"https:\\\/\\\/mezutec.nl\\\/wp-content\\\/uploads\\\/2022\\\/05\\\/cropped-mezutec-logo.jpg\",\"width\":500,\"height\":248,\"caption\":\"Mezutec Waterzuiveringssystemen\"},\"image\":{\"@id\":\"https:\\\/\\\/mezutec.nl\\\/de\\\/#\\\/schema\\\/logo\\\/image\\\/\"},\"sameAs\":[\"https:\\\/\\\/www.facebook.com\\\/Mezutec\"]}]}<\/script>\n<!-- \/ Yoast SEO plugin. -->","yoast_head_json":{"title":"Saci E-motion: doppelter Kaltwasser-Booster. Sicher und zuverl\u00e4ssig.","description":"Die Saci E-motion ist ein Steuerungssystem zur Frequenz- oder Geschwindigkeitsmodulation. \u2713 Bietet hohen Komfort \u2713 Niedrigere Energiekosten.","robots":{"index":"index","follow":"follow","max-snippet":"max-snippet:-1","max-image-preview":"max-image-preview:large","max-video-preview":"max-video-preview:-1"},"canonical":"https:\/\/mezutec.nl\/de\/producten\/saci-e-motion-2-x-v-nox-404-24-10\/","og_locale":"de_DE","og_type":"article","og_title":"Saci E-motion: doppelter Kaltwasser-Booster. Sicher und zuverl\u00e4ssig.","og_description":"Die Saci E-motion ist ein Steuerungssystem zur Frequenz- oder Geschwindigkeitsmodulation. \u2713 Bietet hohen Komfort \u2713 Niedrigere Energiekosten.","og_url":"https:\/\/mezutec.nl\/de\/producten\/saci-e-motion-2-x-v-nox-404-24-10\/","og_site_name":"Mezutec Waterzuiveringssystemen","article_publisher":"https:\/\/www.facebook.com\/Mezutec","og_image":[{"width":704,"height":478,"url":"https:\/\/mezutec.nl\/wp-content\/uploads\/2021\/09\/Saci-V-nox-dubbel.jpg","type":"image\/jpeg"}],"twitter_card":"summary_large_image","twitter_misc":{"Gesch\u00e4tzte Lesezeit":"1\u00a0Minute"},"schema":{"@context":"https:\/\/schema.org","@graph":[{"@type":"WebPage","@id":"https:\/\/mezutec.nl\/de\/producten\/saci-e-motion-2-x-v-nox-404-24-10\/","url":"https:\/\/mezutec.nl\/de\/producten\/saci-e-motion-2-x-v-nox-404-24-10\/","name":"Saci E-motion: doppelter Kaltwasser-Booster. Sicher und zuverl\u00e4ssig.","isPartOf":{"@id":"https:\/\/mezutec.nl\/de\/#website"},"primaryImageOfPage":{"@id":"https:\/\/mezutec.nl\/de\/producten\/saci-e-motion-2-x-v-nox-404-24-10\/#primaryimage"},"image":{"@id":"https:\/\/mezutec.nl\/de\/producten\/saci-e-motion-2-x-v-nox-404-24-10\/#primaryimage"},"thumbnailUrl":"https:\/\/mezutec.nl\/wp-content\/uploads\/2021\/09\/Saci-V-nox-dubbel.jpg","datePublished":"2021-09-14T13:38:37+00:00","description":"Die Saci E-motion ist ein Steuerungssystem zur Frequenz- oder Geschwindigkeitsmodulation. \u2713 Bietet hohen Komfort \u2713 Niedrigere Energiekosten.","breadcrumb":{"@id":"https:\/\/mezutec.nl\/de\/producten\/saci-e-motion-2-x-v-nox-404-24-10\/#breadcrumb"},"inLanguage":"de","potentialAction":[{"@type":"ReadAction","target":["https:\/\/mezutec.nl\/de\/producten\/saci-e-motion-2-x-v-nox-404-24-10\/"]}]},{"@type":"ImageObject","inLanguage":"de","@id":"https:\/\/mezutec.nl\/de\/producten\/saci-e-motion-2-x-v-nox-404-24-10\/#primaryimage","url":"https:\/\/mezutec.nl\/wp-content\/uploads\/2021\/09\/Saci-V-nox-dubbel.jpg","contentUrl":"https:\/\/mezutec.nl\/wp-content\/uploads\/2021\/09\/Saci-V-nox-dubbel.jpg","width":704,"height":478,"caption":"Saci V Noxpumpe doppelt"},{"@type":"BreadcrumbList","@id":"https:\/\/mezutec.nl\/de\/producten\/saci-e-motion-2-x-v-nox-404-24-10\/#breadcrumb","itemListElement":[{"@type":"ListItem","position":1,"name":"Heim","item":"https:\/\/mezutec.nl\/de\/mezutec\/"},{"@type":"ListItem","position":2,"name":"Shop","item":"https:\/\/mezutec.nl\/de\/shop\/"},{"@type":"ListItem","position":3,"name":"Saci E-MOTION 2 X V-NOX 404-24\/10"}]},{"@type":"WebSite","@id":"https:\/\/mezutec.nl\/de\/#website","url":"https:\/\/mezutec.nl\/de\/","name":"Mezutec Waterzuiveringssystemen","description":"Specialist op het gebied van bron- en waterzuiveringssystemen","publisher":{"@id":"https:\/\/mezutec.nl\/de\/#organization"},"alternateName":"Mezutec","potentialAction":[{"@type":"SearchAction","target":{"@type":"EntryPoint","urlTemplate":"https:\/\/mezutec.nl\/de\/?s={search_term_string}"},"query-input":{"@type":"PropertyValueSpecification","valueRequired":true,"valueName":"search_term_string"}}],"inLanguage":"de"},{"@type":"Organization","@id":"https:\/\/mezutec.nl\/de\/#organization","name":"Mezutec Waterzuiveringssystemen","alternateName":"Mezutec","url":"https:\/\/mezutec.nl\/de\/","logo":{"@type":"ImageObject","inLanguage":"de","@id":"https:\/\/mezutec.nl\/de\/#\/schema\/logo\/image\/","url":"https:\/\/mezutec.nl\/wp-content\/uploads\/2022\/05\/cropped-mezutec-logo.jpg","contentUrl":"https:\/\/mezutec.nl\/wp-content\/uploads\/2022\/05\/cropped-mezutec-logo.jpg","width":500,"height":248,"caption":"Mezutec Waterzuiveringssystemen"},"image":{"@id":"https:\/\/mezutec.nl\/de\/#\/schema\/logo\/image\/"},"sameAs":["https:\/\/www.facebook.com\/Mezutec"]}]}},"_links":{"self":[{"href":"https:\/\/mezutec.nl\/de\/wp-json\/wp\/v2\/product\/21232","targetHints":{"allow":["GET"]}}],"collection":[{"href":"https:\/\/mezutec.nl\/de\/wp-json\/wp\/v2\/product"}],"about":[{"href":"https:\/\/mezutec.nl\/de\/wp-json\/wp\/v2\/types\/product"}],"wp:featuredmedia":[{"embeddable":true,"href":"https:\/\/mezutec.nl\/de\/wp-json\/wp\/v2\/media\/20439"}],"wp:attachment":[{"href":"https:\/\/mezutec.nl\/de\/wp-json\/wp\/v2\/media?parent=21232"}],"wp:term":[{"taxonomy":"product_cat","embeddable":true,"href":"https:\/\/mezutec.nl\/de\/wp-json\/wp\/v2\/product_cat?post=21232"},{"taxonomy":"product_tag","embeddable":true,"href":"https:\/\/mezutec.nl\/de\/wp-json\/wp\/v2\/product_tag?post=21232"}],"curies":[{"name":"wp","href":"https:\/\/api.w.org\/{rel}","templated":true}]}}