{"id":21370,"date":"2025-05-08T10:29:09","date_gmt":"2025-05-08T08:29:09","guid":{"rendered":"https:\/\/mezutec.nl\/producten\/oxagri-xs-zirkulationszelle\/"},"modified":"2025-05-08T10:29:09","modified_gmt":"2025-05-08T08:29:09","slug":"oxagri-xs-zirkulationszelle","status":"publish","type":"product","link":"https:\/\/mezutec.nl\/de\/producten\/oxagri-xs-zirkulationszelle\/","title":{"rendered":"OXAGRI XS Zirkulationszelle"},"content":{"rendered":"<p>OXAGRI XS Zirkulationszelle (Serie BS24.7.500.SP) f\u00fcr den OxAgri XS.<\/p>\n","protected":false},"excerpt":{"rendered":"<p>OXAGRI XS Zirkulationszelle (Serie BS24.7.500.SP) f\u00fcr den OxAgri XS.<\/p>\n","protected":false},"featured_media":20728,"template":"","meta":{"_acf_changed":false,"postBodyCss":"","postBodyMargin":[],"postBodyPadding":[],"postBodyBackground":{"backgroundType":"classic","gradient":""}},"product_cat":[824,543],"product_tag":[],"class_list":{"0":"post-21370","1":"product","2":"type-product","3":"status-publish","4":"has-post-thumbnail","6":"product_cat-komponenten","7":"product_cat-nicht-kategorisiert","8":"product_shipping_class-versandkosten-inbegriffen-immer-kostenlos","10":"first","11":"instock","12":"taxable","13":"shipping-taxable","14":"purchasable","15":"product-type-simple","swatches":"rey-swatches","show_selected":""},"acf":[],"yoast_head":"<!-- This site is optimized with the Yoast SEO plugin v27.3 - https:\/\/yoast.com\/product\/yoast-seo-wordpress\/ -->\n<title>OXAGRI XS Zirkulationszelle - Mezutec Waterzuiveringssystemen<\/title>\n<meta name=\"description\" content=\"OXAGRI XS Zirkulationszelle (Serie BS24.7.500.SP) f\u00fcr den OxAgri XS. F\u00fcr Fragen oder ein unverbindliches Beratungsgespr\u00e4ch kontaktieren Sie uns bitte.\" \/>\n<meta name=\"robots\" content=\"index, follow, max-snippet:-1, max-image-preview:large, max-video-preview:-1\" \/>\n<link rel=\"canonical\" href=\"https:\/\/mezutec.nl\/de\/producten\/oxagri-xs-zirkulationszelle\/\" \/>\n<meta property=\"og:locale\" content=\"de_DE\" \/>\n<meta property=\"og:type\" content=\"article\" \/>\n<meta property=\"og:title\" content=\"OXAGRI XS Zirkulationszelle - Mezutec Waterzuiveringssystemen\" \/>\n<meta property=\"og:description\" content=\"OXAGRI XS Zirkulationszelle (Serie BS24.7.500.SP) f\u00fcr den OxAgri XS. F\u00fcr Fragen oder ein unverbindliches Beratungsgespr\u00e4ch kontaktieren Sie uns bitte.\" \/>\n<meta property=\"og:url\" content=\"https:\/\/mezutec.nl\/de\/producten\/oxagri-xs-zirkulationszelle\/\" \/>\n<meta property=\"og:site_name\" content=\"Mezutec Waterzuiveringssystemen\" \/>\n<meta property=\"article:publisher\" content=\"https:\/\/www.facebook.com\/Mezutec\" \/>\n<meta property=\"og:image\" content=\"https:\/\/mezutec.nl\/wp-content\/uploads\/2025\/05\/OxAqua-Cell.jpg\" \/>\n\t<meta property=\"og:image:width\" content=\"1972\" \/>\n\t<meta property=\"og:image:height\" content=\"1972\" \/>\n\t<meta property=\"og:image:type\" content=\"image\/jpeg\" \/>\n<meta name=\"twitter:card\" content=\"summary_large_image\" \/>\n<script type=\"application\/ld+json\" class=\"yoast-schema-graph\">{\"@context\":\"https:\\\/\\\/schema.org\",\"@graph\":[{\"@type\":\"WebPage\",\"@id\":\"https:\\\/\\\/mezutec.nl\\\/de\\\/producten\\\/oxagri-xs-zirkulationszelle\\\/\",\"url\":\"https:\\\/\\\/mezutec.nl\\\/de\\\/producten\\\/oxagri-xs-zirkulationszelle\\\/\",\"name\":\"OXAGRI XS Zirkulationszelle - Mezutec Waterzuiveringssystemen\",\"isPartOf\":{\"@id\":\"https:\\\/\\\/mezutec.nl\\\/de\\\/#website\"},\"primaryImageOfPage\":{\"@id\":\"https:\\\/\\\/mezutec.nl\\\/de\\\/producten\\\/oxagri-xs-zirkulationszelle\\\/#primaryimage\"},\"image\":{\"@id\":\"https:\\\/\\\/mezutec.nl\\\/de\\\/producten\\\/oxagri-xs-zirkulationszelle\\\/#primaryimage\"},\"thumbnailUrl\":\"https:\\\/\\\/mezutec.nl\\\/wp-content\\\/uploads\\\/2025\\\/05\\\/OxAqua-Cell.jpg\",\"datePublished\":\"2025-05-08T08:29:09+00:00\",\"description\":\"OXAGRI XS Zirkulationszelle (Serie BS24.7.500.SP) f\u00fcr den OxAgri XS. F\u00fcr Fragen oder ein unverbindliches Beratungsgespr\u00e4ch kontaktieren Sie uns bitte.\",\"breadcrumb\":{\"@id\":\"https:\\\/\\\/mezutec.nl\\\/de\\\/producten\\\/oxagri-xs-zirkulationszelle\\\/#breadcrumb\"},\"inLanguage\":\"de\",\"potentialAction\":[{\"@type\":\"ReadAction\",\"target\":[\"https:\\\/\\\/mezutec.nl\\\/de\\\/producten\\\/oxagri-xs-zirkulationszelle\\\/\"]}]},{\"@type\":\"ImageObject\",\"inLanguage\":\"de\",\"@id\":\"https:\\\/\\\/mezutec.nl\\\/de\\\/producten\\\/oxagri-xs-zirkulationszelle\\\/#primaryimage\",\"url\":\"https:\\\/\\\/mezutec.nl\\\/wp-content\\\/uploads\\\/2025\\\/05\\\/OxAqua-Cell.jpg\",\"contentUrl\":\"https:\\\/\\\/mezutec.nl\\\/wp-content\\\/uploads\\\/2025\\\/05\\\/OxAqua-Cell.jpg\",\"width\":1972,\"height\":1972,\"caption\":\"OxAgri - OxAqua Zelle\"},{\"@type\":\"BreadcrumbList\",\"@id\":\"https:\\\/\\\/mezutec.nl\\\/de\\\/producten\\\/oxagri-xs-zirkulationszelle\\\/#breadcrumb\",\"itemListElement\":[{\"@type\":\"ListItem\",\"position\":1,\"name\":\"Heim\",\"item\":\"https:\\\/\\\/mezutec.nl\\\/de\\\/mezutec\\\/\"},{\"@type\":\"ListItem\",\"position\":2,\"name\":\"Shop\",\"item\":\"https:\\\/\\\/mezutec.nl\\\/de\\\/shop\\\/\"},{\"@type\":\"ListItem\",\"position\":3,\"name\":\"OXAGRI XS Zirkulationszelle\"}]},{\"@type\":\"WebSite\",\"@id\":\"https:\\\/\\\/mezutec.nl\\\/de\\\/#website\",\"url\":\"https:\\\/\\\/mezutec.nl\\\/de\\\/\",\"name\":\"Mezutec Waterzuiveringssystemen\",\"description\":\"Specialist op het gebied van bron- en waterzuiveringssystemen\",\"publisher\":{\"@id\":\"https:\\\/\\\/mezutec.nl\\\/de\\\/#organization\"},\"alternateName\":\"Mezutec\",\"potentialAction\":[{\"@type\":\"SearchAction\",\"target\":{\"@type\":\"EntryPoint\",\"urlTemplate\":\"https:\\\/\\\/mezutec.nl\\\/de\\\/?s={search_term_string}\"},\"query-input\":{\"@type\":\"PropertyValueSpecification\",\"valueRequired\":true,\"valueName\":\"search_term_string\"}}],\"inLanguage\":\"de\"},{\"@type\":\"Organization\",\"@id\":\"https:\\\/\\\/mezutec.nl\\\/de\\\/#organization\",\"name\":\"Mezutec Waterzuiveringssystemen\",\"alternateName\":\"Mezutec\",\"url\":\"https:\\\/\\\/mezutec.nl\\\/de\\\/\",\"logo\":{\"@type\":\"ImageObject\",\"inLanguage\":\"de\",\"@id\":\"https:\\\/\\\/mezutec.nl\\\/de\\\/#\\\/schema\\\/logo\\\/image\\\/\",\"url\":\"https:\\\/\\\/mezutec.nl\\\/wp-content\\\/uploads\\\/2022\\\/05\\\/cropped-mezutec-logo.jpg\",\"contentUrl\":\"https:\\\/\\\/mezutec.nl\\\/wp-content\\\/uploads\\\/2022\\\/05\\\/cropped-mezutec-logo.jpg\",\"width\":500,\"height\":248,\"caption\":\"Mezutec Waterzuiveringssystemen\"},\"image\":{\"@id\":\"https:\\\/\\\/mezutec.nl\\\/de\\\/#\\\/schema\\\/logo\\\/image\\\/\"},\"sameAs\":[\"https:\\\/\\\/www.facebook.com\\\/Mezutec\"]}]}<\/script>\n<!-- \/ Yoast SEO plugin. -->","yoast_head_json":{"title":"OXAGRI XS Zirkulationszelle - Mezutec Waterzuiveringssystemen","description":"OXAGRI XS Zirkulationszelle (Serie BS24.7.500.SP) f\u00fcr den OxAgri XS. F\u00fcr Fragen oder ein unverbindliches Beratungsgespr\u00e4ch kontaktieren Sie uns bitte.","robots":{"index":"index","follow":"follow","max-snippet":"max-snippet:-1","max-image-preview":"max-image-preview:large","max-video-preview":"max-video-preview:-1"},"canonical":"https:\/\/mezutec.nl\/de\/producten\/oxagri-xs-zirkulationszelle\/","og_locale":"de_DE","og_type":"article","og_title":"OXAGRI XS Zirkulationszelle - Mezutec Waterzuiveringssystemen","og_description":"OXAGRI XS Zirkulationszelle (Serie BS24.7.500.SP) f\u00fcr den OxAgri XS. F\u00fcr Fragen oder ein unverbindliches Beratungsgespr\u00e4ch kontaktieren Sie uns bitte.","og_url":"https:\/\/mezutec.nl\/de\/producten\/oxagri-xs-zirkulationszelle\/","og_site_name":"Mezutec Waterzuiveringssystemen","article_publisher":"https:\/\/www.facebook.com\/Mezutec","og_image":[{"width":1972,"height":1972,"url":"https:\/\/mezutec.nl\/wp-content\/uploads\/2025\/05\/OxAqua-Cell.jpg","type":"image\/jpeg"}],"twitter_card":"summary_large_image","schema":{"@context":"https:\/\/schema.org","@graph":[{"@type":"WebPage","@id":"https:\/\/mezutec.nl\/de\/producten\/oxagri-xs-zirkulationszelle\/","url":"https:\/\/mezutec.nl\/de\/producten\/oxagri-xs-zirkulationszelle\/","name":"OXAGRI XS Zirkulationszelle - Mezutec Waterzuiveringssystemen","isPartOf":{"@id":"https:\/\/mezutec.nl\/de\/#website"},"primaryImageOfPage":{"@id":"https:\/\/mezutec.nl\/de\/producten\/oxagri-xs-zirkulationszelle\/#primaryimage"},"image":{"@id":"https:\/\/mezutec.nl\/de\/producten\/oxagri-xs-zirkulationszelle\/#primaryimage"},"thumbnailUrl":"https:\/\/mezutec.nl\/wp-content\/uploads\/2025\/05\/OxAqua-Cell.jpg","datePublished":"2025-05-08T08:29:09+00:00","description":"OXAGRI XS Zirkulationszelle (Serie BS24.7.500.SP) f\u00fcr den OxAgri XS. F\u00fcr Fragen oder ein unverbindliches Beratungsgespr\u00e4ch kontaktieren Sie uns bitte.","breadcrumb":{"@id":"https:\/\/mezutec.nl\/de\/producten\/oxagri-xs-zirkulationszelle\/#breadcrumb"},"inLanguage":"de","potentialAction":[{"@type":"ReadAction","target":["https:\/\/mezutec.nl\/de\/producten\/oxagri-xs-zirkulationszelle\/"]}]},{"@type":"ImageObject","inLanguage":"de","@id":"https:\/\/mezutec.nl\/de\/producten\/oxagri-xs-zirkulationszelle\/#primaryimage","url":"https:\/\/mezutec.nl\/wp-content\/uploads\/2025\/05\/OxAqua-Cell.jpg","contentUrl":"https:\/\/mezutec.nl\/wp-content\/uploads\/2025\/05\/OxAqua-Cell.jpg","width":1972,"height":1972,"caption":"OxAgri - OxAqua Zelle"},{"@type":"BreadcrumbList","@id":"https:\/\/mezutec.nl\/de\/producten\/oxagri-xs-zirkulationszelle\/#breadcrumb","itemListElement":[{"@type":"ListItem","position":1,"name":"Heim","item":"https:\/\/mezutec.nl\/de\/mezutec\/"},{"@type":"ListItem","position":2,"name":"Shop","item":"https:\/\/mezutec.nl\/de\/shop\/"},{"@type":"ListItem","position":3,"name":"OXAGRI XS Zirkulationszelle"}]},{"@type":"WebSite","@id":"https:\/\/mezutec.nl\/de\/#website","url":"https:\/\/mezutec.nl\/de\/","name":"Mezutec Waterzuiveringssystemen","description":"Specialist op het gebied van bron- en waterzuiveringssystemen","publisher":{"@id":"https:\/\/mezutec.nl\/de\/#organization"},"alternateName":"Mezutec","potentialAction":[{"@type":"SearchAction","target":{"@type":"EntryPoint","urlTemplate":"https:\/\/mezutec.nl\/de\/?s={search_term_string}"},"query-input":{"@type":"PropertyValueSpecification","valueRequired":true,"valueName":"search_term_string"}}],"inLanguage":"de"},{"@type":"Organization","@id":"https:\/\/mezutec.nl\/de\/#organization","name":"Mezutec Waterzuiveringssystemen","alternateName":"Mezutec","url":"https:\/\/mezutec.nl\/de\/","logo":{"@type":"ImageObject","inLanguage":"de","@id":"https:\/\/mezutec.nl\/de\/#\/schema\/logo\/image\/","url":"https:\/\/mezutec.nl\/wp-content\/uploads\/2022\/05\/cropped-mezutec-logo.jpg","contentUrl":"https:\/\/mezutec.nl\/wp-content\/uploads\/2022\/05\/cropped-mezutec-logo.jpg","width":500,"height":248,"caption":"Mezutec Waterzuiveringssystemen"},"image":{"@id":"https:\/\/mezutec.nl\/de\/#\/schema\/logo\/image\/"},"sameAs":["https:\/\/www.facebook.com\/Mezutec"]}]}},"_links":{"self":[{"href":"https:\/\/mezutec.nl\/de\/wp-json\/wp\/v2\/product\/21370","targetHints":{"allow":["GET"]}}],"collection":[{"href":"https:\/\/mezutec.nl\/de\/wp-json\/wp\/v2\/product"}],"about":[{"href":"https:\/\/mezutec.nl\/de\/wp-json\/wp\/v2\/types\/product"}],"wp:featuredmedia":[{"embeddable":true,"href":"https:\/\/mezutec.nl\/de\/wp-json\/wp\/v2\/media\/20728"}],"wp:attachment":[{"href":"https:\/\/mezutec.nl\/de\/wp-json\/wp\/v2\/media?parent=21370"}],"wp:term":[{"taxonomy":"product_cat","embeddable":true,"href":"https:\/\/mezutec.nl\/de\/wp-json\/wp\/v2\/product_cat?post=21370"},{"taxonomy":"product_tag","embeddable":true,"href":"https:\/\/mezutec.nl\/de\/wp-json\/wp\/v2\/product_tag?post=21370"}],"curies":[{"name":"wp","href":"https:\/\/api.w.org\/{rel}","templated":true}]}}