{"id":21372,"date":"2025-05-08T10:26:39","date_gmt":"2025-05-08T08:26:39","guid":{"rendered":"https:\/\/mezutec.nl\/producten\/salzsensor-fuer-wasserenthaerter-mit-app\/"},"modified":"2026-03-13T12:37:24","modified_gmt":"2026-03-13T11:37:24","slug":"salzsensor-fuer-wasserenthaerter-mit-app","status":"publish","type":"product","link":"https:\/\/mezutec.nl\/de\/producten\/salzsensor-fuer-wasserenthaerter-mit-app\/","title":{"rendered":"Salzsensor f\u00fcr Wasserenth\u00e4rter &#8211; mit App"},"content":{"rendered":"<p>Salzsensor f\u00fcr Wasserenth\u00e4rter &#8211; mit App<\/p>\n","protected":false},"excerpt":{"rendered":"<p data-start=\"261\" data-end=\"315\"><strong data-start=\"261\" data-end=\"315\"><span class=\"_fadeIn_pfttw_8\">Immer <\/span><span class=\"_fadeIn_pfttw_8\">im Blick auf <\/span><span class=\"_fadeIn_pfttw_8\"> <\/span><span class=\"_fadeIn_pfttw_8\">Ihren <\/span><span class=\"_fadeIn_pfttw_8\">Salzgehalt \u2013 <\/span><span class=\"_fadeIn_pfttw_8\">egal wo <\/span><span class=\"_fadeIn_pfttw_8\">Sie <\/span><span class=\"_fadeIn_pfttw_8\"> <\/span><span class=\"_fadeIn_pfttw_8\">sind<\/span><\/strong><\/p>\n<p data-start=\"317\" data-end=\"626\"><span class=\"_fadeIn_pfttw_8\">Nie  <\/span><span class=\"_fadeIn_pfttw_8\">See  <\/span><span class=\"_fadeIn_pfttw_8\">unerwartet  <\/span><span class=\"_fadeIn_pfttw_8\">ohne  <\/span><span class=\"_fadeIn_pfttw_8\">Salz  <\/span><span class=\"_fadeIn_pfttw_8\">kommen  <\/span><span class=\"_fadeIn_pfttw_8\">auch  <\/span><span class=\"_fadeIn_pfttw_8\">sitzen?  <\/span><span class=\"_fadeIn_pfttw_8\">Mit  <\/span><span class=\"_fadeIn_pfttw_8\">das  <\/span><span class=\"_fadeIn_pfttw_8\">Schlau  <\/span><span class=\"_fadeIn_pfttw_8\">Salzstand-Sensor  <\/span><span class=\"_fadeIn_pfttw_8\">Von  <\/span><span class=\"_fadeIn_pfttw_8\">Mezutec  <\/span><span class=\"_fadeIn_pfttw_8\">Behalten  <\/span><span class=\"_fadeIn_pfttw_8\">du  <\/span><span class=\"_fadeIn_pfttw_8\">es  <\/span><span class=\"_fadeIn_pfttw_8\">Salzgehalt  <\/span><span class=\"_fadeIn_pfttw_8\">Von  <\/span><span class=\"_fadeIn_pfttw_8\">du  <\/span><span class=\"_fadeIn_pfttw_8\">Weichmacher  <\/span><span class=\"_fadeIn_pfttw_8\">Einfach  <\/span><span class=\"_fadeIn_pfttw_8\">in  <\/span><span class=\"_fadeIn_pfttw_8\">das  <\/span><span class=\"_fadeIn_pfttw_8\">L\u00f6cher  <\/span><span class=\"_fadeIn_pfttw_8\">direkt  <\/span><span class=\"_fadeIn_pfttw_8\">\u00fcber eine App auf  <\/span><span class=\"_fadeIn_pfttw_8\">du  <\/span><span class=\"_fadeIn_pfttw_8\">Smartphone.  <\/span><span class=\"_fadeIn_pfttw_8\">Das  <\/span><span class=\"_fadeIn_pfttw_8\">Sensor  <\/span><span class=\"_fadeIn_pfttw_8\">ist  <\/span><span class=\"_fadeIn_pfttw_8\">geeignet  <\/span><span class=\"_fadeIn_pfttw_8\">vor  <\/span><span class=\"_fadeIn_pfttw_8\">jeder  <\/span><span class=\"_fadeIn_pfttw_8\">Art  <\/span><span class=\"_fadeIn_pfttw_8\">Weichmacher  <\/span><span class=\"_fadeIn_pfttw_8\">und  <\/span><span class=\"_fadeIn_pfttw_8\">Gibt  <\/span><span class=\"_fadeIn_pfttw_8\">Automatisch  <\/span><span class=\"_fadeIn_pfttw_8\">Eins  <\/span><span class=\"_fadeIn_pfttw_8\">Benachrichtigung  <\/span><span class=\"_fadeIn_pfttw_8\">wann  <\/span><span class=\"_fadeIn_pfttw_8\">es  <\/span><span class=\"_fadeIn_pfttw_8\">Zeit  <\/span><span class=\"_fadeIn_pfttw_8\">ist  <\/span><span class=\"_fadeIn_pfttw_8\">An  <\/span><span class=\"_fadeIn_pfttw_8\">Salz  <\/span><span class=\"_fadeIn_pfttw_8\">Biene  <\/span><span class=\"_fadeIn_pfttw_8\">auch  <\/span><span class=\"_fadeIn_pfttw_8\">f\u00fcllen.<\/span><\/p>\n<p data-start=\"317\" data-end=\"626\"><span class=\"_fadeIn_pfttw_8\">Mit einem Salzalarm geht Ihnen nie das Salz aus <\/span><span class=\"_fadeIn_pfttw_8\">und <\/span><span class=\"_fadeIn_pfttw_8\"> <\/span><span class=\"_fadeIn_pfttw_8\">Sie vermeiden <\/span><span class=\"_fadeIn_pfttw_8\">unn\u00f6tige <\/span><span class=\"_fadeIn_pfttw_8\">Wartungskosten.<\/span><\/p>\n","protected":false},"featured_media":20720,"template":"","meta":{"_acf_changed":false,"postBodyCss":"","postBodyMargin":[],"postBodyPadding":[],"postBodyBackground":{"backgroundType":"classic","gradient":""}},"product_cat":[824,543,730],"product_tag":[],"class_list":{"0":"post-21372","1":"product","2":"type-product","3":"status-publish","4":"has-post-thumbnail","6":"product_cat-komponenten","7":"product_cat-nicht-kategorisiert","8":"product_cat-wasserentharter","9":"product_shipping_class-paketdienst","11":"first","12":"instock","13":"taxable","14":"shipping-taxable","15":"purchasable","16":"product-type-simple","swatches":"rey-swatches","show_selected":""},"acf":[],"yoast_head":"<!-- This site is optimized with the Yoast SEO plugin v27.5 - https:\/\/yoast.com\/product\/yoast-seo-wordpress\/ -->\n<title>Salzsensor f\u00fcr Wasserenth\u00e4rter - mit App | Mezutec<\/title>\n<meta name=\"description\" content=\"Verhindern Sie eine leere Salzstreue mit dem smarten Salzsensor von Mezutec! Sofortige Benachrichtigungen auf Ihrem Smartphone, wenn der Salzgehalt niedrig ist. Einfach zu installieren.\" \/>\n<meta name=\"robots\" content=\"index, follow, max-snippet:-1, max-image-preview:large, max-video-preview:-1\" \/>\n<link rel=\"canonical\" href=\"https:\/\/mezutec.nl\/de\/producten\/salzsensor-fuer-wasserenthaerter-mit-app\/\" \/>\n<meta property=\"og:locale\" content=\"de_DE\" \/>\n<meta property=\"og:type\" content=\"article\" \/>\n<meta property=\"og:title\" content=\"Salzsensor f\u00fcr Wasserenth\u00e4rter - mit App | Mezutec\" \/>\n<meta property=\"og:description\" content=\"Verhindern Sie eine leere Salzstreue mit dem smarten Salzsensor von Mezutec! Sofortige Benachrichtigungen auf Ihrem Smartphone, wenn der Salzgehalt niedrig ist. Einfach zu installieren.\" \/>\n<meta property=\"og:url\" content=\"https:\/\/mezutec.nl\/de\/producten\/salzsensor-fuer-wasserenthaerter-mit-app\/\" \/>\n<meta property=\"og:site_name\" content=\"Mezutec Waterzuiveringssystemen\" \/>\n<meta property=\"article:publisher\" content=\"https:\/\/www.facebook.com\/Mezutec\" \/>\n<meta property=\"article:modified_time\" content=\"2026-03-13T11:37:24+00:00\" \/>\n<meta property=\"og:image\" content=\"https:\/\/mezutec.nl\/wp-content\/uploads\/2025\/05\/zout-sensor.jpg\" \/>\n\t<meta property=\"og:image:width\" content=\"644\" \/>\n\t<meta property=\"og:image:height\" content=\"593\" \/>\n\t<meta property=\"og:image:type\" content=\"image\/jpeg\" \/>\n<meta name=\"twitter:card\" content=\"summary_large_image\" \/>\n<script type=\"application\/ld+json\" class=\"yoast-schema-graph\">{\"@context\":\"https:\\\/\\\/schema.org\",\"@graph\":[{\"@type\":\"WebPage\",\"@id\":\"https:\\\/\\\/mezutec.nl\\\/de\\\/producten\\\/salzsensor-fuer-wasserenthaerter-mit-app\\\/\",\"url\":\"https:\\\/\\\/mezutec.nl\\\/de\\\/producten\\\/salzsensor-fuer-wasserenthaerter-mit-app\\\/\",\"name\":\"Salzsensor f\u00fcr Wasserenth\u00e4rter - mit App | Mezutec\",\"isPartOf\":{\"@id\":\"https:\\\/\\\/mezutec.nl\\\/de\\\/#website\"},\"primaryImageOfPage\":{\"@id\":\"https:\\\/\\\/mezutec.nl\\\/de\\\/producten\\\/salzsensor-fuer-wasserenthaerter-mit-app\\\/#primaryimage\"},\"image\":{\"@id\":\"https:\\\/\\\/mezutec.nl\\\/de\\\/producten\\\/salzsensor-fuer-wasserenthaerter-mit-app\\\/#primaryimage\"},\"thumbnailUrl\":\"https:\\\/\\\/mezutec.nl\\\/wp-content\\\/uploads\\\/2025\\\/05\\\/zout-sensor.jpg\",\"datePublished\":\"2025-05-08T08:26:39+00:00\",\"dateModified\":\"2026-03-13T11:37:24+00:00\",\"description\":\"Verhindern Sie eine leere Salzstreue mit dem smarten Salzsensor von Mezutec! Sofortige Benachrichtigungen auf Ihrem Smartphone, wenn der Salzgehalt niedrig ist. Einfach zu installieren.\",\"breadcrumb\":{\"@id\":\"https:\\\/\\\/mezutec.nl\\\/de\\\/producten\\\/salzsensor-fuer-wasserenthaerter-mit-app\\\/#breadcrumb\"},\"inLanguage\":\"de\",\"potentialAction\":[{\"@type\":\"ReadAction\",\"target\":[\"https:\\\/\\\/mezutec.nl\\\/de\\\/producten\\\/salzsensor-fuer-wasserenthaerter-mit-app\\\/\"]}]},{\"@type\":\"ImageObject\",\"inLanguage\":\"de\",\"@id\":\"https:\\\/\\\/mezutec.nl\\\/de\\\/producten\\\/salzsensor-fuer-wasserenthaerter-mit-app\\\/#primaryimage\",\"url\":\"https:\\\/\\\/mezutec.nl\\\/wp-content\\\/uploads\\\/2025\\\/05\\\/zout-sensor.jpg\",\"contentUrl\":\"https:\\\/\\\/mezutec.nl\\\/wp-content\\\/uploads\\\/2025\\\/05\\\/zout-sensor.jpg\",\"width\":644,\"height\":593,\"caption\":\"Salz-Sensor\"},{\"@type\":\"BreadcrumbList\",\"@id\":\"https:\\\/\\\/mezutec.nl\\\/de\\\/producten\\\/salzsensor-fuer-wasserenthaerter-mit-app\\\/#breadcrumb\",\"itemListElement\":[{\"@type\":\"ListItem\",\"position\":1,\"name\":\"Heim\",\"item\":\"https:\\\/\\\/mezutec.nl\\\/de\\\/mezutec\\\/\"},{\"@type\":\"ListItem\",\"position\":2,\"name\":\"Shop\",\"item\":\"https:\\\/\\\/mezutec.nl\\\/de\\\/shop\\\/\"},{\"@type\":\"ListItem\",\"position\":3,\"name\":\"Salzsensor f\u00fcr Wasserenth\u00e4rter &#8211; mit App\"}]},{\"@type\":\"WebSite\",\"@id\":\"https:\\\/\\\/mezutec.nl\\\/de\\\/#website\",\"url\":\"https:\\\/\\\/mezutec.nl\\\/de\\\/\",\"name\":\"Mezutec Waterzuiveringssystemen\",\"description\":\"Specialist op het gebied van bron- en waterzuiveringssystemen\",\"publisher\":{\"@id\":\"https:\\\/\\\/mezutec.nl\\\/de\\\/#organization\"},\"alternateName\":\"Mezutec\",\"potentialAction\":[{\"@type\":\"SearchAction\",\"target\":{\"@type\":\"EntryPoint\",\"urlTemplate\":\"https:\\\/\\\/mezutec.nl\\\/de\\\/?s={search_term_string}\"},\"query-input\":{\"@type\":\"PropertyValueSpecification\",\"valueRequired\":true,\"valueName\":\"search_term_string\"}}],\"inLanguage\":\"de\"},{\"@type\":\"Organization\",\"@id\":\"https:\\\/\\\/mezutec.nl\\\/de\\\/#organization\",\"name\":\"Mezutec Waterzuiveringssystemen\",\"alternateName\":\"Mezutec\",\"url\":\"https:\\\/\\\/mezutec.nl\\\/de\\\/\",\"logo\":{\"@type\":\"ImageObject\",\"inLanguage\":\"de\",\"@id\":\"https:\\\/\\\/mezutec.nl\\\/de\\\/#\\\/schema\\\/logo\\\/image\\\/\",\"url\":\"https:\\\/\\\/mezutec.nl\\\/wp-content\\\/uploads\\\/2022\\\/05\\\/cropped-mezutec-logo.jpg\",\"contentUrl\":\"https:\\\/\\\/mezutec.nl\\\/wp-content\\\/uploads\\\/2022\\\/05\\\/cropped-mezutec-logo.jpg\",\"width\":500,\"height\":248,\"caption\":\"Mezutec Waterzuiveringssystemen\"},\"image\":{\"@id\":\"https:\\\/\\\/mezutec.nl\\\/de\\\/#\\\/schema\\\/logo\\\/image\\\/\"},\"sameAs\":[\"https:\\\/\\\/www.facebook.com\\\/Mezutec\"]}]}<\/script>\n<!-- \/ Yoast SEO plugin. -->","yoast_head_json":{"title":"Salzsensor f\u00fcr Wasserenth\u00e4rter - mit App | Mezutec","description":"Verhindern Sie eine leere Salzstreue mit dem smarten Salzsensor von Mezutec! Sofortige Benachrichtigungen auf Ihrem Smartphone, wenn der Salzgehalt niedrig ist. Einfach zu installieren.","robots":{"index":"index","follow":"follow","max-snippet":"max-snippet:-1","max-image-preview":"max-image-preview:large","max-video-preview":"max-video-preview:-1"},"canonical":"https:\/\/mezutec.nl\/de\/producten\/salzsensor-fuer-wasserenthaerter-mit-app\/","og_locale":"de_DE","og_type":"article","og_title":"Salzsensor f\u00fcr Wasserenth\u00e4rter - mit App | Mezutec","og_description":"Verhindern Sie eine leere Salzstreue mit dem smarten Salzsensor von Mezutec! Sofortige Benachrichtigungen auf Ihrem Smartphone, wenn der Salzgehalt niedrig ist. Einfach zu installieren.","og_url":"https:\/\/mezutec.nl\/de\/producten\/salzsensor-fuer-wasserenthaerter-mit-app\/","og_site_name":"Mezutec Waterzuiveringssystemen","article_publisher":"https:\/\/www.facebook.com\/Mezutec","article_modified_time":"2026-03-13T11:37:24+00:00","og_image":[{"width":644,"height":593,"url":"https:\/\/mezutec.nl\/wp-content\/uploads\/2025\/05\/zout-sensor.jpg","type":"image\/jpeg"}],"twitter_card":"summary_large_image","schema":{"@context":"https:\/\/schema.org","@graph":[{"@type":"WebPage","@id":"https:\/\/mezutec.nl\/de\/producten\/salzsensor-fuer-wasserenthaerter-mit-app\/","url":"https:\/\/mezutec.nl\/de\/producten\/salzsensor-fuer-wasserenthaerter-mit-app\/","name":"Salzsensor f\u00fcr Wasserenth\u00e4rter - mit App | Mezutec","isPartOf":{"@id":"https:\/\/mezutec.nl\/de\/#website"},"primaryImageOfPage":{"@id":"https:\/\/mezutec.nl\/de\/producten\/salzsensor-fuer-wasserenthaerter-mit-app\/#primaryimage"},"image":{"@id":"https:\/\/mezutec.nl\/de\/producten\/salzsensor-fuer-wasserenthaerter-mit-app\/#primaryimage"},"thumbnailUrl":"https:\/\/mezutec.nl\/wp-content\/uploads\/2025\/05\/zout-sensor.jpg","datePublished":"2025-05-08T08:26:39+00:00","dateModified":"2026-03-13T11:37:24+00:00","description":"Verhindern Sie eine leere Salzstreue mit dem smarten Salzsensor von Mezutec! Sofortige Benachrichtigungen auf Ihrem Smartphone, wenn der Salzgehalt niedrig ist. Einfach zu installieren.","breadcrumb":{"@id":"https:\/\/mezutec.nl\/de\/producten\/salzsensor-fuer-wasserenthaerter-mit-app\/#breadcrumb"},"inLanguage":"de","potentialAction":[{"@type":"ReadAction","target":["https:\/\/mezutec.nl\/de\/producten\/salzsensor-fuer-wasserenthaerter-mit-app\/"]}]},{"@type":"ImageObject","inLanguage":"de","@id":"https:\/\/mezutec.nl\/de\/producten\/salzsensor-fuer-wasserenthaerter-mit-app\/#primaryimage","url":"https:\/\/mezutec.nl\/wp-content\/uploads\/2025\/05\/zout-sensor.jpg","contentUrl":"https:\/\/mezutec.nl\/wp-content\/uploads\/2025\/05\/zout-sensor.jpg","width":644,"height":593,"caption":"Salz-Sensor"},{"@type":"BreadcrumbList","@id":"https:\/\/mezutec.nl\/de\/producten\/salzsensor-fuer-wasserenthaerter-mit-app\/#breadcrumb","itemListElement":[{"@type":"ListItem","position":1,"name":"Heim","item":"https:\/\/mezutec.nl\/de\/mezutec\/"},{"@type":"ListItem","position":2,"name":"Shop","item":"https:\/\/mezutec.nl\/de\/shop\/"},{"@type":"ListItem","position":3,"name":"Salzsensor f\u00fcr Wasserenth\u00e4rter &#8211; mit App"}]},{"@type":"WebSite","@id":"https:\/\/mezutec.nl\/de\/#website","url":"https:\/\/mezutec.nl\/de\/","name":"Mezutec Waterzuiveringssystemen","description":"Specialist op het gebied van bron- en waterzuiveringssystemen","publisher":{"@id":"https:\/\/mezutec.nl\/de\/#organization"},"alternateName":"Mezutec","potentialAction":[{"@type":"SearchAction","target":{"@type":"EntryPoint","urlTemplate":"https:\/\/mezutec.nl\/de\/?s={search_term_string}"},"query-input":{"@type":"PropertyValueSpecification","valueRequired":true,"valueName":"search_term_string"}}],"inLanguage":"de"},{"@type":"Organization","@id":"https:\/\/mezutec.nl\/de\/#organization","name":"Mezutec Waterzuiveringssystemen","alternateName":"Mezutec","url":"https:\/\/mezutec.nl\/de\/","logo":{"@type":"ImageObject","inLanguage":"de","@id":"https:\/\/mezutec.nl\/de\/#\/schema\/logo\/image\/","url":"https:\/\/mezutec.nl\/wp-content\/uploads\/2022\/05\/cropped-mezutec-logo.jpg","contentUrl":"https:\/\/mezutec.nl\/wp-content\/uploads\/2022\/05\/cropped-mezutec-logo.jpg","width":500,"height":248,"caption":"Mezutec Waterzuiveringssystemen"},"image":{"@id":"https:\/\/mezutec.nl\/de\/#\/schema\/logo\/image\/"},"sameAs":["https:\/\/www.facebook.com\/Mezutec"]}]}},"_links":{"self":[{"href":"https:\/\/mezutec.nl\/de\/wp-json\/wp\/v2\/product\/21372","targetHints":{"allow":["GET"]}}],"collection":[{"href":"https:\/\/mezutec.nl\/de\/wp-json\/wp\/v2\/product"}],"about":[{"href":"https:\/\/mezutec.nl\/de\/wp-json\/wp\/v2\/types\/product"}],"wp:featuredmedia":[{"embeddable":true,"href":"https:\/\/mezutec.nl\/de\/wp-json\/wp\/v2\/media\/20720"}],"wp:attachment":[{"href":"https:\/\/mezutec.nl\/de\/wp-json\/wp\/v2\/media?parent=21372"}],"wp:term":[{"taxonomy":"product_cat","embeddable":true,"href":"https:\/\/mezutec.nl\/de\/wp-json\/wp\/v2\/product_cat?post=21372"},{"taxonomy":"product_tag","embeddable":true,"href":"https:\/\/mezutec.nl\/de\/wp-json\/wp\/v2\/product_tag?post=21372"}],"curies":[{"name":"wp","href":"https:\/\/api.w.org\/{rel}","templated":true}]}}