{"id":21374,"date":"2024-10-31T13:27:53","date_gmt":"2024-10-31T12:27:53","guid":{"rendered":"https:\/\/mezutec.nl\/producten\/wasserenthaerter-jane-compact-30l\/"},"modified":"2025-10-29T09:28:47","modified_gmt":"2025-10-29T08:28:47","slug":"wasserenthaerter-jane-compact-30l","status":"publish","type":"product","link":"https:\/\/mezutec.nl\/de\/producten\/wasserenthaerter-jane-compact-30l\/","title":{"rendered":"Wasserenth\u00e4rter Jane Compact 30L"},"content":{"rendered":"<p>Wasserenth\u00e4rter Jane Compact 30L<\/p>\n","protected":false},"excerpt":{"rendered":"<h2>Innovativer Wasserenth\u00e4rter mit schlankem Design und fortschrittlichen Funktionen<\/h2>\n<p><strong>Neu in unserem Sortiment: der Jane Wasserenth\u00e4rter mit modernster Technologie und vielen Premium-Features!<\/strong><em><br \/>\n<\/em><span style=\"background-color: var(--body-bg-color); color: var(--body-color); font-family: var(--body-font-family),sans-serif; font-size: 1.0rem; font-weight: var(--body-font-weight,400);\">Der schwarze Enth\u00e4rter mit schlankem Design enth\u00e4lt die integrierte HSP-Technologie (High Softening Performance): Die wirtschaftlichste und umweltfreundlichste Art, Wasser zu enth\u00e4rten. Diese Technologie verbessert die Effizienz und reduziert sowohl den Salz- als auch den Wasserverbrauch erheblich. Der Jane-Wasserenth\u00e4rter verf\u00fcgt \u00fcber eine intelligente Funktion, die als proportionale Salzlake bezeichnet wird, um die Salzmenge basierend auf dem Wasserverbrauch anzupassen.  <\/span><\/p>\n<p>&nbsp;<\/p>\n<h2>Spezifikationen Wasserenth\u00e4rter Jane<\/h2>\n<ul>\n<li>Enth\u00e4lt ein beleuchtetes LCD-Display zum einfachen Ablesen der Daten<\/li>\n<li>Der Enth\u00e4rter ist vollst\u00e4ndig programmierbar und anpassbar<\/li>\n<li>Die Daten werden im Speicher gespeichert und bleiben auch bei einem Stromausfall erhalten<\/li>\n<li>Mit eingebautem Wasserz\u00e4hler, um den Wasserverbrauch im Auge zu behalten<\/li>\n<li>Auf Wunsch ist es m\u00f6glich, eine Resth\u00e4rte einzustellen<\/li>\n<li>Volumengesteuerte Regeneration<\/li>\n<li>Ein Servicealarm, der anzeigt, wann der Enth\u00e4rter gewartet werden muss<\/li>\n<li>Klappbarer Salzdeckel, zum einfachen Nachf\u00fcllen von Salztabletten<\/li>\n<li>Erh\u00e4ltlich in kompakten Gr\u00f6\u00dfen mit extra hoher Kapazit\u00e4t<\/li>\n<li>Bei Bedarf ist eine manuelle Regeneration m\u00f6glich<\/li>\n<li>Maximale Anzahl von Tagen zwischen den Regenerationen f\u00fcr zus\u00e4tzliche Hygiene<\/li>\n<\/ul>\n","protected":false},"featured_media":20631,"template":"","meta":{"_acf_changed":false,"postBodyCss":"","postBodyMargin":[],"postBodyPadding":[],"postBodyBackground":{"backgroundType":"classic","gradient":""}},"product_cat":[730],"product_tag":[],"class_list":{"0":"post-21374","1":"product","2":"type-product","3":"status-publish","4":"has-post-thumbnail","6":"product_cat-wasserentharter","8":"first","9":"instock","10":"taxable","11":"shipping-taxable","12":"purchasable","13":"product-type-simple","swatches":"rey-swatches","show_selected":""},"acf":[],"yoast_head":"<!-- This site is optimized with the Yoast SEO plugin v27.3 - https:\/\/yoast.com\/product\/yoast-seo-wordpress\/ -->\n<title>Wasserenth\u00e4rter Jane: Der Wasserenth\u00e4rter mit der besten Leistung!<\/title>\n<meta name=\"description\" content=\"Innovativer Wasserenth\u00e4rter in schlichtem schwarzem Design! Viele Optionen und in verschiedenen Ausf\u00fchrungen erh\u00e4ltlich. Kontaktieren Sie uns f\u00fcr ein unverbindliches Beratungsgespr\u00e4ch.\" \/>\n<meta name=\"robots\" content=\"index, follow, max-snippet:-1, max-image-preview:large, max-video-preview:-1\" \/>\n<link rel=\"canonical\" href=\"https:\/\/mezutec.nl\/de\/producten\/wasserenthaerter-jane-compact-30l\/\" \/>\n<meta property=\"og:locale\" content=\"de_DE\" \/>\n<meta property=\"og:type\" content=\"article\" \/>\n<meta property=\"og:title\" content=\"Wasserenth\u00e4rter Jane: Der Wasserenth\u00e4rter mit der besten Leistung!\" \/>\n<meta property=\"og:description\" content=\"Innovativer Wasserenth\u00e4rter in schlichtem schwarzem Design! Viele Optionen und in verschiedenen Ausf\u00fchrungen erh\u00e4ltlich. Kontaktieren Sie uns f\u00fcr ein unverbindliches Beratungsgespr\u00e4ch.\" \/>\n<meta property=\"og:url\" content=\"https:\/\/mezutec.nl\/de\/producten\/wasserenthaerter-jane-compact-30l\/\" \/>\n<meta property=\"og:site_name\" content=\"Mezutec Waterzuiveringssystemen\" \/>\n<meta property=\"article:publisher\" content=\"https:\/\/www.facebook.com\/Mezutec\" \/>\n<meta property=\"article:modified_time\" content=\"2025-10-29T08:28:47+00:00\" \/>\n<meta property=\"og:image\" content=\"https:\/\/mezutec.nl\/wp-content\/uploads\/2024\/03\/waterontharder-maxi.jpg\" \/>\n\t<meta property=\"og:image:width\" content=\"1000\" \/>\n\t<meta property=\"og:image:height\" content=\"1000\" \/>\n\t<meta property=\"og:image:type\" content=\"image\/jpeg\" \/>\n<meta name=\"twitter:card\" content=\"summary_large_image\" \/>\n<script type=\"application\/ld+json\" class=\"yoast-schema-graph\">{\"@context\":\"https:\\\/\\\/schema.org\",\"@graph\":[{\"@type\":\"WebPage\",\"@id\":\"https:\\\/\\\/mezutec.nl\\\/de\\\/producten\\\/wasserenthaerter-jane-compact-30l\\\/\",\"url\":\"https:\\\/\\\/mezutec.nl\\\/de\\\/producten\\\/wasserenthaerter-jane-compact-30l\\\/\",\"name\":\"Wasserenth\u00e4rter Jane: Der Wasserenth\u00e4rter mit der besten Leistung!\",\"isPartOf\":{\"@id\":\"https:\\\/\\\/mezutec.nl\\\/de\\\/#website\"},\"primaryImageOfPage\":{\"@id\":\"https:\\\/\\\/mezutec.nl\\\/de\\\/producten\\\/wasserenthaerter-jane-compact-30l\\\/#primaryimage\"},\"image\":{\"@id\":\"https:\\\/\\\/mezutec.nl\\\/de\\\/producten\\\/wasserenthaerter-jane-compact-30l\\\/#primaryimage\"},\"thumbnailUrl\":\"https:\\\/\\\/mezutec.nl\\\/wp-content\\\/uploads\\\/2024\\\/03\\\/waterontharder-maxi.jpg\",\"datePublished\":\"2024-10-31T12:27:53+00:00\",\"dateModified\":\"2025-10-29T08:28:47+00:00\",\"description\":\"Innovativer Wasserenth\u00e4rter in schlichtem schwarzem Design! Viele Optionen und in verschiedenen Ausf\u00fchrungen erh\u00e4ltlich. Kontaktieren Sie uns f\u00fcr ein unverbindliches Beratungsgespr\u00e4ch.\",\"breadcrumb\":{\"@id\":\"https:\\\/\\\/mezutec.nl\\\/de\\\/producten\\\/wasserenthaerter-jane-compact-30l\\\/#breadcrumb\"},\"inLanguage\":\"de\",\"potentialAction\":[{\"@type\":\"ReadAction\",\"target\":[\"https:\\\/\\\/mezutec.nl\\\/de\\\/producten\\\/wasserenthaerter-jane-compact-30l\\\/\"]}]},{\"@type\":\"ImageObject\",\"inLanguage\":\"de\",\"@id\":\"https:\\\/\\\/mezutec.nl\\\/de\\\/producten\\\/wasserenthaerter-jane-compact-30l\\\/#primaryimage\",\"url\":\"https:\\\/\\\/mezutec.nl\\\/wp-content\\\/uploads\\\/2024\\\/03\\\/waterontharder-maxi.jpg\",\"contentUrl\":\"https:\\\/\\\/mezutec.nl\\\/wp-content\\\/uploads\\\/2024\\\/03\\\/waterontharder-maxi.jpg\",\"width\":1000,\"height\":1000,\"caption\":\"Wasserenth\u00e4rter schwarz maxi\"},{\"@type\":\"BreadcrumbList\",\"@id\":\"https:\\\/\\\/mezutec.nl\\\/de\\\/producten\\\/wasserenthaerter-jane-compact-30l\\\/#breadcrumb\",\"itemListElement\":[{\"@type\":\"ListItem\",\"position\":1,\"name\":\"Heim\",\"item\":\"https:\\\/\\\/mezutec.nl\\\/de\\\/mezutec\\\/\"},{\"@type\":\"ListItem\",\"position\":2,\"name\":\"Shop\",\"item\":\"https:\\\/\\\/mezutec.nl\\\/de\\\/shop\\\/\"},{\"@type\":\"ListItem\",\"position\":3,\"name\":\"Wasserenth\u00e4rter Jane Compact 30L\"}]},{\"@type\":\"WebSite\",\"@id\":\"https:\\\/\\\/mezutec.nl\\\/de\\\/#website\",\"url\":\"https:\\\/\\\/mezutec.nl\\\/de\\\/\",\"name\":\"Mezutec Waterzuiveringssystemen\",\"description\":\"Specialist op het gebied van bron- en waterzuiveringssystemen\",\"publisher\":{\"@id\":\"https:\\\/\\\/mezutec.nl\\\/de\\\/#organization\"},\"alternateName\":\"Mezutec\",\"potentialAction\":[{\"@type\":\"SearchAction\",\"target\":{\"@type\":\"EntryPoint\",\"urlTemplate\":\"https:\\\/\\\/mezutec.nl\\\/de\\\/?s={search_term_string}\"},\"query-input\":{\"@type\":\"PropertyValueSpecification\",\"valueRequired\":true,\"valueName\":\"search_term_string\"}}],\"inLanguage\":\"de\"},{\"@type\":\"Organization\",\"@id\":\"https:\\\/\\\/mezutec.nl\\\/de\\\/#organization\",\"name\":\"Mezutec Waterzuiveringssystemen\",\"alternateName\":\"Mezutec\",\"url\":\"https:\\\/\\\/mezutec.nl\\\/de\\\/\",\"logo\":{\"@type\":\"ImageObject\",\"inLanguage\":\"de\",\"@id\":\"https:\\\/\\\/mezutec.nl\\\/de\\\/#\\\/schema\\\/logo\\\/image\\\/\",\"url\":\"https:\\\/\\\/mezutec.nl\\\/wp-content\\\/uploads\\\/2022\\\/05\\\/cropped-mezutec-logo.jpg\",\"contentUrl\":\"https:\\\/\\\/mezutec.nl\\\/wp-content\\\/uploads\\\/2022\\\/05\\\/cropped-mezutec-logo.jpg\",\"width\":500,\"height\":248,\"caption\":\"Mezutec Waterzuiveringssystemen\"},\"image\":{\"@id\":\"https:\\\/\\\/mezutec.nl\\\/de\\\/#\\\/schema\\\/logo\\\/image\\\/\"},\"sameAs\":[\"https:\\\/\\\/www.facebook.com\\\/Mezutec\"]}]}<\/script>\n<!-- \/ Yoast SEO plugin. -->","yoast_head_json":{"title":"Wasserenth\u00e4rter Jane: Der Wasserenth\u00e4rter mit der besten Leistung!","description":"Innovativer Wasserenth\u00e4rter in schlichtem schwarzem Design! Viele Optionen und in verschiedenen Ausf\u00fchrungen erh\u00e4ltlich. Kontaktieren Sie uns f\u00fcr ein unverbindliches Beratungsgespr\u00e4ch.","robots":{"index":"index","follow":"follow","max-snippet":"max-snippet:-1","max-image-preview":"max-image-preview:large","max-video-preview":"max-video-preview:-1"},"canonical":"https:\/\/mezutec.nl\/de\/producten\/wasserenthaerter-jane-compact-30l\/","og_locale":"de_DE","og_type":"article","og_title":"Wasserenth\u00e4rter Jane: Der Wasserenth\u00e4rter mit der besten Leistung!","og_description":"Innovativer Wasserenth\u00e4rter in schlichtem schwarzem Design! Viele Optionen und in verschiedenen Ausf\u00fchrungen erh\u00e4ltlich. Kontaktieren Sie uns f\u00fcr ein unverbindliches Beratungsgespr\u00e4ch.","og_url":"https:\/\/mezutec.nl\/de\/producten\/wasserenthaerter-jane-compact-30l\/","og_site_name":"Mezutec Waterzuiveringssystemen","article_publisher":"https:\/\/www.facebook.com\/Mezutec","article_modified_time":"2025-10-29T08:28:47+00:00","og_image":[{"width":1000,"height":1000,"url":"https:\/\/mezutec.nl\/wp-content\/uploads\/2024\/03\/waterontharder-maxi.jpg","type":"image\/jpeg"}],"twitter_card":"summary_large_image","schema":{"@context":"https:\/\/schema.org","@graph":[{"@type":"WebPage","@id":"https:\/\/mezutec.nl\/de\/producten\/wasserenthaerter-jane-compact-30l\/","url":"https:\/\/mezutec.nl\/de\/producten\/wasserenthaerter-jane-compact-30l\/","name":"Wasserenth\u00e4rter Jane: Der Wasserenth\u00e4rter mit der besten Leistung!","isPartOf":{"@id":"https:\/\/mezutec.nl\/de\/#website"},"primaryImageOfPage":{"@id":"https:\/\/mezutec.nl\/de\/producten\/wasserenthaerter-jane-compact-30l\/#primaryimage"},"image":{"@id":"https:\/\/mezutec.nl\/de\/producten\/wasserenthaerter-jane-compact-30l\/#primaryimage"},"thumbnailUrl":"https:\/\/mezutec.nl\/wp-content\/uploads\/2024\/03\/waterontharder-maxi.jpg","datePublished":"2024-10-31T12:27:53+00:00","dateModified":"2025-10-29T08:28:47+00:00","description":"Innovativer Wasserenth\u00e4rter in schlichtem schwarzem Design! Viele Optionen und in verschiedenen Ausf\u00fchrungen erh\u00e4ltlich. Kontaktieren Sie uns f\u00fcr ein unverbindliches Beratungsgespr\u00e4ch.","breadcrumb":{"@id":"https:\/\/mezutec.nl\/de\/producten\/wasserenthaerter-jane-compact-30l\/#breadcrumb"},"inLanguage":"de","potentialAction":[{"@type":"ReadAction","target":["https:\/\/mezutec.nl\/de\/producten\/wasserenthaerter-jane-compact-30l\/"]}]},{"@type":"ImageObject","inLanguage":"de","@id":"https:\/\/mezutec.nl\/de\/producten\/wasserenthaerter-jane-compact-30l\/#primaryimage","url":"https:\/\/mezutec.nl\/wp-content\/uploads\/2024\/03\/waterontharder-maxi.jpg","contentUrl":"https:\/\/mezutec.nl\/wp-content\/uploads\/2024\/03\/waterontharder-maxi.jpg","width":1000,"height":1000,"caption":"Wasserenth\u00e4rter schwarz maxi"},{"@type":"BreadcrumbList","@id":"https:\/\/mezutec.nl\/de\/producten\/wasserenthaerter-jane-compact-30l\/#breadcrumb","itemListElement":[{"@type":"ListItem","position":1,"name":"Heim","item":"https:\/\/mezutec.nl\/de\/mezutec\/"},{"@type":"ListItem","position":2,"name":"Shop","item":"https:\/\/mezutec.nl\/de\/shop\/"},{"@type":"ListItem","position":3,"name":"Wasserenth\u00e4rter Jane Compact 30L"}]},{"@type":"WebSite","@id":"https:\/\/mezutec.nl\/de\/#website","url":"https:\/\/mezutec.nl\/de\/","name":"Mezutec Waterzuiveringssystemen","description":"Specialist op het gebied van bron- en waterzuiveringssystemen","publisher":{"@id":"https:\/\/mezutec.nl\/de\/#organization"},"alternateName":"Mezutec","potentialAction":[{"@type":"SearchAction","target":{"@type":"EntryPoint","urlTemplate":"https:\/\/mezutec.nl\/de\/?s={search_term_string}"},"query-input":{"@type":"PropertyValueSpecification","valueRequired":true,"valueName":"search_term_string"}}],"inLanguage":"de"},{"@type":"Organization","@id":"https:\/\/mezutec.nl\/de\/#organization","name":"Mezutec Waterzuiveringssystemen","alternateName":"Mezutec","url":"https:\/\/mezutec.nl\/de\/","logo":{"@type":"ImageObject","inLanguage":"de","@id":"https:\/\/mezutec.nl\/de\/#\/schema\/logo\/image\/","url":"https:\/\/mezutec.nl\/wp-content\/uploads\/2022\/05\/cropped-mezutec-logo.jpg","contentUrl":"https:\/\/mezutec.nl\/wp-content\/uploads\/2022\/05\/cropped-mezutec-logo.jpg","width":500,"height":248,"caption":"Mezutec Waterzuiveringssystemen"},"image":{"@id":"https:\/\/mezutec.nl\/de\/#\/schema\/logo\/image\/"},"sameAs":["https:\/\/www.facebook.com\/Mezutec"]}]}},"_links":{"self":[{"href":"https:\/\/mezutec.nl\/de\/wp-json\/wp\/v2\/product\/21374","targetHints":{"allow":["GET"]}}],"collection":[{"href":"https:\/\/mezutec.nl\/de\/wp-json\/wp\/v2\/product"}],"about":[{"href":"https:\/\/mezutec.nl\/de\/wp-json\/wp\/v2\/types\/product"}],"wp:featuredmedia":[{"embeddable":true,"href":"https:\/\/mezutec.nl\/de\/wp-json\/wp\/v2\/media\/20631"}],"wp:attachment":[{"href":"https:\/\/mezutec.nl\/de\/wp-json\/wp\/v2\/media?parent=21374"}],"wp:term":[{"taxonomy":"product_cat","embeddable":true,"href":"https:\/\/mezutec.nl\/de\/wp-json\/wp\/v2\/product_cat?post=21374"},{"taxonomy":"product_tag","embeddable":true,"href":"https:\/\/mezutec.nl\/de\/wp-json\/wp\/v2\/product_tag?post=21374"}],"curies":[{"name":"wp","href":"https:\/\/api.w.org\/{rel}","templated":true}]}}