{"id":21382,"date":"2021-09-14T17:16:44","date_gmt":"2021-09-14T15:16:44","guid":{"rendered":"https:\/\/mezutec.nl\/producten\/feuerwehranschluss-komplett-oberteil-gm\/"},"modified":"2021-09-14T17:16:44","modified_gmt":"2021-09-14T15:16:44","slug":"feuerwehranschluss-komplett-oberteil-gm","status":"publish","type":"product","link":"https:\/\/mezutec.nl\/de\/producten\/feuerwehranschluss-komplett-oberteil-gm\/","title":{"rendered":"Feuerwehranschluss komplett Oberteil (GM)"},"content":{"rendered":"<p>Feuerwehranschluss komplett Oberteil (GM)<\/p>\n","protected":false},"excerpt":{"rendered":"<p>Bestellen Sie hier Ihr Oberteil f\u00fcr einen Feuerwehranschluss (GM)<\/p>\n","protected":false},"featured_media":20380,"template":"","meta":{"_acf_changed":false,"postBodyCss":"","postBodyMargin":[],"postBodyPadding":[],"postBodyBackground":{"backgroundType":"classic","gradient":""}},"product_cat":[559],"product_tag":[],"class_list":{"0":"post-21382","1":"product","2":"type-product","3":"status-publish","4":"has-post-thumbnail","6":"product_cat-quellprodukte","7":"product_shipping_class-langs-oder-palettenfracht","9":"first","10":"instock","11":"taxable","12":"shipping-taxable","13":"purchasable","14":"product-type-simple","swatches":"rey-swatches","show_selected":""},"acf":[],"yoast_head":"<!-- This site is optimized with the Yoast SEO plugin v27.3 - https:\/\/yoast.com\/product\/yoast-seo-wordpress\/ -->\n<title>Feuerwehranschluss - Mezutec Wasseraufbereitungssysteme<\/title>\n<meta name=\"description\" content=\"F\u00fcr einen optimalen Schutz vor Feuer k\u00f6nnen Sie sich an Mezutec wenden. Im Ernstfall versorgt Sie eine Feuerstelle immer mit L\u00f6schwasser.\" \/>\n<meta name=\"robots\" content=\"index, follow, max-snippet:-1, max-image-preview:large, max-video-preview:-1\" \/>\n<link rel=\"canonical\" href=\"https:\/\/mezutec.nl\/de\/producten\/feuerwehranschluss-komplett-oberteil-gm\/\" \/>\n<meta property=\"og:locale\" content=\"de_DE\" \/>\n<meta property=\"og:type\" content=\"article\" \/>\n<meta property=\"og:title\" content=\"Feuerwehranschluss - Mezutec Wasseraufbereitungssysteme\" \/>\n<meta property=\"og:description\" content=\"F\u00fcr einen optimalen Schutz vor Feuer k\u00f6nnen Sie sich an Mezutec wenden. Im Ernstfall versorgt Sie eine Feuerstelle immer mit L\u00f6schwasser.\" \/>\n<meta property=\"og:url\" content=\"https:\/\/mezutec.nl\/de\/producten\/feuerwehranschluss-komplett-oberteil-gm\/\" \/>\n<meta property=\"og:site_name\" content=\"Mezutec Waterzuiveringssystemen\" \/>\n<meta property=\"article:publisher\" content=\"https:\/\/www.facebook.com\/Mezutec\" \/>\n<meta property=\"og:image\" content=\"https:\/\/mezutec.nl\/wp-content\/uploads\/2021\/09\/Brandweeraansluiting-scaled-1.jpg\" \/>\n\t<meta property=\"og:image:width\" content=\"2560\" \/>\n\t<meta property=\"og:image:height\" content=\"1950\" \/>\n\t<meta property=\"og:image:type\" content=\"image\/jpeg\" \/>\n<meta name=\"twitter:card\" content=\"summary_large_image\" \/>\n<script type=\"application\/ld+json\" class=\"yoast-schema-graph\">{\"@context\":\"https:\\\/\\\/schema.org\",\"@graph\":[{\"@type\":\"WebPage\",\"@id\":\"https:\\\/\\\/mezutec.nl\\\/de\\\/producten\\\/feuerwehranschluss-komplett-oberteil-gm\\\/\",\"url\":\"https:\\\/\\\/mezutec.nl\\\/de\\\/producten\\\/feuerwehranschluss-komplett-oberteil-gm\\\/\",\"name\":\"Feuerwehranschluss - Mezutec Wasseraufbereitungssysteme\",\"isPartOf\":{\"@id\":\"https:\\\/\\\/mezutec.nl\\\/de\\\/#website\"},\"primaryImageOfPage\":{\"@id\":\"https:\\\/\\\/mezutec.nl\\\/de\\\/producten\\\/feuerwehranschluss-komplett-oberteil-gm\\\/#primaryimage\"},\"image\":{\"@id\":\"https:\\\/\\\/mezutec.nl\\\/de\\\/producten\\\/feuerwehranschluss-komplett-oberteil-gm\\\/#primaryimage\"},\"thumbnailUrl\":\"https:\\\/\\\/mezutec.nl\\\/wp-content\\\/uploads\\\/2021\\\/09\\\/Brandweeraansluiting-scaled-1.jpg\",\"datePublished\":\"2021-09-14T15:16:44+00:00\",\"description\":\"F\u00fcr einen optimalen Schutz vor Feuer k\u00f6nnen Sie sich an Mezutec wenden. Im Ernstfall versorgt Sie eine Feuerstelle immer mit L\u00f6schwasser.\",\"breadcrumb\":{\"@id\":\"https:\\\/\\\/mezutec.nl\\\/de\\\/producten\\\/feuerwehranschluss-komplett-oberteil-gm\\\/#breadcrumb\"},\"inLanguage\":\"de\",\"potentialAction\":[{\"@type\":\"ReadAction\",\"target\":[\"https:\\\/\\\/mezutec.nl\\\/de\\\/producten\\\/feuerwehranschluss-komplett-oberteil-gm\\\/\"]}]},{\"@type\":\"ImageObject\",\"inLanguage\":\"de\",\"@id\":\"https:\\\/\\\/mezutec.nl\\\/de\\\/producten\\\/feuerwehranschluss-komplett-oberteil-gm\\\/#primaryimage\",\"url\":\"https:\\\/\\\/mezutec.nl\\\/wp-content\\\/uploads\\\/2021\\\/09\\\/Brandweeraansluiting-scaled-1.jpg\",\"contentUrl\":\"https:\\\/\\\/mezutec.nl\\\/wp-content\\\/uploads\\\/2021\\\/09\\\/Brandweeraansluiting-scaled-1.jpg\",\"width\":2560,\"height\":1950,\"caption\":\"Feuerwehranbindung komplett\"},{\"@type\":\"BreadcrumbList\",\"@id\":\"https:\\\/\\\/mezutec.nl\\\/de\\\/producten\\\/feuerwehranschluss-komplett-oberteil-gm\\\/#breadcrumb\",\"itemListElement\":[{\"@type\":\"ListItem\",\"position\":1,\"name\":\"Heim\",\"item\":\"https:\\\/\\\/mezutec.nl\\\/de\\\/mezutec\\\/\"},{\"@type\":\"ListItem\",\"position\":2,\"name\":\"Shop\",\"item\":\"https:\\\/\\\/mezutec.nl\\\/de\\\/shop\\\/\"},{\"@type\":\"ListItem\",\"position\":3,\"name\":\"Feuerwehranschluss komplett Oberteil (GM)\"}]},{\"@type\":\"WebSite\",\"@id\":\"https:\\\/\\\/mezutec.nl\\\/de\\\/#website\",\"url\":\"https:\\\/\\\/mezutec.nl\\\/de\\\/\",\"name\":\"Mezutec Waterzuiveringssystemen\",\"description\":\"Specialist op het gebied van bron- en waterzuiveringssystemen\",\"publisher\":{\"@id\":\"https:\\\/\\\/mezutec.nl\\\/de\\\/#organization\"},\"alternateName\":\"Mezutec\",\"potentialAction\":[{\"@type\":\"SearchAction\",\"target\":{\"@type\":\"EntryPoint\",\"urlTemplate\":\"https:\\\/\\\/mezutec.nl\\\/de\\\/?s={search_term_string}\"},\"query-input\":{\"@type\":\"PropertyValueSpecification\",\"valueRequired\":true,\"valueName\":\"search_term_string\"}}],\"inLanguage\":\"de\"},{\"@type\":\"Organization\",\"@id\":\"https:\\\/\\\/mezutec.nl\\\/de\\\/#organization\",\"name\":\"Mezutec Waterzuiveringssystemen\",\"alternateName\":\"Mezutec\",\"url\":\"https:\\\/\\\/mezutec.nl\\\/de\\\/\",\"logo\":{\"@type\":\"ImageObject\",\"inLanguage\":\"de\",\"@id\":\"https:\\\/\\\/mezutec.nl\\\/de\\\/#\\\/schema\\\/logo\\\/image\\\/\",\"url\":\"https:\\\/\\\/mezutec.nl\\\/wp-content\\\/uploads\\\/2022\\\/05\\\/cropped-mezutec-logo.jpg\",\"contentUrl\":\"https:\\\/\\\/mezutec.nl\\\/wp-content\\\/uploads\\\/2022\\\/05\\\/cropped-mezutec-logo.jpg\",\"width\":500,\"height\":248,\"caption\":\"Mezutec Waterzuiveringssystemen\"},\"image\":{\"@id\":\"https:\\\/\\\/mezutec.nl\\\/de\\\/#\\\/schema\\\/logo\\\/image\\\/\"},\"sameAs\":[\"https:\\\/\\\/www.facebook.com\\\/Mezutec\"]}]}<\/script>\n<!-- \/ Yoast SEO plugin. -->","yoast_head_json":{"title":"Feuerwehranschluss - Mezutec Wasseraufbereitungssysteme","description":"F\u00fcr einen optimalen Schutz vor Feuer k\u00f6nnen Sie sich an Mezutec wenden. Im Ernstfall versorgt Sie eine Feuerstelle immer mit L\u00f6schwasser.","robots":{"index":"index","follow":"follow","max-snippet":"max-snippet:-1","max-image-preview":"max-image-preview:large","max-video-preview":"max-video-preview:-1"},"canonical":"https:\/\/mezutec.nl\/de\/producten\/feuerwehranschluss-komplett-oberteil-gm\/","og_locale":"de_DE","og_type":"article","og_title":"Feuerwehranschluss - Mezutec Wasseraufbereitungssysteme","og_description":"F\u00fcr einen optimalen Schutz vor Feuer k\u00f6nnen Sie sich an Mezutec wenden. Im Ernstfall versorgt Sie eine Feuerstelle immer mit L\u00f6schwasser.","og_url":"https:\/\/mezutec.nl\/de\/producten\/feuerwehranschluss-komplett-oberteil-gm\/","og_site_name":"Mezutec Waterzuiveringssystemen","article_publisher":"https:\/\/www.facebook.com\/Mezutec","og_image":[{"width":2560,"height":1950,"url":"https:\/\/mezutec.nl\/wp-content\/uploads\/2021\/09\/Brandweeraansluiting-scaled-1.jpg","type":"image\/jpeg"}],"twitter_card":"summary_large_image","schema":{"@context":"https:\/\/schema.org","@graph":[{"@type":"WebPage","@id":"https:\/\/mezutec.nl\/de\/producten\/feuerwehranschluss-komplett-oberteil-gm\/","url":"https:\/\/mezutec.nl\/de\/producten\/feuerwehranschluss-komplett-oberteil-gm\/","name":"Feuerwehranschluss - Mezutec Wasseraufbereitungssysteme","isPartOf":{"@id":"https:\/\/mezutec.nl\/de\/#website"},"primaryImageOfPage":{"@id":"https:\/\/mezutec.nl\/de\/producten\/feuerwehranschluss-komplett-oberteil-gm\/#primaryimage"},"image":{"@id":"https:\/\/mezutec.nl\/de\/producten\/feuerwehranschluss-komplett-oberteil-gm\/#primaryimage"},"thumbnailUrl":"https:\/\/mezutec.nl\/wp-content\/uploads\/2021\/09\/Brandweeraansluiting-scaled-1.jpg","datePublished":"2021-09-14T15:16:44+00:00","description":"F\u00fcr einen optimalen Schutz vor Feuer k\u00f6nnen Sie sich an Mezutec wenden. Im Ernstfall versorgt Sie eine Feuerstelle immer mit L\u00f6schwasser.","breadcrumb":{"@id":"https:\/\/mezutec.nl\/de\/producten\/feuerwehranschluss-komplett-oberteil-gm\/#breadcrumb"},"inLanguage":"de","potentialAction":[{"@type":"ReadAction","target":["https:\/\/mezutec.nl\/de\/producten\/feuerwehranschluss-komplett-oberteil-gm\/"]}]},{"@type":"ImageObject","inLanguage":"de","@id":"https:\/\/mezutec.nl\/de\/producten\/feuerwehranschluss-komplett-oberteil-gm\/#primaryimage","url":"https:\/\/mezutec.nl\/wp-content\/uploads\/2021\/09\/Brandweeraansluiting-scaled-1.jpg","contentUrl":"https:\/\/mezutec.nl\/wp-content\/uploads\/2021\/09\/Brandweeraansluiting-scaled-1.jpg","width":2560,"height":1950,"caption":"Feuerwehranbindung komplett"},{"@type":"BreadcrumbList","@id":"https:\/\/mezutec.nl\/de\/producten\/feuerwehranschluss-komplett-oberteil-gm\/#breadcrumb","itemListElement":[{"@type":"ListItem","position":1,"name":"Heim","item":"https:\/\/mezutec.nl\/de\/mezutec\/"},{"@type":"ListItem","position":2,"name":"Shop","item":"https:\/\/mezutec.nl\/de\/shop\/"},{"@type":"ListItem","position":3,"name":"Feuerwehranschluss komplett Oberteil (GM)"}]},{"@type":"WebSite","@id":"https:\/\/mezutec.nl\/de\/#website","url":"https:\/\/mezutec.nl\/de\/","name":"Mezutec Waterzuiveringssystemen","description":"Specialist op het gebied van bron- en waterzuiveringssystemen","publisher":{"@id":"https:\/\/mezutec.nl\/de\/#organization"},"alternateName":"Mezutec","potentialAction":[{"@type":"SearchAction","target":{"@type":"EntryPoint","urlTemplate":"https:\/\/mezutec.nl\/de\/?s={search_term_string}"},"query-input":{"@type":"PropertyValueSpecification","valueRequired":true,"valueName":"search_term_string"}}],"inLanguage":"de"},{"@type":"Organization","@id":"https:\/\/mezutec.nl\/de\/#organization","name":"Mezutec Waterzuiveringssystemen","alternateName":"Mezutec","url":"https:\/\/mezutec.nl\/de\/","logo":{"@type":"ImageObject","inLanguage":"de","@id":"https:\/\/mezutec.nl\/de\/#\/schema\/logo\/image\/","url":"https:\/\/mezutec.nl\/wp-content\/uploads\/2022\/05\/cropped-mezutec-logo.jpg","contentUrl":"https:\/\/mezutec.nl\/wp-content\/uploads\/2022\/05\/cropped-mezutec-logo.jpg","width":500,"height":248,"caption":"Mezutec Waterzuiveringssystemen"},"image":{"@id":"https:\/\/mezutec.nl\/de\/#\/schema\/logo\/image\/"},"sameAs":["https:\/\/www.facebook.com\/Mezutec"]}]}},"_links":{"self":[{"href":"https:\/\/mezutec.nl\/de\/wp-json\/wp\/v2\/product\/21382","targetHints":{"allow":["GET"]}}],"collection":[{"href":"https:\/\/mezutec.nl\/de\/wp-json\/wp\/v2\/product"}],"about":[{"href":"https:\/\/mezutec.nl\/de\/wp-json\/wp\/v2\/types\/product"}],"wp:featuredmedia":[{"embeddable":true,"href":"https:\/\/mezutec.nl\/de\/wp-json\/wp\/v2\/media\/20380"}],"wp:attachment":[{"href":"https:\/\/mezutec.nl\/de\/wp-json\/wp\/v2\/media?parent=21382"}],"wp:term":[{"taxonomy":"product_cat","embeddable":true,"href":"https:\/\/mezutec.nl\/de\/wp-json\/wp\/v2\/product_cat?post=21382"},{"taxonomy":"product_tag","embeddable":true,"href":"https:\/\/mezutec.nl\/de\/wp-json\/wp\/v2\/product_tag?post=21382"}],"curies":[{"name":"wp","href":"https:\/\/api.w.org\/{rel}","templated":true}]}}