{"id":21394,"date":"2021-09-14T15:16:16","date_gmt":"2021-09-14T13:16:16","guid":{"rendered":"https:\/\/mezutec.nl\/producten\/itap-rueckschlagventile-modell-roma-mit-entlueftung\/"},"modified":"2021-09-14T15:16:16","modified_gmt":"2021-09-14T13:16:16","slug":"itap-rueckschlagventile-modell-roma-mit-entlueftung","status":"publish","type":"product","link":"https:\/\/mezutec.nl\/de\/producten\/itap-rueckschlagventile-modell-roma-mit-entlueftung\/","title":{"rendered":"Itap\u00ae R\u00fcckschlagventile Modell Roma mit Entl\u00fcftung"},"content":{"rendered":"<p>Erh\u00e4ltlich in verschiedenen Gr\u00f6\u00dfen.<\/p>\n","protected":false},"excerpt":{"rendered":"<p>R\u00fcckschlagventil mit Entl\u00fcftung f\u00fcr Quelleninstallationen<\/p>\n","protected":false},"featured_media":20362,"template":"","meta":{"_acf_changed":false,"postBodyCss":"","postBodyMargin":[],"postBodyPadding":[],"postBodyBackground":{"backgroundType":"classic","gradient":""}},"product_cat":[559],"product_tag":[],"class_list":{"0":"post-21394","1":"product","2":"type-product","3":"status-publish","4":"has-post-thumbnail","6":"product_cat-quellprodukte","7":"product_shipping_class-paketdienst","9":"first","10":"instock","11":"taxable","12":"shipping-taxable","13":"purchasable","14":"product-type-variable","swatches":"rey-swatches","show_selected":""},"acf":[],"yoast_head":"<!-- This site is optimized with the Yoast SEO plugin v27.3 - https:\/\/yoast.com\/product\/yoast-seo-wordpress\/ -->\n<title>Itap\u00ae R\u00fcckschlagventile Modell Roma mit Entl\u00fcftung - Mezutec<\/title>\n<meta name=\"description\" content=\"Itap R\u00fcckschlagventil mit Entl\u00fcftung, geeignet f\u00fcr Quelleninstallationen. Das R\u00fcckschlagventil ist in verschiedenen Gr\u00f6\u00dfen erh\u00e4ltlich.\" \/>\n<meta name=\"robots\" content=\"index, follow, max-snippet:-1, max-image-preview:large, max-video-preview:-1\" \/>\n<link rel=\"canonical\" href=\"https:\/\/mezutec.nl\/de\/producten\/itap-rueckschlagventile-modell-roma-mit-entlueftung\/\" \/>\n<meta property=\"og:locale\" content=\"de_DE\" \/>\n<meta property=\"og:type\" content=\"article\" \/>\n<meta property=\"og:title\" content=\"Itap\u00ae R\u00fcckschlagventile Modell Roma mit Entl\u00fcftung - Mezutec\" \/>\n<meta property=\"og:description\" content=\"Itap R\u00fcckschlagventil mit Entl\u00fcftung, geeignet f\u00fcr Quelleninstallationen. Das R\u00fcckschlagventil ist in verschiedenen Gr\u00f6\u00dfen erh\u00e4ltlich.\" \/>\n<meta property=\"og:url\" content=\"https:\/\/mezutec.nl\/de\/producten\/itap-rueckschlagventile-modell-roma-mit-entlueftung\/\" \/>\n<meta property=\"og:site_name\" content=\"Mezutec Waterzuiveringssystemen\" \/>\n<meta property=\"article:publisher\" content=\"https:\/\/www.facebook.com\/Mezutec\" \/>\n<meta property=\"og:image\" content=\"https:\/\/mezutec.nl\/wp-content\/uploads\/2021\/09\/Terugslagklep-Itap-roma-scaled-1.jpg\" \/>\n\t<meta property=\"og:image:width\" content=\"2560\" \/>\n\t<meta property=\"og:image:height\" content=\"1950\" \/>\n\t<meta property=\"og:image:type\" content=\"image\/jpeg\" \/>\n<meta name=\"twitter:card\" content=\"summary_large_image\" \/>\n<script type=\"application\/ld+json\" class=\"yoast-schema-graph\">{\"@context\":\"https:\\\/\\\/schema.org\",\"@graph\":[{\"@type\":\"WebPage\",\"@id\":\"https:\\\/\\\/mezutec.nl\\\/de\\\/producten\\\/itap-rueckschlagventile-modell-roma-mit-entlueftung\\\/\",\"url\":\"https:\\\/\\\/mezutec.nl\\\/de\\\/producten\\\/itap-rueckschlagventile-modell-roma-mit-entlueftung\\\/\",\"name\":\"Itap\u00ae R\u00fcckschlagventile Modell Roma mit Entl\u00fcftung - Mezutec\",\"isPartOf\":{\"@id\":\"https:\\\/\\\/mezutec.nl\\\/de\\\/#website\"},\"primaryImageOfPage\":{\"@id\":\"https:\\\/\\\/mezutec.nl\\\/de\\\/producten\\\/itap-rueckschlagventile-modell-roma-mit-entlueftung\\\/#primaryimage\"},\"image\":{\"@id\":\"https:\\\/\\\/mezutec.nl\\\/de\\\/producten\\\/itap-rueckschlagventile-modell-roma-mit-entlueftung\\\/#primaryimage\"},\"thumbnailUrl\":\"https:\\\/\\\/mezutec.nl\\\/wp-content\\\/uploads\\\/2021\\\/09\\\/Terugslagklep-Itap-roma-scaled-1.jpg\",\"datePublished\":\"2021-09-14T13:16:16+00:00\",\"description\":\"Itap R\u00fcckschlagventil mit Entl\u00fcftung, geeignet f\u00fcr Quelleninstallationen. Das R\u00fcckschlagventil ist in verschiedenen Gr\u00f6\u00dfen erh\u00e4ltlich.\",\"breadcrumb\":{\"@id\":\"https:\\\/\\\/mezutec.nl\\\/de\\\/producten\\\/itap-rueckschlagventile-modell-roma-mit-entlueftung\\\/#breadcrumb\"},\"inLanguage\":\"de\",\"potentialAction\":[{\"@type\":\"ReadAction\",\"target\":[\"https:\\\/\\\/mezutec.nl\\\/de\\\/producten\\\/itap-rueckschlagventile-modell-roma-mit-entlueftung\\\/\"]}]},{\"@type\":\"ImageObject\",\"inLanguage\":\"de\",\"@id\":\"https:\\\/\\\/mezutec.nl\\\/de\\\/producten\\\/itap-rueckschlagventile-modell-roma-mit-entlueftung\\\/#primaryimage\",\"url\":\"https:\\\/\\\/mezutec.nl\\\/wp-content\\\/uploads\\\/2021\\\/09\\\/Terugslagklep-Itap-roma-scaled-1.jpg\",\"contentUrl\":\"https:\\\/\\\/mezutec.nl\\\/wp-content\\\/uploads\\\/2021\\\/09\\\/Terugslagklep-Itap-roma-scaled-1.jpg\",\"width\":2560,\"height\":1950,\"caption\":\"R\u00fcckschlagventil Itap roma\"},{\"@type\":\"BreadcrumbList\",\"@id\":\"https:\\\/\\\/mezutec.nl\\\/de\\\/producten\\\/itap-rueckschlagventile-modell-roma-mit-entlueftung\\\/#breadcrumb\",\"itemListElement\":[{\"@type\":\"ListItem\",\"position\":1,\"name\":\"Heim\",\"item\":\"https:\\\/\\\/mezutec.nl\\\/de\\\/mezutec\\\/\"},{\"@type\":\"ListItem\",\"position\":2,\"name\":\"Shop\",\"item\":\"https:\\\/\\\/mezutec.nl\\\/de\\\/shop\\\/\"},{\"@type\":\"ListItem\",\"position\":3,\"name\":\"Itap\u00ae R\u00fcckschlagventile Modell Roma mit Entl\u00fcftung\"}]},{\"@type\":\"WebSite\",\"@id\":\"https:\\\/\\\/mezutec.nl\\\/de\\\/#website\",\"url\":\"https:\\\/\\\/mezutec.nl\\\/de\\\/\",\"name\":\"Mezutec Waterzuiveringssystemen\",\"description\":\"Specialist op het gebied van bron- en waterzuiveringssystemen\",\"publisher\":{\"@id\":\"https:\\\/\\\/mezutec.nl\\\/de\\\/#organization\"},\"alternateName\":\"Mezutec\",\"potentialAction\":[{\"@type\":\"SearchAction\",\"target\":{\"@type\":\"EntryPoint\",\"urlTemplate\":\"https:\\\/\\\/mezutec.nl\\\/de\\\/?s={search_term_string}\"},\"query-input\":{\"@type\":\"PropertyValueSpecification\",\"valueRequired\":true,\"valueName\":\"search_term_string\"}}],\"inLanguage\":\"de\"},{\"@type\":\"Organization\",\"@id\":\"https:\\\/\\\/mezutec.nl\\\/de\\\/#organization\",\"name\":\"Mezutec Waterzuiveringssystemen\",\"alternateName\":\"Mezutec\",\"url\":\"https:\\\/\\\/mezutec.nl\\\/de\\\/\",\"logo\":{\"@type\":\"ImageObject\",\"inLanguage\":\"de\",\"@id\":\"https:\\\/\\\/mezutec.nl\\\/de\\\/#\\\/schema\\\/logo\\\/image\\\/\",\"url\":\"https:\\\/\\\/mezutec.nl\\\/wp-content\\\/uploads\\\/2022\\\/05\\\/cropped-mezutec-logo.jpg\",\"contentUrl\":\"https:\\\/\\\/mezutec.nl\\\/wp-content\\\/uploads\\\/2022\\\/05\\\/cropped-mezutec-logo.jpg\",\"width\":500,\"height\":248,\"caption\":\"Mezutec Waterzuiveringssystemen\"},\"image\":{\"@id\":\"https:\\\/\\\/mezutec.nl\\\/de\\\/#\\\/schema\\\/logo\\\/image\\\/\"},\"sameAs\":[\"https:\\\/\\\/www.facebook.com\\\/Mezutec\"]}]}<\/script>\n<!-- \/ Yoast SEO plugin. -->","yoast_head_json":{"title":"Itap\u00ae R\u00fcckschlagventile Modell Roma mit Entl\u00fcftung - Mezutec","description":"Itap R\u00fcckschlagventil mit Entl\u00fcftung, geeignet f\u00fcr Quelleninstallationen. Das R\u00fcckschlagventil ist in verschiedenen Gr\u00f6\u00dfen erh\u00e4ltlich.","robots":{"index":"index","follow":"follow","max-snippet":"max-snippet:-1","max-image-preview":"max-image-preview:large","max-video-preview":"max-video-preview:-1"},"canonical":"https:\/\/mezutec.nl\/de\/producten\/itap-rueckschlagventile-modell-roma-mit-entlueftung\/","og_locale":"de_DE","og_type":"article","og_title":"Itap\u00ae R\u00fcckschlagventile Modell Roma mit Entl\u00fcftung - Mezutec","og_description":"Itap R\u00fcckschlagventil mit Entl\u00fcftung, geeignet f\u00fcr Quelleninstallationen. Das R\u00fcckschlagventil ist in verschiedenen Gr\u00f6\u00dfen erh\u00e4ltlich.","og_url":"https:\/\/mezutec.nl\/de\/producten\/itap-rueckschlagventile-modell-roma-mit-entlueftung\/","og_site_name":"Mezutec Waterzuiveringssystemen","article_publisher":"https:\/\/www.facebook.com\/Mezutec","og_image":[{"width":2560,"height":1950,"url":"https:\/\/mezutec.nl\/wp-content\/uploads\/2021\/09\/Terugslagklep-Itap-roma-scaled-1.jpg","type":"image\/jpeg"}],"twitter_card":"summary_large_image","schema":{"@context":"https:\/\/schema.org","@graph":[{"@type":"WebPage","@id":"https:\/\/mezutec.nl\/de\/producten\/itap-rueckschlagventile-modell-roma-mit-entlueftung\/","url":"https:\/\/mezutec.nl\/de\/producten\/itap-rueckschlagventile-modell-roma-mit-entlueftung\/","name":"Itap\u00ae R\u00fcckschlagventile Modell Roma mit Entl\u00fcftung - Mezutec","isPartOf":{"@id":"https:\/\/mezutec.nl\/de\/#website"},"primaryImageOfPage":{"@id":"https:\/\/mezutec.nl\/de\/producten\/itap-rueckschlagventile-modell-roma-mit-entlueftung\/#primaryimage"},"image":{"@id":"https:\/\/mezutec.nl\/de\/producten\/itap-rueckschlagventile-modell-roma-mit-entlueftung\/#primaryimage"},"thumbnailUrl":"https:\/\/mezutec.nl\/wp-content\/uploads\/2021\/09\/Terugslagklep-Itap-roma-scaled-1.jpg","datePublished":"2021-09-14T13:16:16+00:00","description":"Itap R\u00fcckschlagventil mit Entl\u00fcftung, geeignet f\u00fcr Quelleninstallationen. Das R\u00fcckschlagventil ist in verschiedenen Gr\u00f6\u00dfen erh\u00e4ltlich.","breadcrumb":{"@id":"https:\/\/mezutec.nl\/de\/producten\/itap-rueckschlagventile-modell-roma-mit-entlueftung\/#breadcrumb"},"inLanguage":"de","potentialAction":[{"@type":"ReadAction","target":["https:\/\/mezutec.nl\/de\/producten\/itap-rueckschlagventile-modell-roma-mit-entlueftung\/"]}]},{"@type":"ImageObject","inLanguage":"de","@id":"https:\/\/mezutec.nl\/de\/producten\/itap-rueckschlagventile-modell-roma-mit-entlueftung\/#primaryimage","url":"https:\/\/mezutec.nl\/wp-content\/uploads\/2021\/09\/Terugslagklep-Itap-roma-scaled-1.jpg","contentUrl":"https:\/\/mezutec.nl\/wp-content\/uploads\/2021\/09\/Terugslagklep-Itap-roma-scaled-1.jpg","width":2560,"height":1950,"caption":"R\u00fcckschlagventil Itap roma"},{"@type":"BreadcrumbList","@id":"https:\/\/mezutec.nl\/de\/producten\/itap-rueckschlagventile-modell-roma-mit-entlueftung\/#breadcrumb","itemListElement":[{"@type":"ListItem","position":1,"name":"Heim","item":"https:\/\/mezutec.nl\/de\/mezutec\/"},{"@type":"ListItem","position":2,"name":"Shop","item":"https:\/\/mezutec.nl\/de\/shop\/"},{"@type":"ListItem","position":3,"name":"Itap\u00ae R\u00fcckschlagventile Modell Roma mit Entl\u00fcftung"}]},{"@type":"WebSite","@id":"https:\/\/mezutec.nl\/de\/#website","url":"https:\/\/mezutec.nl\/de\/","name":"Mezutec Waterzuiveringssystemen","description":"Specialist op het gebied van bron- en waterzuiveringssystemen","publisher":{"@id":"https:\/\/mezutec.nl\/de\/#organization"},"alternateName":"Mezutec","potentialAction":[{"@type":"SearchAction","target":{"@type":"EntryPoint","urlTemplate":"https:\/\/mezutec.nl\/de\/?s={search_term_string}"},"query-input":{"@type":"PropertyValueSpecification","valueRequired":true,"valueName":"search_term_string"}}],"inLanguage":"de"},{"@type":"Organization","@id":"https:\/\/mezutec.nl\/de\/#organization","name":"Mezutec Waterzuiveringssystemen","alternateName":"Mezutec","url":"https:\/\/mezutec.nl\/de\/","logo":{"@type":"ImageObject","inLanguage":"de","@id":"https:\/\/mezutec.nl\/de\/#\/schema\/logo\/image\/","url":"https:\/\/mezutec.nl\/wp-content\/uploads\/2022\/05\/cropped-mezutec-logo.jpg","contentUrl":"https:\/\/mezutec.nl\/wp-content\/uploads\/2022\/05\/cropped-mezutec-logo.jpg","width":500,"height":248,"caption":"Mezutec Waterzuiveringssystemen"},"image":{"@id":"https:\/\/mezutec.nl\/de\/#\/schema\/logo\/image\/"},"sameAs":["https:\/\/www.facebook.com\/Mezutec"]}]}},"_links":{"self":[{"href":"https:\/\/mezutec.nl\/de\/wp-json\/wp\/v2\/product\/21394","targetHints":{"allow":["GET"]}}],"collection":[{"href":"https:\/\/mezutec.nl\/de\/wp-json\/wp\/v2\/product"}],"about":[{"href":"https:\/\/mezutec.nl\/de\/wp-json\/wp\/v2\/types\/product"}],"wp:featuredmedia":[{"embeddable":true,"href":"https:\/\/mezutec.nl\/de\/wp-json\/wp\/v2\/media\/20362"}],"wp:attachment":[{"href":"https:\/\/mezutec.nl\/de\/wp-json\/wp\/v2\/media?parent=21394"}],"wp:term":[{"taxonomy":"product_cat","embeddable":true,"href":"https:\/\/mezutec.nl\/de\/wp-json\/wp\/v2\/product_cat?post=21394"},{"taxonomy":"product_tag","embeddable":true,"href":"https:\/\/mezutec.nl\/de\/wp-json\/wp\/v2\/product_tag?post=21394"}],"curies":[{"name":"wp","href":"https:\/\/api.w.org\/{rel}","templated":true}]}}