{"id":21403,"date":"2021-09-14T15:16:11","date_gmt":"2021-09-14T13:16:11","guid":{"rendered":"https:\/\/mezutec.nl\/producten\/testkit-zur-wasserkontrolle\/"},"modified":"2021-09-14T15:16:11","modified_gmt":"2021-09-14T13:16:11","slug":"testkit-zur-wasserkontrolle","status":"publish","type":"product","link":"https:\/\/mezutec.nl\/de\/producten\/testkit-zur-wasserkontrolle\/","title":{"rendered":"Testkit zur Wasserkontrolle"},"content":{"rendered":"<h2>Testset Ammonium 0,5-10 mg\/l<\/h2>\n<p>Ein Testset f\u00fcr eine schnelle und semiquantitative Analyse, das vor Ort durchgef\u00fchrt werden kann. Analyse innerhalb von 3 bis 5 Minuten m\u00f6glich. <\/p>\n<h2><b>Testset Chlorid-Messstreifen 0-3000 mg\/l<\/b><\/h2>\n<p>Ein Teststreifen aus Kunststoff von wenigen Quadratmillimetern, der aus biologisch abbaubarer Polyesterfolie besteht. Es liefert ein schnelles Untersuchungsergebnis und ist einfach zu bedienen. Einfach zu bedienen: Eintauchen, Warten und visuelles Messen des Streifens anhand der Farbskala. Sicher: keine zus\u00e4tzlichen Reagenzien erforderlich. Ein schnelles Ergebnis innerhalb von 2 Minuten.<\/p>\n<h2><b><a href=\"https:\/\/mezutec.nl\/wp-content\/uploads\/2021\/09\/Teststrip-chloridetest-scaled-1.jpg\"><img decoding=\"async\" class=\"alignnone wp-image-3738\" src=\"https:\/\/mezutec.nl\/wp-content\/uploads\/2021\/09\/Teststrip-chloridetest-scaled-1-300x229.jpg\" alt=\"\" width=\"240\" height=\"183\" srcset=\"https:\/\/mezutec.nl\/wp-content\/uploads\/2021\/09\/Teststrip-chloridetest-scaled-1-300x229.jpg 300w, https:\/\/mezutec.nl\/wp-content\/uploads\/2021\/09\/Teststrip-chloridetest-scaled-1-600x457.jpg 600w, https:\/\/mezutec.nl\/wp-content\/uploads\/2021\/09\/Teststrip-chloridetest-scaled-1-1024x780.jpg 1024w, https:\/\/mezutec.nl\/wp-content\/uploads\/2021\/09\/Teststrip-chloridetest-scaled-1-768x585.jpg 768w, https:\/\/mezutec.nl\/wp-content\/uploads\/2021\/09\/Teststrip-chloridetest-scaled-1-1536x1170.jpg 1536w, https:\/\/mezutec.nl\/wp-content\/uploads\/2021\/09\/Teststrip-chloridetest-scaled-1-2048x1560.jpg 2048w\" sizes=\"(max-width: 240px) 100vw, 240px\" \/><\/a><\/b><\/h2>\n<h2>Pr\u00fcfset H\u00e4rte DH gesamt<\/h2>\n<p>Ein Schnelltest mit einem Ergebnis, das man im visuellen Farbvergleich ablesen kann. Das Testkit enth\u00e4lt alle notwendigen Reagenzien, Reaktionsk\u00fcvetten, eine Farbvergleichstabelle und eine umfangreiche Gebrauchsanweisung. Analyse innerhalb von ca. 5 Minuten.  <\/p>\n<p><a href=\"https:\/\/mezutec.nl\/wp-content\/uploads\/2021\/09\/Testset-DH-totaal-scaled-1.jpg\"><img decoding=\"async\" class=\"alignnone wp-image-3739 \" src=\"https:\/\/mezutec.nl\/wp-content\/uploads\/2021\/09\/Testset-DH-totaal-scaled-1-300x229.jpg\" alt=\"\" width=\"240\" height=\"183\" srcset=\"https:\/\/mezutec.nl\/wp-content\/uploads\/2021\/09\/Testset-DH-totaal-scaled-1-300x229.jpg 300w, https:\/\/mezutec.nl\/wp-content\/uploads\/2021\/09\/Testset-DH-totaal-scaled-1-600x457.jpg 600w, https:\/\/mezutec.nl\/wp-content\/uploads\/2021\/09\/Testset-DH-totaal-scaled-1-1024x780.jpg 1024w, https:\/\/mezutec.nl\/wp-content\/uploads\/2021\/09\/Testset-DH-totaal-scaled-1-768x585.jpg 768w, https:\/\/mezutec.nl\/wp-content\/uploads\/2021\/09\/Testset-DH-totaal-scaled-1-1536x1170.jpg 1536w, https:\/\/mezutec.nl\/wp-content\/uploads\/2021\/09\/Testset-DH-totaal-scaled-1-2048x1560.jpg 2048w\" sizes=\"(max-width: 240px) 100vw, 240px\" \/><\/a><\/p>\n<h2>Test-Set Eisen<\/h2>\n<p>&gt;  0,1-50 mg\/l<br \/>\n&gt;  fein 0,01-2 mg\/l<br \/>\n&gt;  Fein NP 11136 &#8211; Nachf\u00fcllpackung f\u00fcr 0,1-50 mg\/L<\/p>\n<p>Ein schneller B\u00fcgeltest, der mit der beiliegenden Anleitung einfach zu bedienen ist. Ergebnisse innerhalb von ca. 1 Minute. <\/p>\n<p><a href=\"https:\/\/mezutec.nl\/wp-content\/uploads\/2021\/09\/Testset-DH-totaal-scaled-1.jpg\"><img decoding=\"async\" class=\"alignnone wp-image-3739 \" src=\"https:\/\/mezutec.nl\/wp-content\/uploads\/2021\/09\/Testset-DH-totaal-scaled-1-300x229.jpg\" alt=\"\" width=\"240\" height=\"183\" srcset=\"https:\/\/mezutec.nl\/wp-content\/uploads\/2021\/09\/Testset-DH-totaal-scaled-1-300x229.jpg 300w, https:\/\/mezutec.nl\/wp-content\/uploads\/2021\/09\/Testset-DH-totaal-scaled-1-600x457.jpg 600w, https:\/\/mezutec.nl\/wp-content\/uploads\/2021\/09\/Testset-DH-totaal-scaled-1-1024x780.jpg 1024w, https:\/\/mezutec.nl\/wp-content\/uploads\/2021\/09\/Testset-DH-totaal-scaled-1-768x585.jpg 768w, https:\/\/mezutec.nl\/wp-content\/uploads\/2021\/09\/Testset-DH-totaal-scaled-1-1536x1170.jpg 1536w, https:\/\/mezutec.nl\/wp-content\/uploads\/2021\/09\/Testset-DH-totaal-scaled-1-2048x1560.jpg 2048w\" sizes=\"(max-width: 240px) 100vw, 240px\" \/><\/a><\/p>\n<h2>Testset Mangan 0,0-0,5 mg\/l<\/h2>\n<p>Geeignet f\u00fcr die Messung kleiner Ionenkonzentrationen (einige nicht mehr als 0,005 mg\/l). Ein Schnelltest mit einem Ergebnis, das man im visuellen Farbvergleich ablesen kann. Ergebnisse innerhalb von ca. 1 Minute. Besonders geeignet f\u00fcr die Analyse von Trinkwasser, Quellwasser, Rein- und Mineralwasser sowie K\u00fchl- und Kesselwasser.   <\/p>\n<p><a href=\"https:\/\/mezutec.nl\/wp-content\/uploads\/2021\/09\/Mangaan-testset-scaled-1.jpg\"><img decoding=\"async\" class=\"alignnone wp-image-3740\" src=\"https:\/\/mezutec.nl\/wp-content\/uploads\/2021\/09\/Mangaan-testset-scaled-1-300x229.jpg\" alt=\"\" width=\"250\" height=\"191\" srcset=\"https:\/\/mezutec.nl\/wp-content\/uploads\/2021\/09\/Mangaan-testset-scaled-1-300x229.jpg 300w, https:\/\/mezutec.nl\/wp-content\/uploads\/2021\/09\/Mangaan-testset-scaled-1-600x457.jpg 600w, https:\/\/mezutec.nl\/wp-content\/uploads\/2021\/09\/Mangaan-testset-scaled-1-1024x780.jpg 1024w, https:\/\/mezutec.nl\/wp-content\/uploads\/2021\/09\/Mangaan-testset-scaled-1-768x585.jpg 768w, https:\/\/mezutec.nl\/wp-content\/uploads\/2021\/09\/Mangaan-testset-scaled-1-1536x1170.jpg 1536w, https:\/\/mezutec.nl\/wp-content\/uploads\/2021\/09\/Mangaan-testset-scaled-1-2048x1560.jpg 2048w\" sizes=\"(max-width: 250px) 100vw, 250px\" \/><\/a><\/p>\n<h2>Testset Nitrat 10-150 mg\/l<\/h2>\n<p>Zur Messung von Nitrat in S\u00fc\u00dfwasser. Ergebnisse innerhalb von ca. 7 Minuten. <\/p>\n<h2>Testset Nitrit 0,05-1,0 mg\/l<\/h2>\n<p>Zur einfachen Messung von Nitrit. Ergebnisse innerhalb von ca. 1 Minute. <\/p>\n<h2>PH-Teststreifen &#8211; 100 St\u00fcck<\/h2>\n<div class=\"textBodyText\">\n<p>Die Teststreifen enthalten spezielle Indikatorfarbstoffe, mit denen Sie den PH-Wert auf dem Streifen messen k\u00f6nnen.<\/p>\n<\/div>\n<div class=\"textBulletPoint\">\n<div class=\"textBulletPoint\">\n<ul>\n<li>Nichtblutend &#8211; keine Kontamination der zu messenden L\u00f6sung<\/li>\n<li>Ph-Bereich von 0-14<\/li>\n<\/ul>\n<\/div>\n<\/div>\n<p><a href=\"https:\/\/mezutec.nl\/wp-content\/uploads\/2021\/09\/PH-strips-scaled-1.jpg\"><img loading=\"lazy\" decoding=\"async\" class=\"alignnone wp-image-3741\" src=\"https:\/\/mezutec.nl\/wp-content\/uploads\/2021\/09\/PH-strips-scaled-1-300x229.jpg\" alt=\"\" width=\"240\" height=\"183\" srcset=\"https:\/\/mezutec.nl\/wp-content\/uploads\/2021\/09\/PH-strips-scaled-1-300x229.jpg 300w, https:\/\/mezutec.nl\/wp-content\/uploads\/2021\/09\/PH-strips-scaled-1-600x457.jpg 600w, https:\/\/mezutec.nl\/wp-content\/uploads\/2021\/09\/PH-strips-scaled-1-1024x780.jpg 1024w, https:\/\/mezutec.nl\/wp-content\/uploads\/2021\/09\/PH-strips-scaled-1-768x585.jpg 768w, https:\/\/mezutec.nl\/wp-content\/uploads\/2021\/09\/PH-strips-scaled-1-1536x1170.jpg 1536w, https:\/\/mezutec.nl\/wp-content\/uploads\/2021\/09\/PH-strips-scaled-1-2048x1560.jpg 2048w\" sizes=\"(max-width: 240px) 100vw, 240px\" \/><\/a><\/p>\n<h2><b>Lassen Sie einen Wassercheck von Mezutec durchf\u00fchren<\/b><\/h2>\n<p>Wir k\u00f6nnen kommen und die Qualit\u00e4t Ihres Wassers bei Ihnen vor Ort \u00fcberpr\u00fcfen. Unsere Berater kommen gerne zu Ihnen, um sofort eine Messung durchzuf\u00fchren. Mezutec steht f\u00fcr hohe Wasserqualit\u00e4t zu einem erschwinglichen Preis f\u00fcr alle seine Kunden. Wasser ist wichtig f\u00fcr das Wohlergehen der Tiere, aber auch f\u00fcr die nachhaltige Nutzung Ihrer Ger\u00e4te. Das macht Wasser zu einem wichtigen Faktor f\u00fcr Ihren Gesch\u00e4ftsbetrieb. Sind Sie kein Kunde von Mezutec? Gar kein Problem. Wir bieten auch f\u00fcr Sie eine passende L\u00f6sung.<br \/>\nWir k\u00f6nnen das Wasser in Ihrem Unternehmen anhand einer Reihe wichtiger Werte messen, um festzustellen, ob Ihre Wasserqualit\u00e4t gut genug ist oder aufbereitet werden muss. Es besteht die M\u00f6glichkeit, Ihr Wasser in unserem Labor weiter zu untersuchen. Wir werden Sie so schnell wie m\u00f6glich \u00fcber die Ergebnisse und etwaige M\u00f6glichkeiten zur Verbesserung der Wasserqualit\u00e4t informieren. Haben Sie also sauberes Wasser oder nicht und liegt Ihnen Ihr Vieh oder Ihre Ausr\u00fcstung am Herzen?           Messen hei\u00dft wissen! Melden Sie sich jetzt f\u00fcr eine unverbindliche Beratung an.<\/p>\n<p><a class=\"elementor-button-link elementor-button elementor-size-lg\" href=\"https:\/\/mezutec.nl\/de\/kostenlose-beratung\/\" target=\"_blank\" rel=\"noopener noreferrer\">Ja, ich m\u00f6chte mich beraten lassen<\/a><\/p>\n<p>&nbsp;<\/p>\n<p>&nbsp;<\/p>\n","protected":false},"excerpt":{"rendered":"<p><b><strong>Mit den Testkits k\u00f6nnen Sie das Wasser selbst \u00fcberpr\u00fcfen. W\u00e4hlen Sie aus den verschiedenen Typen. <\/strong><\/b><\/p>\n<p>Alle Testger\u00e4te sind vor Ort einfach zu bedienen und erm\u00f6glichen eine schnelle visuelle Analyse vor Ort.<\/p>\n","protected":false},"featured_media":20356,"template":"","meta":{"_acf_changed":false,"postBodyCss":"","postBodyMargin":[],"postBodyPadding":[],"postBodyBackground":{"backgroundType":"classic","gradient":""}},"product_cat":[881],"product_tag":[],"class_list":{"0":"post-21403","1":"product","2":"type-product","3":"status-publish","4":"has-post-thumbnail","6":"product_cat-test-sets","7":"product_shipping_class-paketdienst","9":"first","10":"instock","11":"taxable","12":"shipping-taxable","13":"purchasable","14":"product-type-variable","swatches":"rey-swatches","show_selected":""},"acf":[],"yoast_head":"<!-- This site is optimized with the Yoast SEO plugin v27.3 - https:\/\/yoast.com\/product\/yoast-seo-wordpress\/ -->\n<title>Testkit zur Wasserkontrolle - Mezutec Waterzuiveringssystemen<\/title>\n<meta name=\"description\" content=\"Testkit zur \u00dcberpr\u00fcfung der Wasserqualit\u00e4t. Wir k\u00f6nnen Sie auch f\u00fcr einen Wassercheck besuchen. Kontaktieren Sie uns f\u00fcr weitere Informationen!\" \/>\n<meta name=\"robots\" content=\"index, follow, max-snippet:-1, max-image-preview:large, max-video-preview:-1\" \/>\n<link rel=\"canonical\" href=\"https:\/\/mezutec.nl\/de\/producten\/testkit-zur-wasserkontrolle\/\" \/>\n<meta property=\"og:locale\" content=\"de_DE\" \/>\n<meta property=\"og:type\" content=\"article\" \/>\n<meta property=\"og:title\" content=\"Testkit zur Wasserkontrolle - Mezutec Waterzuiveringssystemen\" \/>\n<meta property=\"og:description\" content=\"Testkit zur \u00dcberpr\u00fcfung der Wasserqualit\u00e4t. Wir k\u00f6nnen Sie auch f\u00fcr einen Wassercheck besuchen. Kontaktieren Sie uns f\u00fcr weitere Informationen!\" \/>\n<meta property=\"og:url\" content=\"https:\/\/mezutec.nl\/de\/producten\/testkit-zur-wasserkontrolle\/\" \/>\n<meta property=\"og:site_name\" content=\"Mezutec Waterzuiveringssystemen\" \/>\n<meta property=\"article:publisher\" content=\"https:\/\/www.facebook.com\/Mezutec\" \/>\n<meta property=\"og:image\" content=\"https:\/\/mezutec.nl\/wp-content\/uploads\/2021\/09\/testsets-scaled-1.jpg\" \/>\n\t<meta property=\"og:image:width\" content=\"2560\" \/>\n\t<meta property=\"og:image:height\" content=\"1950\" \/>\n\t<meta property=\"og:image:type\" content=\"image\/jpeg\" \/>\n<meta name=\"twitter:card\" content=\"summary_large_image\" \/>\n<meta name=\"twitter:label1\" content=\"Gesch\u00e4tzte Lesezeit\" \/>\n\t<meta name=\"twitter:data1\" content=\"2\u00a0Minuten\" \/>\n<script type=\"application\/ld+json\" class=\"yoast-schema-graph\">{\"@context\":\"https:\\\/\\\/schema.org\",\"@graph\":[{\"@type\":\"WebPage\",\"@id\":\"https:\\\/\\\/mezutec.nl\\\/de\\\/producten\\\/testkit-zur-wasserkontrolle\\\/\",\"url\":\"https:\\\/\\\/mezutec.nl\\\/de\\\/producten\\\/testkit-zur-wasserkontrolle\\\/\",\"name\":\"Testkit zur Wasserkontrolle - Mezutec Waterzuiveringssystemen\",\"isPartOf\":{\"@id\":\"https:\\\/\\\/mezutec.nl\\\/de\\\/#website\"},\"primaryImageOfPage\":{\"@id\":\"https:\\\/\\\/mezutec.nl\\\/de\\\/producten\\\/testkit-zur-wasserkontrolle\\\/#primaryimage\"},\"image\":{\"@id\":\"https:\\\/\\\/mezutec.nl\\\/de\\\/producten\\\/testkit-zur-wasserkontrolle\\\/#primaryimage\"},\"thumbnailUrl\":\"https:\\\/\\\/mezutec.nl\\\/wp-content\\\/uploads\\\/2021\\\/09\\\/testsets-scaled-1.jpg\",\"datePublished\":\"2021-09-14T13:16:11+00:00\",\"description\":\"Testkit zur \u00dcberpr\u00fcfung der Wasserqualit\u00e4t. Wir k\u00f6nnen Sie auch f\u00fcr einen Wassercheck besuchen. Kontaktieren Sie uns f\u00fcr weitere Informationen!\",\"breadcrumb\":{\"@id\":\"https:\\\/\\\/mezutec.nl\\\/de\\\/producten\\\/testkit-zur-wasserkontrolle\\\/#breadcrumb\"},\"inLanguage\":\"de\",\"potentialAction\":[{\"@type\":\"ReadAction\",\"target\":[\"https:\\\/\\\/mezutec.nl\\\/de\\\/producten\\\/testkit-zur-wasserkontrolle\\\/\"]}]},{\"@type\":\"ImageObject\",\"inLanguage\":\"de\",\"@id\":\"https:\\\/\\\/mezutec.nl\\\/de\\\/producten\\\/testkit-zur-wasserkontrolle\\\/#primaryimage\",\"url\":\"https:\\\/\\\/mezutec.nl\\\/wp-content\\\/uploads\\\/2021\\\/09\\\/testsets-scaled-1.jpg\",\"contentUrl\":\"https:\\\/\\\/mezutec.nl\\\/wp-content\\\/uploads\\\/2021\\\/09\\\/testsets-scaled-1.jpg\",\"width\":2560,\"height\":1950,\"caption\":\"Testkit zur Wasserkontrolle\"},{\"@type\":\"BreadcrumbList\",\"@id\":\"https:\\\/\\\/mezutec.nl\\\/de\\\/producten\\\/testkit-zur-wasserkontrolle\\\/#breadcrumb\",\"itemListElement\":[{\"@type\":\"ListItem\",\"position\":1,\"name\":\"Heim\",\"item\":\"https:\\\/\\\/mezutec.nl\\\/de\\\/mezutec\\\/\"},{\"@type\":\"ListItem\",\"position\":2,\"name\":\"Shop\",\"item\":\"https:\\\/\\\/mezutec.nl\\\/de\\\/shop\\\/\"},{\"@type\":\"ListItem\",\"position\":3,\"name\":\"Testkit zur Wasserkontrolle\"}]},{\"@type\":\"WebSite\",\"@id\":\"https:\\\/\\\/mezutec.nl\\\/de\\\/#website\",\"url\":\"https:\\\/\\\/mezutec.nl\\\/de\\\/\",\"name\":\"Mezutec Waterzuiveringssystemen\",\"description\":\"Specialist op het gebied van bron- en waterzuiveringssystemen\",\"publisher\":{\"@id\":\"https:\\\/\\\/mezutec.nl\\\/de\\\/#organization\"},\"alternateName\":\"Mezutec\",\"potentialAction\":[{\"@type\":\"SearchAction\",\"target\":{\"@type\":\"EntryPoint\",\"urlTemplate\":\"https:\\\/\\\/mezutec.nl\\\/de\\\/?s={search_term_string}\"},\"query-input\":{\"@type\":\"PropertyValueSpecification\",\"valueRequired\":true,\"valueName\":\"search_term_string\"}}],\"inLanguage\":\"de\"},{\"@type\":\"Organization\",\"@id\":\"https:\\\/\\\/mezutec.nl\\\/de\\\/#organization\",\"name\":\"Mezutec Waterzuiveringssystemen\",\"alternateName\":\"Mezutec\",\"url\":\"https:\\\/\\\/mezutec.nl\\\/de\\\/\",\"logo\":{\"@type\":\"ImageObject\",\"inLanguage\":\"de\",\"@id\":\"https:\\\/\\\/mezutec.nl\\\/de\\\/#\\\/schema\\\/logo\\\/image\\\/\",\"url\":\"https:\\\/\\\/mezutec.nl\\\/wp-content\\\/uploads\\\/2022\\\/05\\\/cropped-mezutec-logo.jpg\",\"contentUrl\":\"https:\\\/\\\/mezutec.nl\\\/wp-content\\\/uploads\\\/2022\\\/05\\\/cropped-mezutec-logo.jpg\",\"width\":500,\"height\":248,\"caption\":\"Mezutec Waterzuiveringssystemen\"},\"image\":{\"@id\":\"https:\\\/\\\/mezutec.nl\\\/de\\\/#\\\/schema\\\/logo\\\/image\\\/\"},\"sameAs\":[\"https:\\\/\\\/www.facebook.com\\\/Mezutec\"]}]}<\/script>\n<!-- \/ Yoast SEO plugin. -->","yoast_head_json":{"title":"Testkit zur Wasserkontrolle - Mezutec Waterzuiveringssystemen","description":"Testkit zur \u00dcberpr\u00fcfung der Wasserqualit\u00e4t. Wir k\u00f6nnen Sie auch f\u00fcr einen Wassercheck besuchen. Kontaktieren Sie uns f\u00fcr weitere Informationen!","robots":{"index":"index","follow":"follow","max-snippet":"max-snippet:-1","max-image-preview":"max-image-preview:large","max-video-preview":"max-video-preview:-1"},"canonical":"https:\/\/mezutec.nl\/de\/producten\/testkit-zur-wasserkontrolle\/","og_locale":"de_DE","og_type":"article","og_title":"Testkit zur Wasserkontrolle - Mezutec Waterzuiveringssystemen","og_description":"Testkit zur \u00dcberpr\u00fcfung der Wasserqualit\u00e4t. Wir k\u00f6nnen Sie auch f\u00fcr einen Wassercheck besuchen. Kontaktieren Sie uns f\u00fcr weitere Informationen!","og_url":"https:\/\/mezutec.nl\/de\/producten\/testkit-zur-wasserkontrolle\/","og_site_name":"Mezutec Waterzuiveringssystemen","article_publisher":"https:\/\/www.facebook.com\/Mezutec","og_image":[{"width":2560,"height":1950,"url":"https:\/\/mezutec.nl\/wp-content\/uploads\/2021\/09\/testsets-scaled-1.jpg","type":"image\/jpeg"}],"twitter_card":"summary_large_image","twitter_misc":{"Gesch\u00e4tzte Lesezeit":"2\u00a0Minuten"},"schema":{"@context":"https:\/\/schema.org","@graph":[{"@type":"WebPage","@id":"https:\/\/mezutec.nl\/de\/producten\/testkit-zur-wasserkontrolle\/","url":"https:\/\/mezutec.nl\/de\/producten\/testkit-zur-wasserkontrolle\/","name":"Testkit zur Wasserkontrolle - Mezutec Waterzuiveringssystemen","isPartOf":{"@id":"https:\/\/mezutec.nl\/de\/#website"},"primaryImageOfPage":{"@id":"https:\/\/mezutec.nl\/de\/producten\/testkit-zur-wasserkontrolle\/#primaryimage"},"image":{"@id":"https:\/\/mezutec.nl\/de\/producten\/testkit-zur-wasserkontrolle\/#primaryimage"},"thumbnailUrl":"https:\/\/mezutec.nl\/wp-content\/uploads\/2021\/09\/testsets-scaled-1.jpg","datePublished":"2021-09-14T13:16:11+00:00","description":"Testkit zur \u00dcberpr\u00fcfung der Wasserqualit\u00e4t. Wir k\u00f6nnen Sie auch f\u00fcr einen Wassercheck besuchen. Kontaktieren Sie uns f\u00fcr weitere Informationen!","breadcrumb":{"@id":"https:\/\/mezutec.nl\/de\/producten\/testkit-zur-wasserkontrolle\/#breadcrumb"},"inLanguage":"de","potentialAction":[{"@type":"ReadAction","target":["https:\/\/mezutec.nl\/de\/producten\/testkit-zur-wasserkontrolle\/"]}]},{"@type":"ImageObject","inLanguage":"de","@id":"https:\/\/mezutec.nl\/de\/producten\/testkit-zur-wasserkontrolle\/#primaryimage","url":"https:\/\/mezutec.nl\/wp-content\/uploads\/2021\/09\/testsets-scaled-1.jpg","contentUrl":"https:\/\/mezutec.nl\/wp-content\/uploads\/2021\/09\/testsets-scaled-1.jpg","width":2560,"height":1950,"caption":"Testkit zur Wasserkontrolle"},{"@type":"BreadcrumbList","@id":"https:\/\/mezutec.nl\/de\/producten\/testkit-zur-wasserkontrolle\/#breadcrumb","itemListElement":[{"@type":"ListItem","position":1,"name":"Heim","item":"https:\/\/mezutec.nl\/de\/mezutec\/"},{"@type":"ListItem","position":2,"name":"Shop","item":"https:\/\/mezutec.nl\/de\/shop\/"},{"@type":"ListItem","position":3,"name":"Testkit zur Wasserkontrolle"}]},{"@type":"WebSite","@id":"https:\/\/mezutec.nl\/de\/#website","url":"https:\/\/mezutec.nl\/de\/","name":"Mezutec Waterzuiveringssystemen","description":"Specialist op het gebied van bron- en waterzuiveringssystemen","publisher":{"@id":"https:\/\/mezutec.nl\/de\/#organization"},"alternateName":"Mezutec","potentialAction":[{"@type":"SearchAction","target":{"@type":"EntryPoint","urlTemplate":"https:\/\/mezutec.nl\/de\/?s={search_term_string}"},"query-input":{"@type":"PropertyValueSpecification","valueRequired":true,"valueName":"search_term_string"}}],"inLanguage":"de"},{"@type":"Organization","@id":"https:\/\/mezutec.nl\/de\/#organization","name":"Mezutec Waterzuiveringssystemen","alternateName":"Mezutec","url":"https:\/\/mezutec.nl\/de\/","logo":{"@type":"ImageObject","inLanguage":"de","@id":"https:\/\/mezutec.nl\/de\/#\/schema\/logo\/image\/","url":"https:\/\/mezutec.nl\/wp-content\/uploads\/2022\/05\/cropped-mezutec-logo.jpg","contentUrl":"https:\/\/mezutec.nl\/wp-content\/uploads\/2022\/05\/cropped-mezutec-logo.jpg","width":500,"height":248,"caption":"Mezutec Waterzuiveringssystemen"},"image":{"@id":"https:\/\/mezutec.nl\/de\/#\/schema\/logo\/image\/"},"sameAs":["https:\/\/www.facebook.com\/Mezutec"]}]}},"_links":{"self":[{"href":"https:\/\/mezutec.nl\/de\/wp-json\/wp\/v2\/product\/21403","targetHints":{"allow":["GET"]}}],"collection":[{"href":"https:\/\/mezutec.nl\/de\/wp-json\/wp\/v2\/product"}],"about":[{"href":"https:\/\/mezutec.nl\/de\/wp-json\/wp\/v2\/types\/product"}],"wp:featuredmedia":[{"embeddable":true,"href":"https:\/\/mezutec.nl\/de\/wp-json\/wp\/v2\/media\/20356"}],"wp:attachment":[{"href":"https:\/\/mezutec.nl\/de\/wp-json\/wp\/v2\/media?parent=21403"}],"wp:term":[{"taxonomy":"product_cat","embeddable":true,"href":"https:\/\/mezutec.nl\/de\/wp-json\/wp\/v2\/product_cat?post=21403"},{"taxonomy":"product_tag","embeddable":true,"href":"https:\/\/mezutec.nl\/de\/wp-json\/wp\/v2\/product_tag?post=21403"}],"curies":[{"name":"wp","href":"https:\/\/api.w.org\/{rel}","templated":true}]}}