{"id":21404,"date":"2021-09-14T15:15:24","date_gmt":"2021-09-14T13:15:24","guid":{"rendered":"https:\/\/mezutec.nl\/producten\/filterpatrone-gewickelt-pp-10-50-mu\/"},"modified":"2025-09-17T15:35:40","modified_gmt":"2025-09-17T13:35:40","slug":"filterpatrone-gewickelt-pp-10-50-mu","status":"publish","type":"product","link":"https:\/\/mezutec.nl\/de\/producten\/filterpatrone-gewickelt-pp-10-50-mu\/","title":{"rendered":"Filterpatrone gewickelt PP 10&#8243;- 50 mu"},"content":{"rendered":"<p>Filterpatrone gewickelt PP 10&#8243;- 50 mu<\/p>\n<p data-start=\"168\" data-end=\"555\">Eine Filterpatrone ist ein Wasserfilter f\u00fcr (Quell-)Wasser. Er fungiert als Vorfilter und f\u00e4ngt feste Partikel wie Sand auf, bevor das Wasser die Wasseraufbereitungsanlage oder das Bew\u00e4sserungssystem erreicht. Das h\u00e4lt die Anlage sauber, h\u00e4lt l\u00e4nger und beugt Verstopfungen vor. Die Filterpatrone ist f\u00fcr den Einsatz in unserem <a href=\"https:\/\/mezutec.nl\/de\/producten\/filter-fuer-topf-pp-10-pp-1-tp\/\">10&#8243; Topffilter<\/a> geeignet.   <\/p>\n<p data-start=\"557\" data-end=\"763\">Ist der Filter ges\u00e4ttigt? Dann k\u00f6nnen Sie die Filterpatrone ganz einfach durch eine neue ersetzen. M\u00f6chten Sie eine nachhaltige L\u00f6sung? Dann w\u00e4hlen Sie eine <a href=\"https:\/\/mezutec.nl\/de\/producten\/filterpatrone-waschbar-10\/\">waschbare Filterpatrone<\/a>, die Sie mehrfach verwenden k\u00f6nnen.   <\/p>\n","protected":false},"excerpt":{"rendered":"<p>Das Filtern mit Filterpatronen ist eine effektive und kosteng\u00fcnstige Art der Filterung. Einfach zu bedienen. <\/p>\n","protected":false},"featured_media":20349,"template":"","meta":{"_acf_changed":false,"postBodyCss":"","postBodyMargin":[],"postBodyPadding":[],"postBodyBackground":{"backgroundType":"classic","gradient":""}},"product_cat":[690,824],"product_tag":[],"class_list":{"0":"post-21404","1":"product","2":"type-product","3":"status-publish","4":"has-post-thumbnail","6":"product_cat-filtermaterial","7":"product_cat-komponenten","8":"product_shipping_class-paketdienst","10":"first","11":"instock","12":"taxable","13":"shipping-taxable","14":"purchasable","15":"product-type-simple","swatches":"rey-swatches","show_selected":""},"acf":[],"yoast_head":"<!-- This site is optimized with the Yoast SEO plugin v27.3 - https:\/\/yoast.com\/product\/yoast-seo-wordpress\/ -->\n<title>Filterpatrone gewickelt PP 10&quot;- 50 mu - Mezutec<\/title>\n<meta name=\"description\" content=\"Filterpatrone gewickelt PP 10&quot;- 50 mu. Bestellen Sie Ihre Filterpatronen jetzt online in unserem Webshop oder bestellen Sie telefonisch!\" \/>\n<meta name=\"robots\" content=\"index, follow, max-snippet:-1, max-image-preview:large, max-video-preview:-1\" \/>\n<link rel=\"canonical\" href=\"https:\/\/mezutec.nl\/de\/producten\/filterpatrone-gewickelt-pp-10-50-mu\/\" \/>\n<meta property=\"og:locale\" content=\"de_DE\" \/>\n<meta property=\"og:type\" content=\"article\" \/>\n<meta property=\"og:title\" content=\"Filterpatrone gewickelt PP 10&quot;- 50 mu - Mezutec\" \/>\n<meta property=\"og:description\" content=\"Filterpatrone gewickelt PP 10&quot;- 50 mu. Bestellen Sie Ihre Filterpatronen jetzt online in unserem Webshop oder bestellen Sie telefonisch!\" \/>\n<meta property=\"og:url\" content=\"https:\/\/mezutec.nl\/de\/producten\/filterpatrone-gewickelt-pp-10-50-mu\/\" \/>\n<meta property=\"og:site_name\" content=\"Mezutec Waterzuiveringssystemen\" \/>\n<meta property=\"article:publisher\" content=\"https:\/\/www.facebook.com\/Mezutec\" \/>\n<meta property=\"article:modified_time\" content=\"2025-09-17T13:35:40+00:00\" \/>\n<meta property=\"og:image\" content=\"https:\/\/mezutec.nl\/wp-content\/uploads\/2021\/09\/filterkaars-pp-scaled-1.jpg\" \/>\n\t<meta property=\"og:image:width\" content=\"2560\" \/>\n\t<meta property=\"og:image:height\" content=\"1950\" \/>\n\t<meta property=\"og:image:type\" content=\"image\/jpeg\" \/>\n<meta name=\"twitter:card\" content=\"summary_large_image\" \/>\n<script type=\"application\/ld+json\" class=\"yoast-schema-graph\">{\"@context\":\"https:\\\/\\\/schema.org\",\"@graph\":[{\"@type\":\"WebPage\",\"@id\":\"https:\\\/\\\/mezutec.nl\\\/de\\\/producten\\\/filterpatrone-gewickelt-pp-10-50-mu\\\/\",\"url\":\"https:\\\/\\\/mezutec.nl\\\/de\\\/producten\\\/filterpatrone-gewickelt-pp-10-50-mu\\\/\",\"name\":\"Filterpatrone gewickelt PP 10\\\"- 50 mu - Mezutec\",\"isPartOf\":{\"@id\":\"https:\\\/\\\/mezutec.nl\\\/de\\\/#website\"},\"primaryImageOfPage\":{\"@id\":\"https:\\\/\\\/mezutec.nl\\\/de\\\/producten\\\/filterpatrone-gewickelt-pp-10-50-mu\\\/#primaryimage\"},\"image\":{\"@id\":\"https:\\\/\\\/mezutec.nl\\\/de\\\/producten\\\/filterpatrone-gewickelt-pp-10-50-mu\\\/#primaryimage\"},\"thumbnailUrl\":\"https:\\\/\\\/mezutec.nl\\\/wp-content\\\/uploads\\\/2021\\\/09\\\/filterkaars-pp-scaled-1.jpg\",\"datePublished\":\"2021-09-14T13:15:24+00:00\",\"dateModified\":\"2025-09-17T13:35:40+00:00\",\"description\":\"Filterpatrone gewickelt PP 10\\\"- 50 mu. Bestellen Sie Ihre Filterpatronen jetzt online in unserem Webshop oder bestellen Sie telefonisch!\",\"breadcrumb\":{\"@id\":\"https:\\\/\\\/mezutec.nl\\\/de\\\/producten\\\/filterpatrone-gewickelt-pp-10-50-mu\\\/#breadcrumb\"},\"inLanguage\":\"de\",\"potentialAction\":[{\"@type\":\"ReadAction\",\"target\":[\"https:\\\/\\\/mezutec.nl\\\/de\\\/producten\\\/filterpatrone-gewickelt-pp-10-50-mu\\\/\"]}]},{\"@type\":\"ImageObject\",\"inLanguage\":\"de\",\"@id\":\"https:\\\/\\\/mezutec.nl\\\/de\\\/producten\\\/filterpatrone-gewickelt-pp-10-50-mu\\\/#primaryimage\",\"url\":\"https:\\\/\\\/mezutec.nl\\\/wp-content\\\/uploads\\\/2021\\\/09\\\/filterkaars-pp-scaled-1.jpg\",\"contentUrl\":\"https:\\\/\\\/mezutec.nl\\\/wp-content\\\/uploads\\\/2021\\\/09\\\/filterkaars-pp-scaled-1.jpg\",\"width\":2560,\"height\":1950,\"caption\":\"Filterpatrone gewickelt\"},{\"@type\":\"BreadcrumbList\",\"@id\":\"https:\\\/\\\/mezutec.nl\\\/de\\\/producten\\\/filterpatrone-gewickelt-pp-10-50-mu\\\/#breadcrumb\",\"itemListElement\":[{\"@type\":\"ListItem\",\"position\":1,\"name\":\"Heim\",\"item\":\"https:\\\/\\\/mezutec.nl\\\/de\\\/mezutec\\\/\"},{\"@type\":\"ListItem\",\"position\":2,\"name\":\"Shop\",\"item\":\"https:\\\/\\\/mezutec.nl\\\/de\\\/shop\\\/\"},{\"@type\":\"ListItem\",\"position\":3,\"name\":\"Filterpatrone gewickelt PP 10&#8243;- 50 mu\"}]},{\"@type\":\"WebSite\",\"@id\":\"https:\\\/\\\/mezutec.nl\\\/de\\\/#website\",\"url\":\"https:\\\/\\\/mezutec.nl\\\/de\\\/\",\"name\":\"Mezutec Waterzuiveringssystemen\",\"description\":\"Specialist op het gebied van bron- en waterzuiveringssystemen\",\"publisher\":{\"@id\":\"https:\\\/\\\/mezutec.nl\\\/de\\\/#organization\"},\"alternateName\":\"Mezutec\",\"potentialAction\":[{\"@type\":\"SearchAction\",\"target\":{\"@type\":\"EntryPoint\",\"urlTemplate\":\"https:\\\/\\\/mezutec.nl\\\/de\\\/?s={search_term_string}\"},\"query-input\":{\"@type\":\"PropertyValueSpecification\",\"valueRequired\":true,\"valueName\":\"search_term_string\"}}],\"inLanguage\":\"de\"},{\"@type\":\"Organization\",\"@id\":\"https:\\\/\\\/mezutec.nl\\\/de\\\/#organization\",\"name\":\"Mezutec Waterzuiveringssystemen\",\"alternateName\":\"Mezutec\",\"url\":\"https:\\\/\\\/mezutec.nl\\\/de\\\/\",\"logo\":{\"@type\":\"ImageObject\",\"inLanguage\":\"de\",\"@id\":\"https:\\\/\\\/mezutec.nl\\\/de\\\/#\\\/schema\\\/logo\\\/image\\\/\",\"url\":\"https:\\\/\\\/mezutec.nl\\\/wp-content\\\/uploads\\\/2022\\\/05\\\/cropped-mezutec-logo.jpg\",\"contentUrl\":\"https:\\\/\\\/mezutec.nl\\\/wp-content\\\/uploads\\\/2022\\\/05\\\/cropped-mezutec-logo.jpg\",\"width\":500,\"height\":248,\"caption\":\"Mezutec Waterzuiveringssystemen\"},\"image\":{\"@id\":\"https:\\\/\\\/mezutec.nl\\\/de\\\/#\\\/schema\\\/logo\\\/image\\\/\"},\"sameAs\":[\"https:\\\/\\\/www.facebook.com\\\/Mezutec\"]}]}<\/script>\n<!-- \/ Yoast SEO plugin. -->","yoast_head_json":{"title":"Filterpatrone gewickelt PP 10\"- 50 mu - Mezutec","description":"Filterpatrone gewickelt PP 10\"- 50 mu. Bestellen Sie Ihre Filterpatronen jetzt online in unserem Webshop oder bestellen Sie telefonisch!","robots":{"index":"index","follow":"follow","max-snippet":"max-snippet:-1","max-image-preview":"max-image-preview:large","max-video-preview":"max-video-preview:-1"},"canonical":"https:\/\/mezutec.nl\/de\/producten\/filterpatrone-gewickelt-pp-10-50-mu\/","og_locale":"de_DE","og_type":"article","og_title":"Filterpatrone gewickelt PP 10\"- 50 mu - Mezutec","og_description":"Filterpatrone gewickelt PP 10\"- 50 mu. Bestellen Sie Ihre Filterpatronen jetzt online in unserem Webshop oder bestellen Sie telefonisch!","og_url":"https:\/\/mezutec.nl\/de\/producten\/filterpatrone-gewickelt-pp-10-50-mu\/","og_site_name":"Mezutec Waterzuiveringssystemen","article_publisher":"https:\/\/www.facebook.com\/Mezutec","article_modified_time":"2025-09-17T13:35:40+00:00","og_image":[{"width":2560,"height":1950,"url":"https:\/\/mezutec.nl\/wp-content\/uploads\/2021\/09\/filterkaars-pp-scaled-1.jpg","type":"image\/jpeg"}],"twitter_card":"summary_large_image","schema":{"@context":"https:\/\/schema.org","@graph":[{"@type":"WebPage","@id":"https:\/\/mezutec.nl\/de\/producten\/filterpatrone-gewickelt-pp-10-50-mu\/","url":"https:\/\/mezutec.nl\/de\/producten\/filterpatrone-gewickelt-pp-10-50-mu\/","name":"Filterpatrone gewickelt PP 10\"- 50 mu - Mezutec","isPartOf":{"@id":"https:\/\/mezutec.nl\/de\/#website"},"primaryImageOfPage":{"@id":"https:\/\/mezutec.nl\/de\/producten\/filterpatrone-gewickelt-pp-10-50-mu\/#primaryimage"},"image":{"@id":"https:\/\/mezutec.nl\/de\/producten\/filterpatrone-gewickelt-pp-10-50-mu\/#primaryimage"},"thumbnailUrl":"https:\/\/mezutec.nl\/wp-content\/uploads\/2021\/09\/filterkaars-pp-scaled-1.jpg","datePublished":"2021-09-14T13:15:24+00:00","dateModified":"2025-09-17T13:35:40+00:00","description":"Filterpatrone gewickelt PP 10\"- 50 mu. Bestellen Sie Ihre Filterpatronen jetzt online in unserem Webshop oder bestellen Sie telefonisch!","breadcrumb":{"@id":"https:\/\/mezutec.nl\/de\/producten\/filterpatrone-gewickelt-pp-10-50-mu\/#breadcrumb"},"inLanguage":"de","potentialAction":[{"@type":"ReadAction","target":["https:\/\/mezutec.nl\/de\/producten\/filterpatrone-gewickelt-pp-10-50-mu\/"]}]},{"@type":"ImageObject","inLanguage":"de","@id":"https:\/\/mezutec.nl\/de\/producten\/filterpatrone-gewickelt-pp-10-50-mu\/#primaryimage","url":"https:\/\/mezutec.nl\/wp-content\/uploads\/2021\/09\/filterkaars-pp-scaled-1.jpg","contentUrl":"https:\/\/mezutec.nl\/wp-content\/uploads\/2021\/09\/filterkaars-pp-scaled-1.jpg","width":2560,"height":1950,"caption":"Filterpatrone gewickelt"},{"@type":"BreadcrumbList","@id":"https:\/\/mezutec.nl\/de\/producten\/filterpatrone-gewickelt-pp-10-50-mu\/#breadcrumb","itemListElement":[{"@type":"ListItem","position":1,"name":"Heim","item":"https:\/\/mezutec.nl\/de\/mezutec\/"},{"@type":"ListItem","position":2,"name":"Shop","item":"https:\/\/mezutec.nl\/de\/shop\/"},{"@type":"ListItem","position":3,"name":"Filterpatrone gewickelt PP 10&#8243;- 50 mu"}]},{"@type":"WebSite","@id":"https:\/\/mezutec.nl\/de\/#website","url":"https:\/\/mezutec.nl\/de\/","name":"Mezutec Waterzuiveringssystemen","description":"Specialist op het gebied van bron- en waterzuiveringssystemen","publisher":{"@id":"https:\/\/mezutec.nl\/de\/#organization"},"alternateName":"Mezutec","potentialAction":[{"@type":"SearchAction","target":{"@type":"EntryPoint","urlTemplate":"https:\/\/mezutec.nl\/de\/?s={search_term_string}"},"query-input":{"@type":"PropertyValueSpecification","valueRequired":true,"valueName":"search_term_string"}}],"inLanguage":"de"},{"@type":"Organization","@id":"https:\/\/mezutec.nl\/de\/#organization","name":"Mezutec Waterzuiveringssystemen","alternateName":"Mezutec","url":"https:\/\/mezutec.nl\/de\/","logo":{"@type":"ImageObject","inLanguage":"de","@id":"https:\/\/mezutec.nl\/de\/#\/schema\/logo\/image\/","url":"https:\/\/mezutec.nl\/wp-content\/uploads\/2022\/05\/cropped-mezutec-logo.jpg","contentUrl":"https:\/\/mezutec.nl\/wp-content\/uploads\/2022\/05\/cropped-mezutec-logo.jpg","width":500,"height":248,"caption":"Mezutec Waterzuiveringssystemen"},"image":{"@id":"https:\/\/mezutec.nl\/de\/#\/schema\/logo\/image\/"},"sameAs":["https:\/\/www.facebook.com\/Mezutec"]}]}},"_links":{"self":[{"href":"https:\/\/mezutec.nl\/de\/wp-json\/wp\/v2\/product\/21404","targetHints":{"allow":["GET"]}}],"collection":[{"href":"https:\/\/mezutec.nl\/de\/wp-json\/wp\/v2\/product"}],"about":[{"href":"https:\/\/mezutec.nl\/de\/wp-json\/wp\/v2\/types\/product"}],"wp:featuredmedia":[{"embeddable":true,"href":"https:\/\/mezutec.nl\/de\/wp-json\/wp\/v2\/media\/20349"}],"wp:attachment":[{"href":"https:\/\/mezutec.nl\/de\/wp-json\/wp\/v2\/media?parent=21404"}],"wp:term":[{"taxonomy":"product_cat","embeddable":true,"href":"https:\/\/mezutec.nl\/de\/wp-json\/wp\/v2\/product_cat?post=21404"},{"taxonomy":"product_tag","embeddable":true,"href":"https:\/\/mezutec.nl\/de\/wp-json\/wp\/v2\/product_tag?post=21404"}],"curies":[{"name":"wp","href":"https:\/\/api.w.org\/{rel}","templated":true}]}}