{"id":21423,"date":"2021-09-14T15:13:35","date_gmt":"2021-09-14T15:13:35","guid":{"rendered":"https:\/\/mezutec.nl\/producten\/weichmacher-simplex-clack-ws1ci\/"},"modified":"2025-10-29T11:59:05","modified_gmt":"2025-10-29T10:59:05","slug":"weichmacher-simplex-clack-ws1ci","status":"publish","type":"product","link":"https:\/\/mezutec.nl\/de\/producten\/weichmacher-simplex-clack-ws1ci\/","title":{"rendered":"Weichmacher Simplex Clack WS1CI"},"content":{"rendered":"<h2 id=\"tablepress-SimplexClackWS1CI-name\" class=\"tablepress-table-name tablepress-table-name-id-SimplexClackWS1CI\">Uitvoeringen Simplex Clack WS1CI<\/h2>\n\n<table id=\"tablepress-SimplexClackWS1CI\" class=\"tablepress tablepress-id-SimplexClackWS1CI\" aria-labelledby=\"tablepress-SimplexClackWS1CI-name\">\n<thead>\n<tr class=\"row-1\">\n\t<th class=\"column-1\">Type<\/th><th class=\"column-2\">Hoogte<\/th><th class=\"column-3\">Tank diameter<\/th><th class=\"column-4\">Tank inhoud<\/th><th class=\"column-5\">Zoutbak diameter<\/th><th class=\"column-6\">Zoutbak inhoud<\/th>\n<\/tr>\n<\/thead>\n<tbody class=\"row-striping row-hover\">\n<tr class=\"row-2\">\n\t<td class=\"column-1\">30 liter<\/td><td class=\"column-2\">1132 mm<\/td><td class=\"column-3\">214 mm<\/td><td class=\"column-4\">30L<\/td><td class=\"column-5\">467 mm<\/td><td class=\"column-6\">100L<\/td>\n<\/tr>\n<tr class=\"row-3\">\n\t<td class=\"column-1\">40 liter<\/td><td class=\"column-2\">1126 mm<\/td><td class=\"column-3\">264 mm<\/td><td class=\"column-4\">40L<\/td><td class=\"column-5\">467 mm<\/td><td class=\"column-6\">100L<\/td>\n<\/tr>\n<tr class=\"row-4\">\n\t<td class=\"column-1\">60 liter<\/td><td class=\"column-2\">1238 mm<\/td><td class=\"column-3\">313 mm<\/td><td class=\"column-4\">60L<\/td><td class=\"column-5\">530 mm<\/td><td class=\"column-6\">150L<\/td>\n<\/tr>\n<tr class=\"row-5\">\n\t<td class=\"column-1\">80 liter<\/td><td class=\"column-2\">1400 mm<\/td><td class=\"column-3\">338 mm<\/td><td class=\"column-4\">80L<\/td><td class=\"column-5\">600 mm<\/td><td class=\"column-6\">200L<\/td>\n<\/tr>\n<tr class=\"row-6\">\n\t<td class=\"column-1\">100 liter<\/td><td class=\"column-2\">1674 mm<\/td><td class=\"column-3\">365 mm<\/td><td class=\"column-4\">100L<\/td><td class=\"column-5\">600 mm<\/td><td class=\"column-6\">200L<\/td>\n<\/tr>\n<\/tbody>\n<\/table>\n<!-- #tablepress-SimplexClackWS1CI from cache -->\n<p>Der Wasserenth\u00e4rter Simplex Clack WS1CI (30\u2013100 L, 230V-50Hz) besteht aus einem Tank, Steigrohr, Crepine, Harz, Soletrommel, zwei Messingst\u00fctzbuchsen f\u00fcr den Soleschlauch, Soleschlauch, zwei 1&#8243;-Kupplungen, Gummibegrenzer, Steuerkopf und einem 230V-12V Adapter.<\/p>\n","protected":false},"excerpt":{"rendered":"<h2 data-start=\"159\" data-end=\"477\">Geschlossene Simplex-Enteisenungsanlage<\/h2>\n<p data-start=\"159\" data-end=\"477\">Das geschlossene Simplex-Enteisenungssystem entfernt effektiv Eisen, Mangan und Kalk aus Ihrem Leitungswasser und sorgt sofort f\u00fcr sauberes, weiches Wasser. Das System wird hinter der Druckseite der Pumpe platziert und arbeitet effizient mit nur einer Pumpe. <\/p>\n<p data-start=\"479\" data-end=\"933\">Das Wasser flie\u00dft durch einen Tank, der mit einem speziellen Harzkern gef\u00fcllt ist, in dem die Eisen-, Mangan- und Kalkpartikel zur\u00fcckgehalten werden. Das enth\u00e4rtete Wasser gelangt dann direkt in die Wasserleitung und ist sofort einsatzbereit. Bei der automatischen Regeneration sorgt ein Salzreservoir f\u00fcr die Produktion von Salzwasser, das die angesammelten Partikel des Harzes entfernt. Das Sp\u00fclwasser wird in den Abwasserkanal abgeleitet, woraufhin der Harzkern bereit ist, das Wasser wieder zu enth\u00e4rten.   <\/p>\n<p data-start=\"479\" data-end=\"933\"><a href=\"https:\/\/mezutec.nl\/de\/entfernen-von-eisen\/\">Die Enteisenung<\/a> ist immer ma\u00dfgeschneidert, basierend auf einer Wasseranalyse und dem gew\u00fcnschten Durchfluss empfehlen wir Ihnen gerne das System, das am besten zu Ihrer Situation passt.<\/p>\n","protected":false},"featured_media":20796,"template":"","meta":{"_acf_changed":false,"postBodyCss":"","postBodyMargin":[],"postBodyPadding":[],"postBodyBackground":{"backgroundType":"classic","gradient":""}},"product_cat":[543],"product_tag":[],"class_list":{"0":"post-21423","1":"product","2":"type-product","3":"status-publish","4":"has-post-thumbnail","6":"product_cat-nicht-kategorisiert","8":"first","9":"instock","10":"taxable","11":"shipping-taxable","12":"product-type-variable","13":"has-default-attributes","swatches":"rey-swatches","show_selected":""},"acf":[],"yoast_head":"<!-- This site is optimized with the Yoast SEO plugin v27.3 - https:\/\/yoast.com\/product\/yoast-seo-wordpress\/ -->\n<title>Wasserenth\u00e4rter Simplex Clack - Mezutec Wasseraufbereitungssysteme<\/title>\n<meta name=\"description\" content=\"Wasserenth\u00e4rter Simplex Clack 30-100L. Enth\u00e4rter mit hoher Kapazit\u00e4t, geeignet f\u00fcr einen gro\u00dfen Wasserverbraucher. Rufen Sie jetzt an und lassen Sie sich kostenlos beraten!\" \/>\n<meta name=\"robots\" content=\"index, follow, max-snippet:-1, max-image-preview:large, max-video-preview:-1\" \/>\n<link rel=\"canonical\" href=\"https:\/\/mezutec.nl\/de\/producten\/weichmacher-simplex-clack-ws1ci\/\" \/>\n<meta property=\"og:locale\" content=\"de_DE\" \/>\n<meta property=\"og:type\" content=\"article\" \/>\n<meta property=\"og:title\" content=\"Wasserenth\u00e4rter Simplex Clack - Mezutec Wasseraufbereitungssysteme\" \/>\n<meta property=\"og:description\" content=\"Wasserenth\u00e4rter Simplex Clack 30-100L. Enth\u00e4rter mit hoher Kapazit\u00e4t, geeignet f\u00fcr einen gro\u00dfen Wasserverbraucher. Rufen Sie jetzt an und lassen Sie sich kostenlos beraten!\" \/>\n<meta property=\"og:url\" content=\"https:\/\/mezutec.nl\/de\/producten\/weichmacher-simplex-clack-ws1ci\/\" \/>\n<meta property=\"og:site_name\" content=\"Mezutec Waterzuiveringssystemen\" \/>\n<meta property=\"article:publisher\" content=\"https:\/\/www.facebook.com\/Mezutec\" \/>\n<meta property=\"article:modified_time\" content=\"2025-10-29T10:59:05+00:00\" \/>\n<meta property=\"og:image\" content=\"https:\/\/mezutec.nl\/wp-content\/uploads\/2021\/09\/ontharder-simplex-clack.jpg\" \/>\n\t<meta property=\"og:image:width\" content=\"855\" \/>\n\t<meta property=\"og:image:height\" content=\"853\" \/>\n\t<meta property=\"og:image:type\" content=\"image\/jpeg\" \/>\n<meta name=\"twitter:card\" content=\"summary_large_image\" \/>\n<script type=\"application\/ld+json\" class=\"yoast-schema-graph\">{\"@context\":\"https:\\\/\\\/schema.org\",\"@graph\":[{\"@type\":\"WebPage\",\"@id\":\"https:\\\/\\\/mezutec.nl\\\/de\\\/producten\\\/weichmacher-simplex-clack-ws1ci\\\/\",\"url\":\"https:\\\/\\\/mezutec.nl\\\/de\\\/producten\\\/weichmacher-simplex-clack-ws1ci\\\/\",\"name\":\"Wasserenth\u00e4rter Simplex Clack - Mezutec Wasseraufbereitungssysteme\",\"isPartOf\":{\"@id\":\"https:\\\/\\\/mezutec.nl\\\/de\\\/#website\"},\"primaryImageOfPage\":{\"@id\":\"https:\\\/\\\/mezutec.nl\\\/de\\\/producten\\\/weichmacher-simplex-clack-ws1ci\\\/#primaryimage\"},\"image\":{\"@id\":\"https:\\\/\\\/mezutec.nl\\\/de\\\/producten\\\/weichmacher-simplex-clack-ws1ci\\\/#primaryimage\"},\"thumbnailUrl\":\"https:\\\/\\\/mezutec.nl\\\/wp-content\\\/uploads\\\/2021\\\/09\\\/ontharder-simplex-clack.jpg\",\"datePublished\":\"2021-09-14T15:13:35+00:00\",\"dateModified\":\"2025-10-29T10:59:05+00:00\",\"description\":\"Wasserenth\u00e4rter Simplex Clack 30-100L. Enth\u00e4rter mit hoher Kapazit\u00e4t, geeignet f\u00fcr einen gro\u00dfen Wasserverbraucher. Rufen Sie jetzt an und lassen Sie sich kostenlos beraten!\",\"breadcrumb\":{\"@id\":\"https:\\\/\\\/mezutec.nl\\\/de\\\/producten\\\/weichmacher-simplex-clack-ws1ci\\\/#breadcrumb\"},\"inLanguage\":\"de\",\"potentialAction\":[{\"@type\":\"ReadAction\",\"target\":[\"https:\\\/\\\/mezutec.nl\\\/de\\\/producten\\\/weichmacher-simplex-clack-ws1ci\\\/\"]}]},{\"@type\":\"ImageObject\",\"inLanguage\":\"de\",\"@id\":\"https:\\\/\\\/mezutec.nl\\\/de\\\/producten\\\/weichmacher-simplex-clack-ws1ci\\\/#primaryimage\",\"url\":\"https:\\\/\\\/mezutec.nl\\\/wp-content\\\/uploads\\\/2021\\\/09\\\/ontharder-simplex-clack.jpg\",\"contentUrl\":\"https:\\\/\\\/mezutec.nl\\\/wp-content\\\/uploads\\\/2021\\\/09\\\/ontharder-simplex-clack.jpg\",\"width\":855,\"height\":853,\"caption\":\"Weichmacher Simplex Klack\"},{\"@type\":\"BreadcrumbList\",\"@id\":\"https:\\\/\\\/mezutec.nl\\\/de\\\/producten\\\/weichmacher-simplex-clack-ws1ci\\\/#breadcrumb\",\"itemListElement\":[{\"@type\":\"ListItem\",\"position\":1,\"name\":\"Heim\",\"item\":\"https:\\\/\\\/mezutec.nl\\\/de\\\/mezutec\\\/\"},{\"@type\":\"ListItem\",\"position\":2,\"name\":\"Shop\",\"item\":\"https:\\\/\\\/mezutec.nl\\\/de\\\/shop\\\/\"},{\"@type\":\"ListItem\",\"position\":3,\"name\":\"Weichmacher Simplex Clack WS1CI\"}]},{\"@type\":\"WebSite\",\"@id\":\"https:\\\/\\\/mezutec.nl\\\/de\\\/#website\",\"url\":\"https:\\\/\\\/mezutec.nl\\\/de\\\/\",\"name\":\"Mezutec Waterzuiveringssystemen\",\"description\":\"Specialist op het gebied van bron- en waterzuiveringssystemen\",\"publisher\":{\"@id\":\"https:\\\/\\\/mezutec.nl\\\/de\\\/#organization\"},\"alternateName\":\"Mezutec\",\"potentialAction\":[{\"@type\":\"SearchAction\",\"target\":{\"@type\":\"EntryPoint\",\"urlTemplate\":\"https:\\\/\\\/mezutec.nl\\\/de\\\/?s={search_term_string}\"},\"query-input\":{\"@type\":\"PropertyValueSpecification\",\"valueRequired\":true,\"valueName\":\"search_term_string\"}}],\"inLanguage\":\"de\"},{\"@type\":\"Organization\",\"@id\":\"https:\\\/\\\/mezutec.nl\\\/de\\\/#organization\",\"name\":\"Mezutec Waterzuiveringssystemen\",\"alternateName\":\"Mezutec\",\"url\":\"https:\\\/\\\/mezutec.nl\\\/de\\\/\",\"logo\":{\"@type\":\"ImageObject\",\"inLanguage\":\"de\",\"@id\":\"https:\\\/\\\/mezutec.nl\\\/de\\\/#\\\/schema\\\/logo\\\/image\\\/\",\"url\":\"https:\\\/\\\/mezutec.nl\\\/wp-content\\\/uploads\\\/2022\\\/05\\\/cropped-mezutec-logo.jpg\",\"contentUrl\":\"https:\\\/\\\/mezutec.nl\\\/wp-content\\\/uploads\\\/2022\\\/05\\\/cropped-mezutec-logo.jpg\",\"width\":500,\"height\":248,\"caption\":\"Mezutec Waterzuiveringssystemen\"},\"image\":{\"@id\":\"https:\\\/\\\/mezutec.nl\\\/de\\\/#\\\/schema\\\/logo\\\/image\\\/\"},\"sameAs\":[\"https:\\\/\\\/www.facebook.com\\\/Mezutec\"]}]}<\/script>\n<!-- \/ Yoast SEO plugin. -->","yoast_head_json":{"title":"Wasserenth\u00e4rter Simplex Clack - Mezutec Wasseraufbereitungssysteme","description":"Wasserenth\u00e4rter Simplex Clack 30-100L. Enth\u00e4rter mit hoher Kapazit\u00e4t, geeignet f\u00fcr einen gro\u00dfen Wasserverbraucher. Rufen Sie jetzt an und lassen Sie sich kostenlos beraten!","robots":{"index":"index","follow":"follow","max-snippet":"max-snippet:-1","max-image-preview":"max-image-preview:large","max-video-preview":"max-video-preview:-1"},"canonical":"https:\/\/mezutec.nl\/de\/producten\/weichmacher-simplex-clack-ws1ci\/","og_locale":"de_DE","og_type":"article","og_title":"Wasserenth\u00e4rter Simplex Clack - Mezutec Wasseraufbereitungssysteme","og_description":"Wasserenth\u00e4rter Simplex Clack 30-100L. Enth\u00e4rter mit hoher Kapazit\u00e4t, geeignet f\u00fcr einen gro\u00dfen Wasserverbraucher. Rufen Sie jetzt an und lassen Sie sich kostenlos beraten!","og_url":"https:\/\/mezutec.nl\/de\/producten\/weichmacher-simplex-clack-ws1ci\/","og_site_name":"Mezutec Waterzuiveringssystemen","article_publisher":"https:\/\/www.facebook.com\/Mezutec","article_modified_time":"2025-10-29T10:59:05+00:00","og_image":[{"width":855,"height":853,"url":"https:\/\/mezutec.nl\/wp-content\/uploads\/2021\/09\/ontharder-simplex-clack.jpg","type":"image\/jpeg"}],"twitter_card":"summary_large_image","schema":{"@context":"https:\/\/schema.org","@graph":[{"@type":"WebPage","@id":"https:\/\/mezutec.nl\/de\/producten\/weichmacher-simplex-clack-ws1ci\/","url":"https:\/\/mezutec.nl\/de\/producten\/weichmacher-simplex-clack-ws1ci\/","name":"Wasserenth\u00e4rter Simplex Clack - Mezutec Wasseraufbereitungssysteme","isPartOf":{"@id":"https:\/\/mezutec.nl\/de\/#website"},"primaryImageOfPage":{"@id":"https:\/\/mezutec.nl\/de\/producten\/weichmacher-simplex-clack-ws1ci\/#primaryimage"},"image":{"@id":"https:\/\/mezutec.nl\/de\/producten\/weichmacher-simplex-clack-ws1ci\/#primaryimage"},"thumbnailUrl":"https:\/\/mezutec.nl\/wp-content\/uploads\/2021\/09\/ontharder-simplex-clack.jpg","datePublished":"2021-09-14T15:13:35+00:00","dateModified":"2025-10-29T10:59:05+00:00","description":"Wasserenth\u00e4rter Simplex Clack 30-100L. Enth\u00e4rter mit hoher Kapazit\u00e4t, geeignet f\u00fcr einen gro\u00dfen Wasserverbraucher. Rufen Sie jetzt an und lassen Sie sich kostenlos beraten!","breadcrumb":{"@id":"https:\/\/mezutec.nl\/de\/producten\/weichmacher-simplex-clack-ws1ci\/#breadcrumb"},"inLanguage":"de","potentialAction":[{"@type":"ReadAction","target":["https:\/\/mezutec.nl\/de\/producten\/weichmacher-simplex-clack-ws1ci\/"]}]},{"@type":"ImageObject","inLanguage":"de","@id":"https:\/\/mezutec.nl\/de\/producten\/weichmacher-simplex-clack-ws1ci\/#primaryimage","url":"https:\/\/mezutec.nl\/wp-content\/uploads\/2021\/09\/ontharder-simplex-clack.jpg","contentUrl":"https:\/\/mezutec.nl\/wp-content\/uploads\/2021\/09\/ontharder-simplex-clack.jpg","width":855,"height":853,"caption":"Weichmacher Simplex Klack"},{"@type":"BreadcrumbList","@id":"https:\/\/mezutec.nl\/de\/producten\/weichmacher-simplex-clack-ws1ci\/#breadcrumb","itemListElement":[{"@type":"ListItem","position":1,"name":"Heim","item":"https:\/\/mezutec.nl\/de\/mezutec\/"},{"@type":"ListItem","position":2,"name":"Shop","item":"https:\/\/mezutec.nl\/de\/shop\/"},{"@type":"ListItem","position":3,"name":"Weichmacher Simplex Clack WS1CI"}]},{"@type":"WebSite","@id":"https:\/\/mezutec.nl\/de\/#website","url":"https:\/\/mezutec.nl\/de\/","name":"Mezutec Waterzuiveringssystemen","description":"Specialist op het gebied van bron- en waterzuiveringssystemen","publisher":{"@id":"https:\/\/mezutec.nl\/de\/#organization"},"alternateName":"Mezutec","potentialAction":[{"@type":"SearchAction","target":{"@type":"EntryPoint","urlTemplate":"https:\/\/mezutec.nl\/de\/?s={search_term_string}"},"query-input":{"@type":"PropertyValueSpecification","valueRequired":true,"valueName":"search_term_string"}}],"inLanguage":"de"},{"@type":"Organization","@id":"https:\/\/mezutec.nl\/de\/#organization","name":"Mezutec Waterzuiveringssystemen","alternateName":"Mezutec","url":"https:\/\/mezutec.nl\/de\/","logo":{"@type":"ImageObject","inLanguage":"de","@id":"https:\/\/mezutec.nl\/de\/#\/schema\/logo\/image\/","url":"https:\/\/mezutec.nl\/wp-content\/uploads\/2022\/05\/cropped-mezutec-logo.jpg","contentUrl":"https:\/\/mezutec.nl\/wp-content\/uploads\/2022\/05\/cropped-mezutec-logo.jpg","width":500,"height":248,"caption":"Mezutec Waterzuiveringssystemen"},"image":{"@id":"https:\/\/mezutec.nl\/de\/#\/schema\/logo\/image\/"},"sameAs":["https:\/\/www.facebook.com\/Mezutec"]}]}},"_links":{"self":[{"href":"https:\/\/mezutec.nl\/de\/wp-json\/wp\/v2\/product\/21423","targetHints":{"allow":["GET"]}}],"collection":[{"href":"https:\/\/mezutec.nl\/de\/wp-json\/wp\/v2\/product"}],"about":[{"href":"https:\/\/mezutec.nl\/de\/wp-json\/wp\/v2\/types\/product"}],"wp:featuredmedia":[{"embeddable":true,"href":"https:\/\/mezutec.nl\/de\/wp-json\/wp\/v2\/media\/20796"}],"wp:attachment":[{"href":"https:\/\/mezutec.nl\/de\/wp-json\/wp\/v2\/media?parent=21423"}],"wp:term":[{"taxonomy":"product_cat","embeddable":true,"href":"https:\/\/mezutec.nl\/de\/wp-json\/wp\/v2\/product_cat?post=21423"},{"taxonomy":"product_tag","embeddable":true,"href":"https:\/\/mezutec.nl\/de\/wp-json\/wp\/v2\/product_tag?post=21423"}],"curies":[{"name":"wp","href":"https:\/\/api.w.org\/{rel}","templated":true}]}}