{"id":21428,"date":"2021-09-14T15:16:07","date_gmt":"2021-09-14T13:16:07","guid":{"rendered":"https:\/\/mezutec.nl\/producten\/kompressorgummi-fuer-ueberdruckventil-10-l-15-mm\/"},"modified":"2021-09-14T15:16:07","modified_gmt":"2021-09-14T13:16:07","slug":"kompressorgummi-fuer-ueberdruckventil-10-l-15-mm","status":"publish","type":"product","link":"https:\/\/mezutec.nl\/de\/producten\/kompressorgummi-fuer-ueberdruckventil-10-l-15-mm\/","title":{"rendered":"Kompressorgummi f\u00fcr \u00dcberdruckventil 10 l (15 mm)"},"content":{"rendered":"","protected":false},"excerpt":{"rendered":"","protected":false},"featured_media":20353,"template":"","meta":{"_acf_changed":false,"postBodyCss":"","postBodyMargin":[],"postBodyPadding":[],"postBodyBackground":{"backgroundType":"classic","gradient":""}},"product_cat":[619],"product_tag":[],"class_list":{"0":"post-21428","1":"product","2":"type-product","3":"status-publish","4":"has-post-thumbnail","6":"product_cat-druckerhohungssysteme","7":"product_shipping_class-paketdienst","9":"first","10":"instock","11":"taxable","12":"shipping-taxable","13":"purchasable","14":"product-type-simple","swatches":"rey-swatches","show_selected":""},"acf":[],"yoast_head":"<!-- This site is optimized with the Yoast SEO plugin v27.3 - https:\/\/yoast.com\/product\/yoast-seo-wordpress\/ -->\n<title>Kompressorgummi f\u00fcr \u00dcberdruckventil - Mezutec Water Purification<\/title>\n<meta name=\"description\" content=\"Kompressorgummi f\u00fcr \u00dcberdruckventil. Wir beraten Sie gerne bei der Auswahl der besten L\u00f6sungen f\u00fcr Ihre Situation. Bitte sprechen Sie uns an.\" \/>\n<meta name=\"robots\" content=\"index, follow, max-snippet:-1, max-image-preview:large, max-video-preview:-1\" \/>\n<link rel=\"canonical\" href=\"https:\/\/mezutec.nl\/de\/producten\/kompressorgummi-fuer-ueberdruckventil-10-l-15-mm\/\" \/>\n<meta property=\"og:locale\" content=\"de_DE\" \/>\n<meta property=\"og:type\" content=\"article\" \/>\n<meta property=\"og:title\" content=\"Kompressorgummi f\u00fcr \u00dcberdruckventil - Mezutec Water Purification\" \/>\n<meta property=\"og:description\" content=\"Kompressorgummi f\u00fcr \u00dcberdruckventil. Wir beraten Sie gerne bei der Auswahl der besten L\u00f6sungen f\u00fcr Ihre Situation. Bitte sprechen Sie uns an.\" \/>\n<meta property=\"og:url\" content=\"https:\/\/mezutec.nl\/de\/producten\/kompressorgummi-fuer-ueberdruckventil-10-l-15-mm\/\" \/>\n<meta property=\"og:site_name\" content=\"Mezutec Waterzuiveringssystemen\" \/>\n<meta property=\"article:publisher\" content=\"https:\/\/www.facebook.com\/Mezutec\" \/>\n<meta property=\"og:image\" content=\"https:\/\/mezutec.nl\/wp-content\/uploads\/2021\/09\/compressor-rubber-scaled-1.jpg\" \/>\n\t<meta property=\"og:image:width\" content=\"2560\" \/>\n\t<meta property=\"og:image:height\" content=\"1950\" \/>\n\t<meta property=\"og:image:type\" content=\"image\/jpeg\" \/>\n<meta name=\"twitter:card\" content=\"summary_large_image\" \/>\n<script type=\"application\/ld+json\" class=\"yoast-schema-graph\">{\"@context\":\"https:\\\/\\\/schema.org\",\"@graph\":[{\"@type\":\"WebPage\",\"@id\":\"https:\\\/\\\/mezutec.nl\\\/de\\\/producten\\\/kompressorgummi-fuer-ueberdruckventil-10-l-15-mm\\\/\",\"url\":\"https:\\\/\\\/mezutec.nl\\\/de\\\/producten\\\/kompressorgummi-fuer-ueberdruckventil-10-l-15-mm\\\/\",\"name\":\"Kompressorgummi f\u00fcr \u00dcberdruckventil - Mezutec Water Purification\",\"isPartOf\":{\"@id\":\"https:\\\/\\\/mezutec.nl\\\/de\\\/#website\"},\"primaryImageOfPage\":{\"@id\":\"https:\\\/\\\/mezutec.nl\\\/de\\\/producten\\\/kompressorgummi-fuer-ueberdruckventil-10-l-15-mm\\\/#primaryimage\"},\"image\":{\"@id\":\"https:\\\/\\\/mezutec.nl\\\/de\\\/producten\\\/kompressorgummi-fuer-ueberdruckventil-10-l-15-mm\\\/#primaryimage\"},\"thumbnailUrl\":\"https:\\\/\\\/mezutec.nl\\\/wp-content\\\/uploads\\\/2021\\\/09\\\/compressor-rubber-scaled-1.jpg\",\"datePublished\":\"2021-09-14T13:16:07+00:00\",\"description\":\"Kompressorgummi f\u00fcr \u00dcberdruckventil. Wir beraten Sie gerne bei der Auswahl der besten L\u00f6sungen f\u00fcr Ihre Situation. Bitte sprechen Sie uns an.\",\"breadcrumb\":{\"@id\":\"https:\\\/\\\/mezutec.nl\\\/de\\\/producten\\\/kompressorgummi-fuer-ueberdruckventil-10-l-15-mm\\\/#breadcrumb\"},\"inLanguage\":\"de\",\"potentialAction\":[{\"@type\":\"ReadAction\",\"target\":[\"https:\\\/\\\/mezutec.nl\\\/de\\\/producten\\\/kompressorgummi-fuer-ueberdruckventil-10-l-15-mm\\\/\"]}]},{\"@type\":\"ImageObject\",\"inLanguage\":\"de\",\"@id\":\"https:\\\/\\\/mezutec.nl\\\/de\\\/producten\\\/kompressorgummi-fuer-ueberdruckventil-10-l-15-mm\\\/#primaryimage\",\"url\":\"https:\\\/\\\/mezutec.nl\\\/wp-content\\\/uploads\\\/2021\\\/09\\\/compressor-rubber-scaled-1.jpg\",\"contentUrl\":\"https:\\\/\\\/mezutec.nl\\\/wp-content\\\/uploads\\\/2021\\\/09\\\/compressor-rubber-scaled-1.jpg\",\"width\":2560,\"height\":1950,\"caption\":\"Gummi f\u00fcr Kompressor\"},{\"@type\":\"BreadcrumbList\",\"@id\":\"https:\\\/\\\/mezutec.nl\\\/de\\\/producten\\\/kompressorgummi-fuer-ueberdruckventil-10-l-15-mm\\\/#breadcrumb\",\"itemListElement\":[{\"@type\":\"ListItem\",\"position\":1,\"name\":\"Heim\",\"item\":\"https:\\\/\\\/mezutec.nl\\\/de\\\/mezutec\\\/\"},{\"@type\":\"ListItem\",\"position\":2,\"name\":\"Shop\",\"item\":\"https:\\\/\\\/mezutec.nl\\\/de\\\/shop\\\/\"},{\"@type\":\"ListItem\",\"position\":3,\"name\":\"Kompressorgummi f\u00fcr \u00dcberdruckventil 10 l (15 mm)\"}]},{\"@type\":\"WebSite\",\"@id\":\"https:\\\/\\\/mezutec.nl\\\/de\\\/#website\",\"url\":\"https:\\\/\\\/mezutec.nl\\\/de\\\/\",\"name\":\"Mezutec Waterzuiveringssystemen\",\"description\":\"Specialist op het gebied van bron- en waterzuiveringssystemen\",\"publisher\":{\"@id\":\"https:\\\/\\\/mezutec.nl\\\/de\\\/#organization\"},\"alternateName\":\"Mezutec\",\"potentialAction\":[{\"@type\":\"SearchAction\",\"target\":{\"@type\":\"EntryPoint\",\"urlTemplate\":\"https:\\\/\\\/mezutec.nl\\\/de\\\/?s={search_term_string}\"},\"query-input\":{\"@type\":\"PropertyValueSpecification\",\"valueRequired\":true,\"valueName\":\"search_term_string\"}}],\"inLanguage\":\"de\"},{\"@type\":\"Organization\",\"@id\":\"https:\\\/\\\/mezutec.nl\\\/de\\\/#organization\",\"name\":\"Mezutec Waterzuiveringssystemen\",\"alternateName\":\"Mezutec\",\"url\":\"https:\\\/\\\/mezutec.nl\\\/de\\\/\",\"logo\":{\"@type\":\"ImageObject\",\"inLanguage\":\"de\",\"@id\":\"https:\\\/\\\/mezutec.nl\\\/de\\\/#\\\/schema\\\/logo\\\/image\\\/\",\"url\":\"https:\\\/\\\/mezutec.nl\\\/wp-content\\\/uploads\\\/2022\\\/05\\\/cropped-mezutec-logo.jpg\",\"contentUrl\":\"https:\\\/\\\/mezutec.nl\\\/wp-content\\\/uploads\\\/2022\\\/05\\\/cropped-mezutec-logo.jpg\",\"width\":500,\"height\":248,\"caption\":\"Mezutec Waterzuiveringssystemen\"},\"image\":{\"@id\":\"https:\\\/\\\/mezutec.nl\\\/de\\\/#\\\/schema\\\/logo\\\/image\\\/\"},\"sameAs\":[\"https:\\\/\\\/www.facebook.com\\\/Mezutec\"]}]}<\/script>\n<!-- \/ Yoast SEO plugin. -->","yoast_head_json":{"title":"Kompressorgummi f\u00fcr \u00dcberdruckventil - Mezutec Water Purification","description":"Kompressorgummi f\u00fcr \u00dcberdruckventil. Wir beraten Sie gerne bei der Auswahl der besten L\u00f6sungen f\u00fcr Ihre Situation. Bitte sprechen Sie uns an.","robots":{"index":"index","follow":"follow","max-snippet":"max-snippet:-1","max-image-preview":"max-image-preview:large","max-video-preview":"max-video-preview:-1"},"canonical":"https:\/\/mezutec.nl\/de\/producten\/kompressorgummi-fuer-ueberdruckventil-10-l-15-mm\/","og_locale":"de_DE","og_type":"article","og_title":"Kompressorgummi f\u00fcr \u00dcberdruckventil - Mezutec Water Purification","og_description":"Kompressorgummi f\u00fcr \u00dcberdruckventil. Wir beraten Sie gerne bei der Auswahl der besten L\u00f6sungen f\u00fcr Ihre Situation. Bitte sprechen Sie uns an.","og_url":"https:\/\/mezutec.nl\/de\/producten\/kompressorgummi-fuer-ueberdruckventil-10-l-15-mm\/","og_site_name":"Mezutec Waterzuiveringssystemen","article_publisher":"https:\/\/www.facebook.com\/Mezutec","og_image":[{"width":2560,"height":1950,"url":"https:\/\/mezutec.nl\/wp-content\/uploads\/2021\/09\/compressor-rubber-scaled-1.jpg","type":"image\/jpeg"}],"twitter_card":"summary_large_image","schema":{"@context":"https:\/\/schema.org","@graph":[{"@type":"WebPage","@id":"https:\/\/mezutec.nl\/de\/producten\/kompressorgummi-fuer-ueberdruckventil-10-l-15-mm\/","url":"https:\/\/mezutec.nl\/de\/producten\/kompressorgummi-fuer-ueberdruckventil-10-l-15-mm\/","name":"Kompressorgummi f\u00fcr \u00dcberdruckventil - Mezutec Water Purification","isPartOf":{"@id":"https:\/\/mezutec.nl\/de\/#website"},"primaryImageOfPage":{"@id":"https:\/\/mezutec.nl\/de\/producten\/kompressorgummi-fuer-ueberdruckventil-10-l-15-mm\/#primaryimage"},"image":{"@id":"https:\/\/mezutec.nl\/de\/producten\/kompressorgummi-fuer-ueberdruckventil-10-l-15-mm\/#primaryimage"},"thumbnailUrl":"https:\/\/mezutec.nl\/wp-content\/uploads\/2021\/09\/compressor-rubber-scaled-1.jpg","datePublished":"2021-09-14T13:16:07+00:00","description":"Kompressorgummi f\u00fcr \u00dcberdruckventil. Wir beraten Sie gerne bei der Auswahl der besten L\u00f6sungen f\u00fcr Ihre Situation. Bitte sprechen Sie uns an.","breadcrumb":{"@id":"https:\/\/mezutec.nl\/de\/producten\/kompressorgummi-fuer-ueberdruckventil-10-l-15-mm\/#breadcrumb"},"inLanguage":"de","potentialAction":[{"@type":"ReadAction","target":["https:\/\/mezutec.nl\/de\/producten\/kompressorgummi-fuer-ueberdruckventil-10-l-15-mm\/"]}]},{"@type":"ImageObject","inLanguage":"de","@id":"https:\/\/mezutec.nl\/de\/producten\/kompressorgummi-fuer-ueberdruckventil-10-l-15-mm\/#primaryimage","url":"https:\/\/mezutec.nl\/wp-content\/uploads\/2021\/09\/compressor-rubber-scaled-1.jpg","contentUrl":"https:\/\/mezutec.nl\/wp-content\/uploads\/2021\/09\/compressor-rubber-scaled-1.jpg","width":2560,"height":1950,"caption":"Gummi f\u00fcr Kompressor"},{"@type":"BreadcrumbList","@id":"https:\/\/mezutec.nl\/de\/producten\/kompressorgummi-fuer-ueberdruckventil-10-l-15-mm\/#breadcrumb","itemListElement":[{"@type":"ListItem","position":1,"name":"Heim","item":"https:\/\/mezutec.nl\/de\/mezutec\/"},{"@type":"ListItem","position":2,"name":"Shop","item":"https:\/\/mezutec.nl\/de\/shop\/"},{"@type":"ListItem","position":3,"name":"Kompressorgummi f\u00fcr \u00dcberdruckventil 10 l (15 mm)"}]},{"@type":"WebSite","@id":"https:\/\/mezutec.nl\/de\/#website","url":"https:\/\/mezutec.nl\/de\/","name":"Mezutec Waterzuiveringssystemen","description":"Specialist op het gebied van bron- en waterzuiveringssystemen","publisher":{"@id":"https:\/\/mezutec.nl\/de\/#organization"},"alternateName":"Mezutec","potentialAction":[{"@type":"SearchAction","target":{"@type":"EntryPoint","urlTemplate":"https:\/\/mezutec.nl\/de\/?s={search_term_string}"},"query-input":{"@type":"PropertyValueSpecification","valueRequired":true,"valueName":"search_term_string"}}],"inLanguage":"de"},{"@type":"Organization","@id":"https:\/\/mezutec.nl\/de\/#organization","name":"Mezutec Waterzuiveringssystemen","alternateName":"Mezutec","url":"https:\/\/mezutec.nl\/de\/","logo":{"@type":"ImageObject","inLanguage":"de","@id":"https:\/\/mezutec.nl\/de\/#\/schema\/logo\/image\/","url":"https:\/\/mezutec.nl\/wp-content\/uploads\/2022\/05\/cropped-mezutec-logo.jpg","contentUrl":"https:\/\/mezutec.nl\/wp-content\/uploads\/2022\/05\/cropped-mezutec-logo.jpg","width":500,"height":248,"caption":"Mezutec Waterzuiveringssystemen"},"image":{"@id":"https:\/\/mezutec.nl\/de\/#\/schema\/logo\/image\/"},"sameAs":["https:\/\/www.facebook.com\/Mezutec"]}]}},"_links":{"self":[{"href":"https:\/\/mezutec.nl\/de\/wp-json\/wp\/v2\/product\/21428","targetHints":{"allow":["GET"]}}],"collection":[{"href":"https:\/\/mezutec.nl\/de\/wp-json\/wp\/v2\/product"}],"about":[{"href":"https:\/\/mezutec.nl\/de\/wp-json\/wp\/v2\/types\/product"}],"wp:featuredmedia":[{"embeddable":true,"href":"https:\/\/mezutec.nl\/de\/wp-json\/wp\/v2\/media\/20353"}],"wp:attachment":[{"href":"https:\/\/mezutec.nl\/de\/wp-json\/wp\/v2\/media?parent=21428"}],"wp:term":[{"taxonomy":"product_cat","embeddable":true,"href":"https:\/\/mezutec.nl\/de\/wp-json\/wp\/v2\/product_cat?post=21428"},{"taxonomy":"product_tag","embeddable":true,"href":"https:\/\/mezutec.nl\/de\/wp-json\/wp\/v2\/product_tag?post=21428"}],"curies":[{"name":"wp","href":"https:\/\/api.w.org\/{rel}","templated":true}]}}