{"id":21447,"date":"2021-09-14T17:07:16","date_gmt":"2021-09-14T15:07:16","guid":{"rendered":"https:\/\/mezutec.nl\/producten\/mezutec-belebungsgefaess-aus-einem-m500-behaelter\/"},"modified":"2026-04-01T13:56:44","modified_gmt":"2026-04-01T11:56:44","slug":"mezutec-belebungsgefaess-aus-einem-m500-behaelter","status":"publish","type":"product","link":"https:\/\/mezutec.nl\/de\/producten\/mezutec-belebungsgefaess-aus-einem-m500-behaelter\/","title":{"rendered":"Mezutec-Bel\u00fcftungsbeh\u00e4lter von einem M500-Schiff."},"content":{"rendered":"<p>Mezutec-Bel\u00fcftungsbeh\u00e4lter von einem M500-Schiff.<\/p>\n","protected":false},"excerpt":{"rendered":"<ul>\n<li>8 D\u00fcsen<\/li>\n<li>Deckel mit Dichtungskappe<\/li>\n<li>Mit Magnetventil 1&#8243;<\/li>\n<li>mit Materialien f\u00fcr Bel\u00fcftungspassage 75 mm<\/li>\n<li>50-mm-Saugverbindung<\/li>\n<li>40-mm-Pressverbindung<\/li>\n<\/ul>\n","protected":false},"featured_media":20716,"template":"","meta":{"_acf_changed":false,"postBodyCss":"","postBodyMargin":[],"postBodyPadding":[],"postBodyBackground":{"backgroundType":"classic","gradient":""}},"product_cat":[543],"product_tag":[],"class_list":{"0":"post-21447","1":"product","2":"type-product","3":"status-publish","4":"has-post-thumbnail","6":"product_cat-nicht-kategorisiert","7":"product_shipping_class-langs-oder-palettenfracht","9":"first","10":"instock","11":"taxable","12":"shipping-taxable","13":"purchasable","14":"product-type-simple","swatches":"rey-swatches","show_selected":""},"acf":[],"yoast_head":"<!-- This site is optimized with the Yoast SEO plugin v27.5 - https:\/\/yoast.com\/product\/yoast-seo-wordpress\/ -->\n<title>Mezutec-Bel\u00fcftungsbeh\u00e4lter von einem M500-Schiff. - Mezutec Waterzuiveringssystemen<\/title>\n<meta name=\"robots\" content=\"noindex, nofollow\" \/>\n<meta property=\"og:locale\" content=\"de_DE\" \/>\n<meta property=\"og:type\" content=\"article\" \/>\n<meta property=\"og:title\" content=\"Mezutec-Bel\u00fcftungsbeh\u00e4lter von einem M500-Schiff. - Mezutec Waterzuiveringssystemen\" \/>\n<meta property=\"og:description\" content=\"8 D\u00fcsen  Deckel mit Dichtungskappe  Mit Magnetventil 1&quot;  mit Materialien f\u00fcr Bel\u00fcftungspassage 75 mm  50-mm-Saugverbindung  40-mm-Pressverbindung\" \/>\n<meta property=\"og:url\" content=\"https:\/\/mezutec.nl\/de\/producten\/mezutec-belebungsgefaess-aus-einem-m500-behaelter\/\" \/>\n<meta property=\"og:site_name\" content=\"Mezutec Waterzuiveringssystemen\" \/>\n<meta property=\"article:publisher\" content=\"https:\/\/www.facebook.com\/Mezutec\" \/>\n<meta property=\"article:modified_time\" content=\"2026-04-01T11:56:44+00:00\" \/>\n<meta property=\"og:image\" content=\"https:\/\/mezutec.nl\/wp-content\/uploads\/2021\/09\/Beluchtingsvat-uit-een-M500-vat.jpg\" \/>\n\t<meta property=\"og:image:width\" content=\"2004\" \/>\n\t<meta property=\"og:image:height\" content=\"2004\" \/>\n\t<meta property=\"og:image:type\" content=\"image\/jpeg\" \/>\n<meta name=\"twitter:card\" content=\"summary_large_image\" \/>\n<script type=\"application\/ld+json\" class=\"yoast-schema-graph\">{\"@context\":\"https:\\\/\\\/schema.org\",\"@graph\":[{\"@type\":\"WebPage\",\"@id\":\"https:\\\/\\\/mezutec.nl\\\/de\\\/producten\\\/mezutec-belebungsgefaess-aus-einem-m500-behaelter\\\/\",\"url\":\"https:\\\/\\\/mezutec.nl\\\/de\\\/producten\\\/mezutec-belebungsgefaess-aus-einem-m500-behaelter\\\/\",\"name\":\"Mezutec-Bel\u00fcftungsbeh\u00e4lter von einem M500-Schiff. - Mezutec Waterzuiveringssystemen\",\"isPartOf\":{\"@id\":\"https:\\\/\\\/mezutec.nl\\\/de\\\/#website\"},\"primaryImageOfPage\":{\"@id\":\"https:\\\/\\\/mezutec.nl\\\/de\\\/producten\\\/mezutec-belebungsgefaess-aus-einem-m500-behaelter\\\/#primaryimage\"},\"image\":{\"@id\":\"https:\\\/\\\/mezutec.nl\\\/de\\\/producten\\\/mezutec-belebungsgefaess-aus-einem-m500-behaelter\\\/#primaryimage\"},\"thumbnailUrl\":\"https:\\\/\\\/mezutec.nl\\\/wp-content\\\/uploads\\\/2021\\\/09\\\/Beluchtingsvat-uit-een-M500-vat.jpg\",\"datePublished\":\"2021-09-14T15:07:16+00:00\",\"dateModified\":\"2026-04-01T11:56:44+00:00\",\"breadcrumb\":{\"@id\":\"https:\\\/\\\/mezutec.nl\\\/de\\\/producten\\\/mezutec-belebungsgefaess-aus-einem-m500-behaelter\\\/#breadcrumb\"},\"inLanguage\":\"de\",\"potentialAction\":[{\"@type\":\"ReadAction\",\"target\":[\"https:\\\/\\\/mezutec.nl\\\/de\\\/producten\\\/mezutec-belebungsgefaess-aus-einem-m500-behaelter\\\/\"]}]},{\"@type\":\"ImageObject\",\"inLanguage\":\"de\",\"@id\":\"https:\\\/\\\/mezutec.nl\\\/de\\\/producten\\\/mezutec-belebungsgefaess-aus-einem-m500-behaelter\\\/#primaryimage\",\"url\":\"https:\\\/\\\/mezutec.nl\\\/wp-content\\\/uploads\\\/2021\\\/09\\\/Beluchtingsvat-uit-een-M500-vat.jpg\",\"contentUrl\":\"https:\\\/\\\/mezutec.nl\\\/wp-content\\\/uploads\\\/2021\\\/09\\\/Beluchtingsvat-uit-een-M500-vat.jpg\",\"width\":2004,\"height\":2004,\"caption\":\"Bel\u00fcftungsgef\u00e4\u00df-Verschiebungsanlage\"},{\"@type\":\"BreadcrumbList\",\"@id\":\"https:\\\/\\\/mezutec.nl\\\/de\\\/producten\\\/mezutec-belebungsgefaess-aus-einem-m500-behaelter\\\/#breadcrumb\",\"itemListElement\":[{\"@type\":\"ListItem\",\"position\":1,\"name\":\"Heim\",\"item\":\"https:\\\/\\\/mezutec.nl\\\/de\\\/mezutec\\\/\"},{\"@type\":\"ListItem\",\"position\":2,\"name\":\"Shop\",\"item\":\"https:\\\/\\\/mezutec.nl\\\/de\\\/shop\\\/\"},{\"@type\":\"ListItem\",\"position\":3,\"name\":\"Mezutec-Bel\u00fcftungsbeh\u00e4lter von einem M500-Schiff.\"}]},{\"@type\":\"WebSite\",\"@id\":\"https:\\\/\\\/mezutec.nl\\\/de\\\/#website\",\"url\":\"https:\\\/\\\/mezutec.nl\\\/de\\\/\",\"name\":\"Mezutec Waterzuiveringssystemen\",\"description\":\"Specialist op het gebied van bron- en waterzuiveringssystemen\",\"publisher\":{\"@id\":\"https:\\\/\\\/mezutec.nl\\\/de\\\/#organization\"},\"alternateName\":\"Mezutec\",\"potentialAction\":[{\"@type\":\"SearchAction\",\"target\":{\"@type\":\"EntryPoint\",\"urlTemplate\":\"https:\\\/\\\/mezutec.nl\\\/de\\\/?s={search_term_string}\"},\"query-input\":{\"@type\":\"PropertyValueSpecification\",\"valueRequired\":true,\"valueName\":\"search_term_string\"}}],\"inLanguage\":\"de\"},{\"@type\":\"Organization\",\"@id\":\"https:\\\/\\\/mezutec.nl\\\/de\\\/#organization\",\"name\":\"Mezutec Waterzuiveringssystemen\",\"alternateName\":\"Mezutec\",\"url\":\"https:\\\/\\\/mezutec.nl\\\/de\\\/\",\"logo\":{\"@type\":\"ImageObject\",\"inLanguage\":\"de\",\"@id\":\"https:\\\/\\\/mezutec.nl\\\/de\\\/#\\\/schema\\\/logo\\\/image\\\/\",\"url\":\"https:\\\/\\\/mezutec.nl\\\/wp-content\\\/uploads\\\/2022\\\/05\\\/cropped-mezutec-logo.jpg\",\"contentUrl\":\"https:\\\/\\\/mezutec.nl\\\/wp-content\\\/uploads\\\/2022\\\/05\\\/cropped-mezutec-logo.jpg\",\"width\":500,\"height\":248,\"caption\":\"Mezutec Waterzuiveringssystemen\"},\"image\":{\"@id\":\"https:\\\/\\\/mezutec.nl\\\/de\\\/#\\\/schema\\\/logo\\\/image\\\/\"},\"sameAs\":[\"https:\\\/\\\/www.facebook.com\\\/Mezutec\"]}]}<\/script>\n<!-- \/ Yoast SEO plugin. -->","yoast_head_json":{"title":"Mezutec-Bel\u00fcftungsbeh\u00e4lter von einem M500-Schiff. - Mezutec Waterzuiveringssystemen","robots":{"index":"noindex","follow":"nofollow"},"og_locale":"de_DE","og_type":"article","og_title":"Mezutec-Bel\u00fcftungsbeh\u00e4lter von einem M500-Schiff. - Mezutec Waterzuiveringssystemen","og_description":"8 D\u00fcsen  Deckel mit Dichtungskappe  Mit Magnetventil 1\"  mit Materialien f\u00fcr Bel\u00fcftungspassage 75 mm  50-mm-Saugverbindung  40-mm-Pressverbindung","og_url":"https:\/\/mezutec.nl\/de\/producten\/mezutec-belebungsgefaess-aus-einem-m500-behaelter\/","og_site_name":"Mezutec Waterzuiveringssystemen","article_publisher":"https:\/\/www.facebook.com\/Mezutec","article_modified_time":"2026-04-01T11:56:44+00:00","og_image":[{"width":2004,"height":2004,"url":"https:\/\/mezutec.nl\/wp-content\/uploads\/2021\/09\/Beluchtingsvat-uit-een-M500-vat.jpg","type":"image\/jpeg"}],"twitter_card":"summary_large_image","schema":{"@context":"https:\/\/schema.org","@graph":[{"@type":"WebPage","@id":"https:\/\/mezutec.nl\/de\/producten\/mezutec-belebungsgefaess-aus-einem-m500-behaelter\/","url":"https:\/\/mezutec.nl\/de\/producten\/mezutec-belebungsgefaess-aus-einem-m500-behaelter\/","name":"Mezutec-Bel\u00fcftungsbeh\u00e4lter von einem M500-Schiff. - Mezutec Waterzuiveringssystemen","isPartOf":{"@id":"https:\/\/mezutec.nl\/de\/#website"},"primaryImageOfPage":{"@id":"https:\/\/mezutec.nl\/de\/producten\/mezutec-belebungsgefaess-aus-einem-m500-behaelter\/#primaryimage"},"image":{"@id":"https:\/\/mezutec.nl\/de\/producten\/mezutec-belebungsgefaess-aus-einem-m500-behaelter\/#primaryimage"},"thumbnailUrl":"https:\/\/mezutec.nl\/wp-content\/uploads\/2021\/09\/Beluchtingsvat-uit-een-M500-vat.jpg","datePublished":"2021-09-14T15:07:16+00:00","dateModified":"2026-04-01T11:56:44+00:00","breadcrumb":{"@id":"https:\/\/mezutec.nl\/de\/producten\/mezutec-belebungsgefaess-aus-einem-m500-behaelter\/#breadcrumb"},"inLanguage":"de","potentialAction":[{"@type":"ReadAction","target":["https:\/\/mezutec.nl\/de\/producten\/mezutec-belebungsgefaess-aus-einem-m500-behaelter\/"]}]},{"@type":"ImageObject","inLanguage":"de","@id":"https:\/\/mezutec.nl\/de\/producten\/mezutec-belebungsgefaess-aus-einem-m500-behaelter\/#primaryimage","url":"https:\/\/mezutec.nl\/wp-content\/uploads\/2021\/09\/Beluchtingsvat-uit-een-M500-vat.jpg","contentUrl":"https:\/\/mezutec.nl\/wp-content\/uploads\/2021\/09\/Beluchtingsvat-uit-een-M500-vat.jpg","width":2004,"height":2004,"caption":"Bel\u00fcftungsgef\u00e4\u00df-Verschiebungsanlage"},{"@type":"BreadcrumbList","@id":"https:\/\/mezutec.nl\/de\/producten\/mezutec-belebungsgefaess-aus-einem-m500-behaelter\/#breadcrumb","itemListElement":[{"@type":"ListItem","position":1,"name":"Heim","item":"https:\/\/mezutec.nl\/de\/mezutec\/"},{"@type":"ListItem","position":2,"name":"Shop","item":"https:\/\/mezutec.nl\/de\/shop\/"},{"@type":"ListItem","position":3,"name":"Mezutec-Bel\u00fcftungsbeh\u00e4lter von einem M500-Schiff."}]},{"@type":"WebSite","@id":"https:\/\/mezutec.nl\/de\/#website","url":"https:\/\/mezutec.nl\/de\/","name":"Mezutec Waterzuiveringssystemen","description":"Specialist op het gebied van bron- en waterzuiveringssystemen","publisher":{"@id":"https:\/\/mezutec.nl\/de\/#organization"},"alternateName":"Mezutec","potentialAction":[{"@type":"SearchAction","target":{"@type":"EntryPoint","urlTemplate":"https:\/\/mezutec.nl\/de\/?s={search_term_string}"},"query-input":{"@type":"PropertyValueSpecification","valueRequired":true,"valueName":"search_term_string"}}],"inLanguage":"de"},{"@type":"Organization","@id":"https:\/\/mezutec.nl\/de\/#organization","name":"Mezutec Waterzuiveringssystemen","alternateName":"Mezutec","url":"https:\/\/mezutec.nl\/de\/","logo":{"@type":"ImageObject","inLanguage":"de","@id":"https:\/\/mezutec.nl\/de\/#\/schema\/logo\/image\/","url":"https:\/\/mezutec.nl\/wp-content\/uploads\/2022\/05\/cropped-mezutec-logo.jpg","contentUrl":"https:\/\/mezutec.nl\/wp-content\/uploads\/2022\/05\/cropped-mezutec-logo.jpg","width":500,"height":248,"caption":"Mezutec Waterzuiveringssystemen"},"image":{"@id":"https:\/\/mezutec.nl\/de\/#\/schema\/logo\/image\/"},"sameAs":["https:\/\/www.facebook.com\/Mezutec"]}]}},"_links":{"self":[{"href":"https:\/\/mezutec.nl\/de\/wp-json\/wp\/v2\/product\/21447","targetHints":{"allow":["GET"]}}],"collection":[{"href":"https:\/\/mezutec.nl\/de\/wp-json\/wp\/v2\/product"}],"about":[{"href":"https:\/\/mezutec.nl\/de\/wp-json\/wp\/v2\/types\/product"}],"wp:featuredmedia":[{"embeddable":true,"href":"https:\/\/mezutec.nl\/de\/wp-json\/wp\/v2\/media\/20716"}],"wp:attachment":[{"href":"https:\/\/mezutec.nl\/de\/wp-json\/wp\/v2\/media?parent=21447"}],"wp:term":[{"taxonomy":"product_cat","embeddable":true,"href":"https:\/\/mezutec.nl\/de\/wp-json\/wp\/v2\/product_cat?post=21447"},{"taxonomy":"product_tag","embeddable":true,"href":"https:\/\/mezutec.nl\/de\/wp-json\/wp\/v2\/product_tag?post=21447"}],"curies":[{"name":"wp","href":"https:\/\/api.w.org\/{rel}","templated":true}]}}